{"id":11979,"date":"2026-04-21T17:52:50","date_gmt":"2026-04-21T14:52:50","guid":{"rendered":"https:\/\/xcore.com.tr\/urunler\/product\/dell-ws-precision-t5860_w-2445-rtxa2000-32gb-512g-rtxa2000-win11pro\/"},"modified":"2026-04-21T17:52:50","modified_gmt":"2026-04-21T14:52:50","slug":"dell-ws-precision-t5860_w-2445-rtxa2000-32gb-512g-rtxa2000-win11pro","status":"publish","type":"product","link":"https:\/\/xcore.com.tr\/urunler\/product\/dell-ws-precision-t5860_w-2445-rtxa2000-32gb-512g-rtxa2000-win11pro\/","title":{"rendered":"DELL WS PRECISION T5860_W-2445-RTXA2000 32GB 512G RTXA2000 WIN11PRO"},"content":{"rendered":"<h4>\u00dcr\u00fcn \u00d6zellikleri:<\/h4>\n<ul>\n<li><strong>Optik S\u00fcr\u00fcc\u00fc:<\/strong> 8x DVD+\/-RW<\/li>\n<li><strong>Bellek Kapasitesi:<\/strong> 32 GB<\/li>\n<li><strong>\u0130\u015fletim Sistemi:<\/strong> Windows 11 Pro<\/li>\n<li><strong>\u0130\u015flemci \u00d6zelli\u011fi:<\/strong> Intel Xeon W5-2445 (10 Core) (3.1GHz, 4.4GHz Turbo, 26.25MB)<\/li>\n<li><strong>Ekran Kart\u0131:<\/strong> nVidia RTX A2000 (12GB GDDR6, 192bit, Pro 3D)<\/li>\n<li><strong>Ekran Boyutu:<\/strong> &#8211;<\/li>\n<li><strong>Sabit Disk Kapasitesi:<\/strong> 512GB M.2 PCIe SSD<\/li>\n<li><strong>Ekran Kart\u0131 Kapasitesi:<\/strong> &#8211;<\/li>\n<li><strong>Bellek:<\/strong> 32GB DDR5 4800MHz ECC (2x16GB) (maksimum 512GB)<\/li>\n<li><strong>Garanti:<\/strong> 3 Y\u0131l Dell Garanti<\/li>\n<li><strong>\u0130\u015flemci Tipi:<\/strong> Intel Xeon W5-2445 (10 Core) (3.1GHz, 4.4GHz Turbo, 26.25MB)<\/li>\n<\/ul>\n","protected":false},"excerpt":{"rendered":"<p>\u00dcr\u00fcn \u00d6zellikleri: Optik S\u00fcr\u00fcc\u00fc: 8x DVD+\/-RW Bellek Kapasitesi: 32 GB \u0130\u015fletim Sistemi: Windows 11 Pro \u0130\u015flemci \u00d6zelli\u011fi: Intel Xeon W5-2445 (10 Core) (3.1GHz, 4.4GHz Turbo, 26.25MB) Ekran Kart\u0131: nVidia RTX A2000 (12GB GDDR6, 192bit, Pro 3D) Ekran Boyutu: &#8211; Sabit Disk Kapasitesi: 512GB M.2 PCIe SSD Ekran Kart\u0131 Kapasitesi: &#8211; Bellek: 32GB DDR5 4800MHz ECC [&hellip;]<\/p>\n","protected":false},"featured_media":11980,"comment_status":"open","ping_status":"closed","template":"","meta":{"content-type":""},"product_brand":[],"product_cat":[725],"product_tag":[],"class_list":{"0":"post-11979","1":"product","2":"type-product","3":"status-publish","4":"has-post-thumbnail","6":"product_cat-is-istasyonu-masaustu","8":"first","9":"instock","10":"shipping-taxable","11":"purchasable","12":"product-type-simple"},"_links":{"self":[{"href":"https:\/\/xcore.com.tr\/urunler\/wp-json\/wp\/v2\/product\/11979","targetHints":{"allow":["GET"]}}],"collection":[{"href":"https:\/\/xcore.com.tr\/urunler\/wp-json\/wp\/v2\/product"}],"about":[{"href":"https:\/\/xcore.com.tr\/urunler\/wp-json\/wp\/v2\/types\/product"}],"replies":[{"embeddable":true,"href":"https:\/\/xcore.com.tr\/urunler\/wp-json\/wp\/v2\/comments?post=11979"}],"wp:featuredmedia":[{"embeddable":true,"href":"https:\/\/xcore.com.tr\/urunler\/wp-json\/wp\/v2\/media\/11980"}],"wp:attachment":[{"href":"https:\/\/xcore.com.tr\/urunler\/wp-json\/wp\/v2\/media?parent=11979"}],"wp:term":[{"taxonomy":"product_brand","embeddable":true,"href":"https:\/\/xcore.com.tr\/urunler\/wp-json\/wp\/v2\/product_brand?post=11979"},{"taxonomy":"product_cat","embeddable":true,"href":"https:\/\/xcore.com.tr\/urunler\/wp-json\/wp\/v2\/product_cat?post=11979"},{"taxonomy":"product_tag","embeddable":true,"href":"https:\/\/xcore.com.tr\/urunler\/wp-json\/wp\/v2\/product_tag?post=11979"}],"curies":[{"name":"wp","href":"https:\/\/api.w.org\/{rel}","templated":true}]}}