{"id":11983,"date":"2026-04-21T17:52:51","date_gmt":"2026-04-21T14:52:51","guid":{"rendered":"https:\/\/xcore.com.tr\/urunler\/product\/dell-ws-pro-max-t2-fct2250_4-ultra-7-265-1x32gb-1tb-ssd-12gb-nvidia-geforce-rtx-5070-1500w-w11p-3-yil-yerinde-garanti\/"},"modified":"2026-04-21T17:52:51","modified_gmt":"2026-04-21T14:52:51","slug":"dell-ws-pro-max-t2-fct2250_4-ultra-7-265-1x32gb-1tb-ssd-12gb-nvidia-geforce-rtx-5070-1500w-w11p-3-yil-yerinde-garanti","status":"publish","type":"product","link":"https:\/\/xcore.com.tr\/urunler\/product\/dell-ws-pro-max-t2-fct2250_4-ultra-7-265-1x32gb-1tb-ssd-12gb-nvidia-geforce-rtx-5070-1500w-w11p-3-yil-yerinde-garanti\/","title":{"rendered":"DELL WS PRO MAX T2 FCT2250_4 ULTRA 7 265 1X32GB 1TB SSD 12GB NVIDIA GEFORCE RTX 5070 1500W W11P 3 YIL YER\u0130NDE GARANT\u0130"},"content":{"rendered":"<h4>\u00dcr\u00fcn \u00d6zellikleri:<\/h4>\n<ul>\n<li><strong>Garanti:<\/strong> 3 Y\u0131l Dell Garanti<\/li>\n<li><strong>Ekran Boyutu:<\/strong> &#8211;<\/li>\n<li><strong>Optik S\u00fcr\u00fcc\u00fc:<\/strong> &#8211;<\/li>\n<li><strong>Ekran Kart\u0131 Kapasitesi:<\/strong> 12 GB<\/li>\n<li><strong>Giri\u015f \u00c7\u0131k\u0131\u015flar:<\/strong> <\/li>\n<li><strong>\u0130\u015flemci Tipi:<\/strong> Intel Core Ultra 7 265<\/li>\n<li><strong>Bellek Kapasitesi:<\/strong> 32 GB<\/li>\n<li><strong>Bellek:<\/strong> 32GB: 1 x 32 GB, DDR5, 5600 MT\/s, non-ECC<\/li>\n<li><strong>Sabit Disk:<\/strong> 1TB SSD TLC with DRAM M.2 2280 PCIe Gen4 SED Read<\/li>\n<li><strong>\u0130\u015flemci \u00d6zelli\u011fi:<\/strong> Intel\u00ae Core\u2122 Ultra 7 265 (20 cores, up to 5.3 GHz, 65 W<\/li>\n<li><strong>Ekran Kart\u0131:<\/strong> NVIDIA\u00ae GeForce RTX\u2122 5070 12GB GDDR7 3xDP 1xHDMI<\/li>\n<li><strong>\u0130\u015fletim Sistemi:<\/strong> Windows 11 Pro<\/li>\n<li><strong>A\u00e7\u0131klama:<\/strong> <\/li>\n<li><strong>Sabit Disk Kapasitesi:<\/strong> 1TB SSD<\/li>\n<\/ul>\n","protected":false},"excerpt":{"rendered":"<p>\u00dcr\u00fcn \u00d6zellikleri: Garanti: 3 Y\u0131l Dell Garanti Ekran Boyutu: &#8211; Optik S\u00fcr\u00fcc\u00fc: &#8211; Ekran Kart\u0131 Kapasitesi: 12 GB Giri\u015f \u00c7\u0131k\u0131\u015flar: \u0130\u015flemci Tipi: Intel Core Ultra 7 265 Bellek Kapasitesi: 32 GB Bellek: 32GB: 1 x 32 GB, DDR5, 5600 MT\/s, non-ECC Sabit Disk: 1TB SSD TLC with DRAM M.2 2280 PCIe Gen4 SED Read \u0130\u015flemci [&hellip;]<\/p>\n","protected":false},"featured_media":11984,"comment_status":"open","ping_status":"closed","template":"","meta":{"content-type":""},"product_brand":[],"product_cat":[725],"product_tag":[],"class_list":{"0":"post-11983","1":"product","2":"type-product","3":"status-publish","4":"has-post-thumbnail","6":"product_cat-is-istasyonu-masaustu","8":"first","9":"instock","10":"shipping-taxable","11":"purchasable","12":"product-type-simple"},"_links":{"self":[{"href":"https:\/\/xcore.com.tr\/urunler\/wp-json\/wp\/v2\/product\/11983","targetHints":{"allow":["GET"]}}],"collection":[{"href":"https:\/\/xcore.com.tr\/urunler\/wp-json\/wp\/v2\/product"}],"about":[{"href":"https:\/\/xcore.com.tr\/urunler\/wp-json\/wp\/v2\/types\/product"}],"replies":[{"embeddable":true,"href":"https:\/\/xcore.com.tr\/urunler\/wp-json\/wp\/v2\/comments?post=11983"}],"wp:featuredmedia":[{"embeddable":true,"href":"https:\/\/xcore.com.tr\/urunler\/wp-json\/wp\/v2\/media\/11984"}],"wp:attachment":[{"href":"https:\/\/xcore.com.tr\/urunler\/wp-json\/wp\/v2\/media?parent=11983"}],"wp:term":[{"taxonomy":"product_brand","embeddable":true,"href":"https:\/\/xcore.com.tr\/urunler\/wp-json\/wp\/v2\/product_brand?post=11983"},{"taxonomy":"product_cat","embeddable":true,"href":"https:\/\/xcore.com.tr\/urunler\/wp-json\/wp\/v2\/product_cat?post=11983"},{"taxonomy":"product_tag","embeddable":true,"href":"https:\/\/xcore.com.tr\/urunler\/wp-json\/wp\/v2\/product_tag?post=11983"}],"curies":[{"name":"wp","href":"https:\/\/api.w.org\/{rel}","templated":true}]}}