{"id":11989,"date":"2026-04-21T17:52:54","date_gmt":"2026-04-21T14:52:54","guid":{"rendered":"https:\/\/xcore.com.tr\/urunler\/product\/dell-ws-pro-max-t2-fct2250_1_up-u7-265-1x32gb-1tb-ssd-4gb-a400-win11pro-3-yil-yerinde-garanti\/"},"modified":"2026-04-21T17:52:54","modified_gmt":"2026-04-21T14:52:54","slug":"dell-ws-pro-max-t2-fct2250_1_up-u7-265-1x32gb-1tb-ssd-4gb-a400-win11pro-3-yil-yerinde-garanti","status":"publish","type":"product","link":"https:\/\/xcore.com.tr\/urunler\/product\/dell-ws-pro-max-t2-fct2250_1_up-u7-265-1x32gb-1tb-ssd-4gb-a400-win11pro-3-yil-yerinde-garanti\/","title":{"rendered":"DELL WS PRO MAX T2 FCT2250_1_UP U7 265 1X32GB 1TB SSD 4GB A400 WIN11PRO 3 YIL YER\u0130NDE GARANT\u0130"},"content":{"rendered":"<h4>\u00dcr\u00fcn \u00d6zellikleri:<\/h4>\n<ul>\n<li><strong>\u0130\u015flemci Tipi:<\/strong> Intel Core Ultra 7 265<\/li>\n<li><strong>Ekran Kart\u0131:<\/strong> NVIDIA A400, 4 GB GDDR6, 4 mDP to DP adapters <\/li>\n<li><strong>Ekran Kart\u0131 Kapasitesi:<\/strong> 4 GB<\/li>\n<li><strong>Garanti:<\/strong> 3 Y\u0131l Yerinde Garanti<\/li>\n<li><strong>Sabit Disk Kapasitesi:<\/strong> 1TB SSD<\/li>\n<li><strong>Bellek:<\/strong> 32GB: 1 x 32 GB, DDR5, 5600 MT\/s, non-ECC <\/li>\n<li><strong>Bellek Kapasitesi:<\/strong> 32 GB<\/li>\n<li><strong>Sabit Disk:<\/strong> 1TB SSD TLC with DRAM M.2 2280 PCIe Gen4 SED Ready <\/li>\n<li><strong>A\u00e7\u0131klama:<\/strong> <\/li>\n<li><strong>\u0130\u015flemci \u00d6zelli\u011fi:<\/strong> Intel Core Ultra 7 265 <\/li>\n<li><strong>Optik S\u00fcr\u00fcc\u00fc:<\/strong> &#8211;<\/li>\n<li><strong>Giri\u015f \u00c7\u0131k\u0131\u015flar:<\/strong> <\/li>\n<li><strong>\u0130\u015fletim Sistemi:<\/strong> Windows 11 Pro<\/li>\n<li><strong>Ekran Boyutu:<\/strong> &#8211;<\/li>\n<\/ul>\n","protected":false},"excerpt":{"rendered":"<p>\u00dcr\u00fcn \u00d6zellikleri: \u0130\u015flemci Tipi: Intel Core Ultra 7 265 Ekran Kart\u0131: NVIDIA A400, 4 GB GDDR6, 4 mDP to DP adapters Ekran Kart\u0131 Kapasitesi: 4 GB Garanti: 3 Y\u0131l Yerinde Garanti Sabit Disk Kapasitesi: 1TB SSD Bellek: 32GB: 1 x 32 GB, DDR5, 5600 MT\/s, non-ECC Bellek Kapasitesi: 32 GB Sabit Disk: 1TB SSD TLC [&hellip;]<\/p>\n","protected":false},"featured_media":11990,"comment_status":"open","ping_status":"closed","template":"","meta":{"content-type":""},"product_brand":[],"product_cat":[725],"product_tag":[],"class_list":{"0":"post-11989","1":"product","2":"type-product","3":"status-publish","4":"has-post-thumbnail","6":"product_cat-is-istasyonu-masaustu","8":"first","9":"outofstock","10":"shipping-taxable","11":"purchasable","12":"product-type-simple"},"_links":{"self":[{"href":"https:\/\/xcore.com.tr\/urunler\/wp-json\/wp\/v2\/product\/11989","targetHints":{"allow":["GET"]}}],"collection":[{"href":"https:\/\/xcore.com.tr\/urunler\/wp-json\/wp\/v2\/product"}],"about":[{"href":"https:\/\/xcore.com.tr\/urunler\/wp-json\/wp\/v2\/types\/product"}],"replies":[{"embeddable":true,"href":"https:\/\/xcore.com.tr\/urunler\/wp-json\/wp\/v2\/comments?post=11989"}],"wp:featuredmedia":[{"embeddable":true,"href":"https:\/\/xcore.com.tr\/urunler\/wp-json\/wp\/v2\/media\/11990"}],"wp:attachment":[{"href":"https:\/\/xcore.com.tr\/urunler\/wp-json\/wp\/v2\/media?parent=11989"}],"wp:term":[{"taxonomy":"product_brand","embeddable":true,"href":"https:\/\/xcore.com.tr\/urunler\/wp-json\/wp\/v2\/product_brand?post=11989"},{"taxonomy":"product_cat","embeddable":true,"href":"https:\/\/xcore.com.tr\/urunler\/wp-json\/wp\/v2\/product_cat?post=11989"},{"taxonomy":"product_tag","embeddable":true,"href":"https:\/\/xcore.com.tr\/urunler\/wp-json\/wp\/v2\/product_tag?post=11989"}],"curies":[{"name":"wp","href":"https:\/\/api.w.org\/{rel}","templated":true}]}}