{"id":12001,"date":"2026-04-21T17:53:00","date_gmt":"2026-04-21T14:53:00","guid":{"rendered":"https:\/\/xcore.com.tr\/urunler\/product\/dell-ws-pro-max-t2-fct2250_14-ultra-9-285-2x32gb-1tb-ssd-20gb-nvidia-rtx4000-ada-1500w-w11p-3-yil-yerinde-garanti\/"},"modified":"2026-04-21T17:53:00","modified_gmt":"2026-04-21T14:53:00","slug":"dell-ws-pro-max-t2-fct2250_14-ultra-9-285-2x32gb-1tb-ssd-20gb-nvidia-rtx4000-ada-1500w-w11p-3-yil-yerinde-garanti","status":"publish","type":"product","link":"https:\/\/xcore.com.tr\/urunler\/product\/dell-ws-pro-max-t2-fct2250_14-ultra-9-285-2x32gb-1tb-ssd-20gb-nvidia-rtx4000-ada-1500w-w11p-3-yil-yerinde-garanti\/","title":{"rendered":"DELL WS PRO MAX T2 FCT2250_14 ULTRA 9 285 2X32GB 1TB SSD 20GB NVIDIA RTX4000 ADA 1500W W11P 3 YIL YER\u0130NDE GARANT\u0130"},"content":{"rendered":"<h4>\u00dcr\u00fcn \u00d6zellikleri:<\/h4>\n<ul>\n<li><strong>Ekran Boyutu:<\/strong> &#8211;<\/li>\n<li><strong>Bellek Kapasitesi:<\/strong> 64 GB<\/li>\n<li><strong>Sabit Disk Kapasitesi:<\/strong> 1TB SSD<\/li>\n<li><strong>Bellek:<\/strong> 64GB: 2 x 32 GB, DDR5, 5600 MT\/s, non-ECC &#xD;\n<\/li>\n<li><strong>Optik S\u00fcr\u00fcc\u00fc:<\/strong> &#8211;<\/li>\n<li><strong>Ekran Kart\u0131:<\/strong> NVIDIA RTX 4000 ADA, 20 GB GDDR6, 4 DP &#xD;\n<\/li>\n<li><strong>Ekran Kart\u0131 Kapasitesi:<\/strong> 20GB<\/li>\n<li><strong>\u0130\u015flemci \u00d6zelli\u011fi:<\/strong> Intel Core Ultra 9 285&#xD;\n<\/li>\n<li><strong>Garanti:<\/strong> 3 Y\u0131l Dell Garanti<\/li>\n<li><strong>Giri\u015f \u00c7\u0131k\u0131\u015flar:<\/strong> &quot;1 USB 3.2 Gen 1 (5Gbps) port 1 USB 3.2 Gen 1 (5Gbps) port with PowerShare 1 USB 3.2 Gen 2 (10Gbps) Type-C port 1 USB 3.2 Gen 2&#215;2 (20Gbps) Type-C port with PowerShare 1 Global headset jack2 USB 2.0 (480Mbps) ports with SmartPower<br \/>\n2 USB 3.2 Gen 2 (10Gbps) ports<br \/>\n1 USB 3.2 Gen 2&#215;2 (20Gbps) Type-C port<br \/>\n1 RJ45 (1GbE ) Ethernet port<br \/>\n2 DisplayPort 1.4a HBR3 ports-1 Thunderbolt Port&quot;&#xD;<br \/>\n&#xD;<br \/>\n3 SATA 3.5 inch HDD and 1 SATA ODD \/ 2 M.2 2230\/2280 PCIe Gen4 slots \/ 1 M.2 2230\/2280 PCIe Gen5 slot \/ 1 PEG full-height Gen5 PCIe x16 slot \/ 1 full-height, half-length Gen3 x4 PCIe closed-end slot \/ 1 full-height, full-length Gen4 x4 PCIe open-end slot \/ 1 full-height, full-length Gen3 x4 PCIe open-end slot&#xD;\n<\/li>\n<li><strong>Sabit Disk:<\/strong> 1TB SSD TLC with DRAM M.2 2280 PCIe Gen4 SED Ready &#xD;\n<\/li>\n<li><strong>\u0130\u015fletim Sistemi:<\/strong> Windows 11 Pro<\/li>\n<li><strong>\u0130\u015flemci Tipi:<\/strong> Intel Core Ultra 9 285<\/li>\n<li><strong>A\u00e7\u0131klama:<\/strong> <\/li>\n<\/ul>\n","protected":false},"excerpt":{"rendered":"<p>\u00dcr\u00fcn \u00d6zellikleri: Ekran Boyutu: &#8211; Bellek Kapasitesi: 64 GB Sabit Disk Kapasitesi: 1TB SSD Bellek: 64GB: 2 x 32 GB, DDR5, 5600 MT\/s, non-ECC &#xD; Optik S\u00fcr\u00fcc\u00fc: &#8211; Ekran Kart\u0131: NVIDIA RTX 4000 ADA, 20 GB GDDR6, 4 DP &#xD; Ekran Kart\u0131 Kapasitesi: 20GB \u0130\u015flemci \u00d6zelli\u011fi: Intel Core Ultra 9 285&#xD; Garanti: 3 Y\u0131l Dell [&hellip;]<\/p>\n","protected":false},"featured_media":12002,"comment_status":"open","ping_status":"closed","template":"","meta":{"content-type":""},"product_brand":[],"product_cat":[725],"product_tag":[],"class_list":{"0":"post-12001","1":"product","2":"type-product","3":"status-publish","4":"has-post-thumbnail","6":"product_cat-is-istasyonu-masaustu","8":"first","9":"instock","10":"shipping-taxable","11":"purchasable","12":"product-type-simple"},"_links":{"self":[{"href":"https:\/\/xcore.com.tr\/urunler\/wp-json\/wp\/v2\/product\/12001","targetHints":{"allow":["GET"]}}],"collection":[{"href":"https:\/\/xcore.com.tr\/urunler\/wp-json\/wp\/v2\/product"}],"about":[{"href":"https:\/\/xcore.com.tr\/urunler\/wp-json\/wp\/v2\/types\/product"}],"replies":[{"embeddable":true,"href":"https:\/\/xcore.com.tr\/urunler\/wp-json\/wp\/v2\/comments?post=12001"}],"wp:featuredmedia":[{"embeddable":true,"href":"https:\/\/xcore.com.tr\/urunler\/wp-json\/wp\/v2\/media\/12002"}],"wp:attachment":[{"href":"https:\/\/xcore.com.tr\/urunler\/wp-json\/wp\/v2\/media?parent=12001"}],"wp:term":[{"taxonomy":"product_brand","embeddable":true,"href":"https:\/\/xcore.com.tr\/urunler\/wp-json\/wp\/v2\/product_brand?post=12001"},{"taxonomy":"product_cat","embeddable":true,"href":"https:\/\/xcore.com.tr\/urunler\/wp-json\/wp\/v2\/product_cat?post=12001"},{"taxonomy":"product_tag","embeddable":true,"href":"https:\/\/xcore.com.tr\/urunler\/wp-json\/wp\/v2\/product_tag?post=12001"}],"curies":[{"name":"wp","href":"https:\/\/api.w.org\/{rel}","templated":true}]}}