{"id":12003,"date":"2026-04-21T17:53:01","date_gmt":"2026-04-21T14:53:01","guid":{"rendered":"https:\/\/xcore.com.tr\/urunler\/product\/dell-ws-pro-max-t2-fct2250_12-ultra-9-285-1x32gb-1tb-ssd-20gb-nvidia-rtx4000-ada-1500w-w11p-3-yil-yerinde-garanti\/"},"modified":"2026-04-21T17:53:01","modified_gmt":"2026-04-21T14:53:01","slug":"dell-ws-pro-max-t2-fct2250_12-ultra-9-285-1x32gb-1tb-ssd-20gb-nvidia-rtx4000-ada-1500w-w11p-3-yil-yerinde-garanti","status":"publish","type":"product","link":"https:\/\/xcore.com.tr\/urunler\/product\/dell-ws-pro-max-t2-fct2250_12-ultra-9-285-1x32gb-1tb-ssd-20gb-nvidia-rtx4000-ada-1500w-w11p-3-yil-yerinde-garanti\/","title":{"rendered":"DELL WS PRO MAX T2 FCT2250_12 ULTRA 9 285 1X32GB 1TB SSD 20GB NVIDIA RTX4000 ADA 1500W W11P 3 YIL YER\u0130NDE GARANT\u0130"},"content":{"rendered":"<h4>\u00dcr\u00fcn \u00d6zellikleri:<\/h4>\n<ul><\/ul>\n","protected":false},"excerpt":{"rendered":"<p>\u00dcr\u00fcn \u00d6zellikleri:<\/p>\n","protected":false},"featured_media":12004,"comment_status":"open","ping_status":"closed","template":"","meta":{"content-type":""},"product_brand":[],"product_cat":[725],"product_tag":[],"class_list":{"0":"post-12003","1":"product","2":"type-product","3":"status-publish","4":"has-post-thumbnail","6":"product_cat-is-istasyonu-masaustu","8":"first","9":"instock","10":"shipping-taxable","11":"purchasable","12":"product-type-simple"},"_links":{"self":[{"href":"https:\/\/xcore.com.tr\/urunler\/wp-json\/wp\/v2\/product\/12003","targetHints":{"allow":["GET"]}}],"collection":[{"href":"https:\/\/xcore.com.tr\/urunler\/wp-json\/wp\/v2\/product"}],"about":[{"href":"https:\/\/xcore.com.tr\/urunler\/wp-json\/wp\/v2\/types\/product"}],"replies":[{"embeddable":true,"href":"https:\/\/xcore.com.tr\/urunler\/wp-json\/wp\/v2\/comments?post=12003"}],"wp:featuredmedia":[{"embeddable":true,"href":"https:\/\/xcore.com.tr\/urunler\/wp-json\/wp\/v2\/media\/12004"}],"wp:attachment":[{"href":"https:\/\/xcore.com.tr\/urunler\/wp-json\/wp\/v2\/media?parent=12003"}],"wp:term":[{"taxonomy":"product_brand","embeddable":true,"href":"https:\/\/xcore.com.tr\/urunler\/wp-json\/wp\/v2\/product_brand?post=12003"},{"taxonomy":"product_cat","embeddable":true,"href":"https:\/\/xcore.com.tr\/urunler\/wp-json\/wp\/v2\/product_cat?post=12003"},{"taxonomy":"product_tag","embeddable":true,"href":"https:\/\/xcore.com.tr\/urunler\/wp-json\/wp\/v2\/product_tag?post=12003"}],"curies":[{"name":"wp","href":"https:\/\/api.w.org\/{rel}","templated":true}]}}