{"id":12013,"date":"2026-04-21T17:53:06","date_gmt":"2026-04-21T14:53:06","guid":{"rendered":"https:\/\/xcore.com.tr\/urunler\/product\/hp-ws-a2kl5es-z1-g1i-u7-265-2x16gb-1tb-ssd-rtx-a1000-8gb-win11p-3-yil-yerinde-garanti\/"},"modified":"2026-04-21T17:53:06","modified_gmt":"2026-04-21T14:53:06","slug":"hp-ws-a2kl5es-z1-g1i-u7-265-2x16gb-1tb-ssd-rtx-a1000-8gb-win11p-3-yil-yerinde-garanti","status":"publish","type":"product","link":"https:\/\/xcore.com.tr\/urunler\/product\/hp-ws-a2kl5es-z1-g1i-u7-265-2x16gb-1tb-ssd-rtx-a1000-8gb-win11p-3-yil-yerinde-garanti\/","title":{"rendered":"HP WS A2KL5ES Z1 G1\u0130 U7-265 2X16GB 1TB SSD RTX A1000 8GB WIN11P 3 YIL YER\u0130NDE GARANT\u0130"},"content":{"rendered":"<h4>\u00dcr\u00fcn \u00d6zellikleri:<\/h4>\n<ul>\n<li><strong>Ekran Kart\u0131:<\/strong> RTX A1000 8GB<\/li>\n<li><strong>\u0130\u015flemci Tipi:<\/strong> Intel Core Ultra 7 265<\/li>\n<li><strong>\u0130\u015fletim Sistemi:<\/strong> Windows 11 Pro<\/li>\n<li><strong>Ekran Boyutu:<\/strong> &#8211;<\/li>\n<li><strong>Sabit Disk:<\/strong> <\/li>\n<li><strong>Bellek Kapasitesi:<\/strong> 32 GB<\/li>\n<li><strong>Model Link:<\/strong> <\/li>\n<li><strong>Giri\u015f \u00c7\u0131k\u0131\u015flar:<\/strong> <\/li>\n<li><strong>Garanti:<\/strong> 3 Y\u0131l Yerinde Garanti<\/li>\n<li><strong>\u0130\u015flemci \u00d6zelli\u011fi:<\/strong> <\/li>\n<li><strong>Ekran Kart\u0131 Kapasitesi:<\/strong> 8 GB<\/li>\n<li><strong>A\u00e7\u0131klama:<\/strong> <\/li>\n<li><strong>Optik S\u00fcr\u00fcc\u00fc:<\/strong> Yok<\/li>\n<li><strong>Bellek:<\/strong> <\/li>\n<li><strong>Sabit Disk Kapasitesi:<\/strong> 1TB SSD<\/li>\n<\/ul>\n","protected":false},"excerpt":{"rendered":"<p>\u00dcr\u00fcn \u00d6zellikleri: Ekran Kart\u0131: RTX A1000 8GB \u0130\u015flemci Tipi: Intel Core Ultra 7 265 \u0130\u015fletim Sistemi: Windows 11 Pro Ekran Boyutu: &#8211; Sabit Disk: Bellek Kapasitesi: 32 GB Model Link: Giri\u015f \u00c7\u0131k\u0131\u015flar: Garanti: 3 Y\u0131l Yerinde Garanti \u0130\u015flemci \u00d6zelli\u011fi: Ekran Kart\u0131 Kapasitesi: 8 GB A\u00e7\u0131klama: Optik S\u00fcr\u00fcc\u00fc: Yok Bellek: Sabit Disk Kapasitesi: 1TB SSD<\/p>\n","protected":false},"featured_media":12014,"comment_status":"open","ping_status":"closed","template":"","meta":{"content-type":""},"product_brand":[],"product_cat":[725],"product_tag":[],"class_list":{"0":"post-12013","1":"product","2":"type-product","3":"status-publish","4":"has-post-thumbnail","6":"product_cat-is-istasyonu-masaustu","8":"first","9":"instock","10":"shipping-taxable","11":"purchasable","12":"product-type-simple"},"_links":{"self":[{"href":"https:\/\/xcore.com.tr\/urunler\/wp-json\/wp\/v2\/product\/12013","targetHints":{"allow":["GET"]}}],"collection":[{"href":"https:\/\/xcore.com.tr\/urunler\/wp-json\/wp\/v2\/product"}],"about":[{"href":"https:\/\/xcore.com.tr\/urunler\/wp-json\/wp\/v2\/types\/product"}],"replies":[{"embeddable":true,"href":"https:\/\/xcore.com.tr\/urunler\/wp-json\/wp\/v2\/comments?post=12013"}],"wp:featuredmedia":[{"embeddable":true,"href":"https:\/\/xcore.com.tr\/urunler\/wp-json\/wp\/v2\/media\/12014"}],"wp:attachment":[{"href":"https:\/\/xcore.com.tr\/urunler\/wp-json\/wp\/v2\/media?parent=12013"}],"wp:term":[{"taxonomy":"product_brand","embeddable":true,"href":"https:\/\/xcore.com.tr\/urunler\/wp-json\/wp\/v2\/product_brand?post=12013"},{"taxonomy":"product_cat","embeddable":true,"href":"https:\/\/xcore.com.tr\/urunler\/wp-json\/wp\/v2\/product_cat?post=12013"},{"taxonomy":"product_tag","embeddable":true,"href":"https:\/\/xcore.com.tr\/urunler\/wp-json\/wp\/v2\/product_tag?post=12013"}],"curies":[{"name":"wp","href":"https:\/\/api.w.org\/{rel}","templated":true}]}}