{"id":12017,"date":"2026-04-21T17:53:08","date_gmt":"2026-04-21T14:53:08","guid":{"rendered":"https:\/\/xcore.com.tr\/urunler\/product\/hp-ws-cu0j1es-z2-g1i-u7-265k-32gb-1x32gb-1tb-ssd-intel-graphics-w11pro-3-yil-yerinde-garanti\/"},"modified":"2026-04-21T17:53:08","modified_gmt":"2026-04-21T14:53:08","slug":"hp-ws-cu0j1es-z2-g1i-u7-265k-32gb-1x32gb-1tb-ssd-intel-graphics-w11pro-3-yil-yerinde-garanti","status":"publish","type":"product","link":"https:\/\/xcore.com.tr\/urunler\/product\/hp-ws-cu0j1es-z2-g1i-u7-265k-32gb-1x32gb-1tb-ssd-intel-graphics-w11pro-3-yil-yerinde-garanti\/","title":{"rendered":"HP WS CU0J1ES Z2 G1\u0130 U7-265K 32GB (1X32GB) 1TB SSD INTEL GRAPHICS W11PRO 3 YIL YER\u0130NDE GARANT\u0130"},"content":{"rendered":"<h4>\u00dcr\u00fcn \u00d6zellikleri:<\/h4>\n<ul>\n<li><strong>Garanti:<\/strong> 3 Y\u0131l Yerinde Garanti<\/li>\n<li><strong>\u0130\u015fletim Sistemi:<\/strong> Windows 11 Pro<\/li>\n<li><strong>\u0130\u015flemci Tipi:<\/strong> Intel Core Ultra 7 265K<\/li>\n<li><strong>Ekran Kart\u0131 Kapasitesi:<\/strong> YOK<\/li>\n<li><strong>Bellek Kapasitesi:<\/strong> 32 GB<\/li>\n<li><strong>Bellek:<\/strong> <\/li>\n<li><strong>Optik S\u00fcr\u00fcc\u00fc:<\/strong> &#8211;<\/li>\n<li><strong>Ekran Boyutu:<\/strong> &#8211;<\/li>\n<li><strong>Sabit Disk:<\/strong> <\/li>\n<li><strong>Giri\u015f \u00c7\u0131k\u0131\u015flar:<\/strong> <\/li>\n<li><strong>Ekran Kart\u0131:<\/strong> <\/li>\n<li><strong>A\u00e7\u0131klama:<\/strong> <\/li>\n<li><strong>Sabit Disk Kapasitesi:<\/strong> 1TB SSD<\/li>\n<li><strong>\u0130\u015flemci \u00d6zelli\u011fi:<\/strong> <\/li>\n<\/ul>\n","protected":false},"excerpt":{"rendered":"<p>\u00dcr\u00fcn \u00d6zellikleri: Garanti: 3 Y\u0131l Yerinde Garanti \u0130\u015fletim Sistemi: Windows 11 Pro \u0130\u015flemci Tipi: Intel Core Ultra 7 265K Ekran Kart\u0131 Kapasitesi: YOK Bellek Kapasitesi: 32 GB Bellek: Optik S\u00fcr\u00fcc\u00fc: &#8211; Ekran Boyutu: &#8211; Sabit Disk: Giri\u015f \u00c7\u0131k\u0131\u015flar: Ekran Kart\u0131: A\u00e7\u0131klama: Sabit Disk Kapasitesi: 1TB SSD \u0130\u015flemci \u00d6zelli\u011fi:<\/p>\n","protected":false},"featured_media":12018,"comment_status":"open","ping_status":"closed","template":"","meta":{"content-type":""},"product_brand":[],"product_cat":[725],"product_tag":[],"class_list":{"0":"post-12017","1":"product","2":"type-product","3":"status-publish","4":"has-post-thumbnail","6":"product_cat-is-istasyonu-masaustu","8":"first","9":"instock","10":"shipping-taxable","11":"purchasable","12":"product-type-simple"},"_links":{"self":[{"href":"https:\/\/xcore.com.tr\/urunler\/wp-json\/wp\/v2\/product\/12017","targetHints":{"allow":["GET"]}}],"collection":[{"href":"https:\/\/xcore.com.tr\/urunler\/wp-json\/wp\/v2\/product"}],"about":[{"href":"https:\/\/xcore.com.tr\/urunler\/wp-json\/wp\/v2\/types\/product"}],"replies":[{"embeddable":true,"href":"https:\/\/xcore.com.tr\/urunler\/wp-json\/wp\/v2\/comments?post=12017"}],"wp:featuredmedia":[{"embeddable":true,"href":"https:\/\/xcore.com.tr\/urunler\/wp-json\/wp\/v2\/media\/12018"}],"wp:attachment":[{"href":"https:\/\/xcore.com.tr\/urunler\/wp-json\/wp\/v2\/media?parent=12017"}],"wp:term":[{"taxonomy":"product_brand","embeddable":true,"href":"https:\/\/xcore.com.tr\/urunler\/wp-json\/wp\/v2\/product_brand?post=12017"},{"taxonomy":"product_cat","embeddable":true,"href":"https:\/\/xcore.com.tr\/urunler\/wp-json\/wp\/v2\/product_cat?post=12017"},{"taxonomy":"product_tag","embeddable":true,"href":"https:\/\/xcore.com.tr\/urunler\/wp-json\/wp\/v2\/product_tag?post=12017"}],"curies":[{"name":"wp","href":"https:\/\/api.w.org\/{rel}","templated":true}]}}