{"id":12023,"date":"2026-04-21T17:53:11","date_gmt":"2026-04-21T14:53:11","guid":{"rendered":"https:\/\/xcore.com.tr\/urunler\/product\/hp-ws-b34jfes-z2-g1i-u9-285k-32gb-1tb-ssd-nvidia-rtx-4000-ada-20-gb-win11pro-5-yil-yerinde-garanti\/"},"modified":"2026-04-21T17:53:11","modified_gmt":"2026-04-21T14:53:11","slug":"hp-ws-b34jfes-z2-g1i-u9-285k-32gb-1tb-ssd-nvidia-rtx-4000-ada-20-gb-win11pro-5-yil-yerinde-garanti","status":"publish","type":"product","link":"https:\/\/xcore.com.tr\/urunler\/product\/hp-ws-b34jfes-z2-g1i-u9-285k-32gb-1tb-ssd-nvidia-rtx-4000-ada-20-gb-win11pro-5-yil-yerinde-garanti\/","title":{"rendered":"HP WS B34JFES Z2 G1\u0130 U9-285K 32GB 1TB SSD NVIDIA RTX 4000 ADA 20 GB WIN11PRO 5 YIL YER\u0130NDE GARANT\u0130"},"content":{"rendered":"<h4>\u00dcr\u00fcn \u00d6zellikleri:<\/h4>\n<ul><\/ul>\n","protected":false},"excerpt":{"rendered":"<p>\u00dcr\u00fcn \u00d6zellikleri:<\/p>\n","protected":false},"featured_media":12024,"comment_status":"open","ping_status":"closed","template":"","meta":{"content-type":""},"product_brand":[],"product_cat":[725],"product_tag":[],"class_list":{"0":"post-12023","1":"product","2":"type-product","3":"status-publish","4":"has-post-thumbnail","6":"product_cat-is-istasyonu-masaustu","8":"first","9":"instock","10":"shipping-taxable","11":"purchasable","12":"product-type-simple"},"_links":{"self":[{"href":"https:\/\/xcore.com.tr\/urunler\/wp-json\/wp\/v2\/product\/12023","targetHints":{"allow":["GET"]}}],"collection":[{"href":"https:\/\/xcore.com.tr\/urunler\/wp-json\/wp\/v2\/product"}],"about":[{"href":"https:\/\/xcore.com.tr\/urunler\/wp-json\/wp\/v2\/types\/product"}],"replies":[{"embeddable":true,"href":"https:\/\/xcore.com.tr\/urunler\/wp-json\/wp\/v2\/comments?post=12023"}],"wp:featuredmedia":[{"embeddable":true,"href":"https:\/\/xcore.com.tr\/urunler\/wp-json\/wp\/v2\/media\/12024"}],"wp:attachment":[{"href":"https:\/\/xcore.com.tr\/urunler\/wp-json\/wp\/v2\/media?parent=12023"}],"wp:term":[{"taxonomy":"product_brand","embeddable":true,"href":"https:\/\/xcore.com.tr\/urunler\/wp-json\/wp\/v2\/product_brand?post=12023"},{"taxonomy":"product_cat","embeddable":true,"href":"https:\/\/xcore.com.tr\/urunler\/wp-json\/wp\/v2\/product_cat?post=12023"},{"taxonomy":"product_tag","embeddable":true,"href":"https:\/\/xcore.com.tr\/urunler\/wp-json\/wp\/v2\/product_tag?post=12023"}],"curies":[{"name":"wp","href":"https:\/\/api.w.org\/{rel}","templated":true}]}}