{"id":12025,"date":"2026-04-21T17:53:12","date_gmt":"2026-04-21T14:53:12","guid":{"rendered":"https:\/\/xcore.com.tr\/urunler\/product\/hp-ws-b34jges-z1-g1i-u7-265k-1x32gb-1tb-ssd-rtx-5070-12gb-win11pro-5-yil-yerinde-garanti\/"},"modified":"2026-04-21T17:53:12","modified_gmt":"2026-04-21T14:53:12","slug":"hp-ws-b34jges-z1-g1i-u7-265k-1x32gb-1tb-ssd-rtx-5070-12gb-win11pro-5-yil-yerinde-garanti","status":"publish","type":"product","link":"https:\/\/xcore.com.tr\/urunler\/product\/hp-ws-b34jges-z1-g1i-u7-265k-1x32gb-1tb-ssd-rtx-5070-12gb-win11pro-5-yil-yerinde-garanti\/","title":{"rendered":"HP WS B34JGES Z1 G1\u0130 U7-265K 1X32GB 1TB SSD RTX 5070 12GB WIN11PRO 5 YIL YER\u0130NDE GARANT\u0130"},"content":{"rendered":"<h4>\u00dcr\u00fcn \u00d6zellikleri:<\/h4>\n<ul>\n<li><strong>Bellek:<\/strong> RAM 32GB (1x32GB) DDR5 5600 NECC&#xD;\n<\/li>\n<li><strong>Ekran Boyutu:<\/strong> &#8211;<\/li>\n<li><strong>\u0130\u015fletim Sistemi:<\/strong> Windows 11 Pro<\/li>\n<li><strong>Bellek Kapasitesi:<\/strong> 32 GB<\/li>\n<li><strong>Optik S\u00fcr\u00fcc\u00fc:<\/strong> ODD 9.5 SM DVDRW Ultra Slim Tray<\/li>\n<li><strong>Ekran Kart\u0131 Kapasitesi:<\/strong> 12 GB<\/li>\n<li><strong>Sabit Disk Kapasitesi:<\/strong> 1TB SSD<\/li>\n<li><strong>\u0130\u015flemci Tipi:<\/strong> Intel Core Ultra 7 265K<\/li>\n<li><strong>\u0130\u015flemci \u00d6zelli\u011fi:<\/strong> U7 265K vProEn 5.50 20C 125W&#xD;\n<\/li>\n<li><strong>Garanti:<\/strong> 5 Y\u0131l Yerinde Garanti<\/li>\n<li><strong>Giri\u015f \u00c7\u0131k\u0131\u015flar:<\/strong> ODD 9.5 SM DVDRW Ultra Slim Tray&#xD;\n<\/li>\n<li><strong>Ekran Kart\u0131:<\/strong> GFX SPL NVIDIA GeF RTX 5070 12GB GDDR7FH&#xD;\n<\/li>\n<li><strong>Sabit Disk:<\/strong> SSD HP 1TB 2280 PCIe-4&#215;4 Val M.2&#xD;\n<\/li>\n<\/ul>\n","protected":false},"excerpt":{"rendered":"<p>\u00dcr\u00fcn \u00d6zellikleri: Bellek: RAM 32GB (1x32GB) DDR5 5600 NECC&#xD; Ekran Boyutu: &#8211; \u0130\u015fletim Sistemi: Windows 11 Pro Bellek Kapasitesi: 32 GB Optik S\u00fcr\u00fcc\u00fc: ODD 9.5 SM DVDRW Ultra Slim Tray Ekran Kart\u0131 Kapasitesi: 12 GB Sabit Disk Kapasitesi: 1TB SSD \u0130\u015flemci Tipi: Intel Core Ultra 7 265K \u0130\u015flemci \u00d6zelli\u011fi: U7 265K vProEn 5.50 20C 125W&#xD; [&hellip;]<\/p>\n","protected":false},"featured_media":12026,"comment_status":"open","ping_status":"closed","template":"","meta":{"content-type":""},"product_brand":[],"product_cat":[725],"product_tag":[],"class_list":{"0":"post-12025","1":"product","2":"type-product","3":"status-publish","4":"has-post-thumbnail","6":"product_cat-is-istasyonu-masaustu","8":"first","9":"instock","10":"shipping-taxable","11":"purchasable","12":"product-type-simple"},"_links":{"self":[{"href":"https:\/\/xcore.com.tr\/urunler\/wp-json\/wp\/v2\/product\/12025","targetHints":{"allow":["GET"]}}],"collection":[{"href":"https:\/\/xcore.com.tr\/urunler\/wp-json\/wp\/v2\/product"}],"about":[{"href":"https:\/\/xcore.com.tr\/urunler\/wp-json\/wp\/v2\/types\/product"}],"replies":[{"embeddable":true,"href":"https:\/\/xcore.com.tr\/urunler\/wp-json\/wp\/v2\/comments?post=12025"}],"wp:featuredmedia":[{"embeddable":true,"href":"https:\/\/xcore.com.tr\/urunler\/wp-json\/wp\/v2\/media\/12026"}],"wp:attachment":[{"href":"https:\/\/xcore.com.tr\/urunler\/wp-json\/wp\/v2\/media?parent=12025"}],"wp:term":[{"taxonomy":"product_brand","embeddable":true,"href":"https:\/\/xcore.com.tr\/urunler\/wp-json\/wp\/v2\/product_brand?post=12025"},{"taxonomy":"product_cat","embeddable":true,"href":"https:\/\/xcore.com.tr\/urunler\/wp-json\/wp\/v2\/product_cat?post=12025"},{"taxonomy":"product_tag","embeddable":true,"href":"https:\/\/xcore.com.tr\/urunler\/wp-json\/wp\/v2\/product_tag?post=12025"}],"curies":[{"name":"wp","href":"https:\/\/api.w.org\/{rel}","templated":true}]}}