{"id":12029,"date":"2026-04-21T17:53:14","date_gmt":"2026-04-21T14:53:14","guid":{"rendered":"https:\/\/xcore.com.tr\/urunler\/product\/lenovo-thinkstation-30ht006qtr-p3-twr-g2-u9-285k-1x32g-1x1tb-ssd-nvidia-rtx4000-20gb-w11p-3-yil-yerinde-garanti\/"},"modified":"2026-04-21T17:53:14","modified_gmt":"2026-04-21T14:53:14","slug":"lenovo-thinkstation-30ht006qtr-p3-twr-g2-u9-285k-1x32g-1x1tb-ssd-nvidia-rtx4000-20gb-w11p-3-yil-yerinde-garanti","status":"publish","type":"product","link":"https:\/\/xcore.com.tr\/urunler\/product\/lenovo-thinkstation-30ht006qtr-p3-twr-g2-u9-285k-1x32g-1x1tb-ssd-nvidia-rtx4000-20gb-w11p-3-yil-yerinde-garanti\/","title":{"rendered":"LENOVO THINKSTATION 30HT006QTR P3 TWR G2 U9 285K 1X32G 1X1TB SSD NVIDIA RTX4000 20GB W11P 3 YIL YER\u0130NDE GARANT\u0130"},"content":{"rendered":"<h4>\u00dcr\u00fcn \u00d6zellikleri:<\/h4>\n<ul>\n<li><strong>Ekran Kart\u0131 Kapasitesi:<\/strong> 20 GB<\/li>\n<li><strong>Bellek:<\/strong> 1x 32GB UDIMM DDR5-5600 Non-ECC<\/li>\n<li><strong>Bellek Kapasitesi:<\/strong> 32 GB<\/li>\n<li><strong>Model Dosya:<\/strong> <\/li>\n<li><strong>Sabit Disk Kapasitesi:<\/strong> 1TB SSD<\/li>\n<li><strong>Ekran Kart\u0131:<\/strong> 1x NVIDIA\u00ae RTX 4000 Ada Generation 20GB<\/li>\n<li><strong>\u0130\u015fletim Sistemi:<\/strong> Windows 11 Pro<\/li>\n<li><strong>Garanti:<\/strong> 3 Y\u0131l Yerinde Garanti<\/li>\n<li><strong>Model Link:<\/strong> <\/li>\n<li><strong>\u0130\u015flemci \u00d6zelli\u011fi:<\/strong> Intel\u00ae Core Ultra 9 285K, 24C (8P + 16E) \/ 24T, Max Turbo up to 5.7GHz, 36MB Intel Smart Cache<\/li>\n<li><strong>A\u00e7\u0131klama:<\/strong> <\/li>\n<li><strong>Giri\u015f \u00c7\u0131k\u0131\u015flar:<\/strong> 1x USB-C\u00ae (USB 20Gbps \/ USB 3.2 Gen 2&#215;2), data transfer only&#xD;<br \/>\n2x USB-A (USB 5Gbps \/ USB 3.2 Gen 1)&#xD;<br \/>\n2x USB-A (USB 10Gbps \/ USB 3.2 Gen 2)&#xD;<br \/>\n1x headphone \/ microphone combo jack (3.5mm)&#xD;<br \/>\n1x microphone (3.5mm)&#xD;<br \/>\n2x USB-A (Hi-Speed USB \/ USB 2.0)&#xD;<br \/>\n2x USB-A (USB 5Gbps \/ USB 3.2 Gen 1), one supports Smart Power On&#xD;<br \/>\n1x HDMI\u00ae 2.1 TMDS&#xD;<br \/>\n2x DisplayPort\u2122 1.4&#xD;<br \/>\n1x Ethernet (GbE RJ-45)&#xD;<br \/>\n1x line-out (3.5mm)<\/li>\n<li><strong>Ekran Boyutu:<\/strong> &#8211;<\/li>\n<li><strong>Optik S\u00fcr\u00fcc\u00fc:<\/strong> &#8211;<\/li>\n<li><strong>\u0130\u015flemci Tipi:<\/strong> Intel Core Ultra 9 285K<\/li>\n<li><strong>Sabit Disk:<\/strong> 1x 1TB SSD M.2 2280 PCIe\u00ae 4.0&#215;4 Performance NVMe\u00ae Opal<\/li>\n<\/ul>\n","protected":false},"excerpt":{"rendered":"<p>\u00dcr\u00fcn \u00d6zellikleri: Ekran Kart\u0131 Kapasitesi: 20 GB Bellek: 1x 32GB UDIMM DDR5-5600 Non-ECC Bellek Kapasitesi: 32 GB Model Dosya: Sabit Disk Kapasitesi: 1TB SSD Ekran Kart\u0131: 1x NVIDIA\u00ae RTX 4000 Ada Generation 20GB \u0130\u015fletim Sistemi: Windows 11 Pro Garanti: 3 Y\u0131l Yerinde Garanti Model Link: \u0130\u015flemci \u00d6zelli\u011fi: Intel\u00ae Core Ultra 9 285K, 24C (8P + [&hellip;]<\/p>\n","protected":false},"featured_media":12030,"comment_status":"open","ping_status":"closed","template":"","meta":{"content-type":""},"product_brand":[],"product_cat":[725],"product_tag":[],"class_list":{"0":"post-12029","1":"product","2":"type-product","3":"status-publish","4":"has-post-thumbnail","6":"product_cat-is-istasyonu-masaustu","8":"first","9":"outofstock","10":"shipping-taxable","11":"purchasable","12":"product-type-simple"},"_links":{"self":[{"href":"https:\/\/xcore.com.tr\/urunler\/wp-json\/wp\/v2\/product\/12029","targetHints":{"allow":["GET"]}}],"collection":[{"href":"https:\/\/xcore.com.tr\/urunler\/wp-json\/wp\/v2\/product"}],"about":[{"href":"https:\/\/xcore.com.tr\/urunler\/wp-json\/wp\/v2\/types\/product"}],"replies":[{"embeddable":true,"href":"https:\/\/xcore.com.tr\/urunler\/wp-json\/wp\/v2\/comments?post=12029"}],"wp:featuredmedia":[{"embeddable":true,"href":"https:\/\/xcore.com.tr\/urunler\/wp-json\/wp\/v2\/media\/12030"}],"wp:attachment":[{"href":"https:\/\/xcore.com.tr\/urunler\/wp-json\/wp\/v2\/media?parent=12029"}],"wp:term":[{"taxonomy":"product_brand","embeddable":true,"href":"https:\/\/xcore.com.tr\/urunler\/wp-json\/wp\/v2\/product_brand?post=12029"},{"taxonomy":"product_cat","embeddable":true,"href":"https:\/\/xcore.com.tr\/urunler\/wp-json\/wp\/v2\/product_cat?post=12029"},{"taxonomy":"product_tag","embeddable":true,"href":"https:\/\/xcore.com.tr\/urunler\/wp-json\/wp\/v2\/product_tag?post=12029"}],"curies":[{"name":"wp","href":"https:\/\/api.w.org\/{rel}","templated":true}]}}