{"id":12031,"date":"2026-04-21T17:53:15","date_gmt":"2026-04-21T14:53:15","guid":{"rendered":"https:\/\/xcore.com.tr\/urunler\/product\/lenovo-thinkstation-p2-30jq003ntr-ultra7-265k-1x32gb-1x1tb-ssd-nvidia-rtx2000-ada-16gb-w11-pro-3-yil-yerinde-garanti\/"},"modified":"2026-04-21T17:53:15","modified_gmt":"2026-04-21T14:53:15","slug":"lenovo-thinkstation-p2-30jq003ntr-ultra7-265k-1x32gb-1x1tb-ssd-nvidia-rtx2000-ada-16gb-w11-pro-3-yil-yerinde-garanti","status":"publish","type":"product","link":"https:\/\/xcore.com.tr\/urunler\/product\/lenovo-thinkstation-p2-30jq003ntr-ultra7-265k-1x32gb-1x1tb-ssd-nvidia-rtx2000-ada-16gb-w11-pro-3-yil-yerinde-garanti\/","title":{"rendered":"LENOVO THINKSTATION P2 30JQ003NTR ULTRA7 265K 1X32GB 1X1TB SSD NVIDIA RTX2000 ADA 16GB W11 PRO 3 YIL YER\u0130NDE GARANT\u0130"},"content":{"rendered":"<h4>\u00dcr\u00fcn \u00d6zellikleri:<\/h4>\n<ul><\/ul>\n","protected":false},"excerpt":{"rendered":"<p>\u00dcr\u00fcn \u00d6zellikleri:<\/p>\n","protected":false},"featured_media":0,"comment_status":"open","ping_status":"closed","template":"","meta":{"content-type":""},"product_brand":[],"product_cat":[725],"product_tag":[],"class_list":{"0":"post-12031","1":"product","2":"type-product","3":"status-publish","5":"product_cat-is-istasyonu-masaustu","7":"first","8":"outofstock","9":"shipping-taxable","10":"purchasable","11":"product-type-simple"},"_links":{"self":[{"href":"https:\/\/xcore.com.tr\/urunler\/wp-json\/wp\/v2\/product\/12031","targetHints":{"allow":["GET"]}}],"collection":[{"href":"https:\/\/xcore.com.tr\/urunler\/wp-json\/wp\/v2\/product"}],"about":[{"href":"https:\/\/xcore.com.tr\/urunler\/wp-json\/wp\/v2\/types\/product"}],"replies":[{"embeddable":true,"href":"https:\/\/xcore.com.tr\/urunler\/wp-json\/wp\/v2\/comments?post=12031"}],"wp:attachment":[{"href":"https:\/\/xcore.com.tr\/urunler\/wp-json\/wp\/v2\/media?parent=12031"}],"wp:term":[{"taxonomy":"product_brand","embeddable":true,"href":"https:\/\/xcore.com.tr\/urunler\/wp-json\/wp\/v2\/product_brand?post=12031"},{"taxonomy":"product_cat","embeddable":true,"href":"https:\/\/xcore.com.tr\/urunler\/wp-json\/wp\/v2\/product_cat?post=12031"},{"taxonomy":"product_tag","embeddable":true,"href":"https:\/\/xcore.com.tr\/urunler\/wp-json\/wp\/v2\/product_tag?post=12031"}],"curies":[{"name":"wp","href":"https:\/\/api.w.org\/{rel}","templated":true}]}}