{"id":12032,"date":"2026-04-21T17:53:15","date_gmt":"2026-04-21T14:53:15","guid":{"rendered":"https:\/\/xcore.com.tr\/urunler\/product\/lenovo-30eq0235tx-ws-p348-i7-11700-8c-16gb-512gb-ssd-t400-4gb-500w-psu-w11pro\/"},"modified":"2026-04-21T17:53:15","modified_gmt":"2026-04-21T14:53:15","slug":"lenovo-30eq0235tx-ws-p348-i7-11700-8c-16gb-512gb-ssd-t400-4gb-500w-psu-w11pro","status":"publish","type":"product","link":"https:\/\/xcore.com.tr\/urunler\/product\/lenovo-30eq0235tx-ws-p348-i7-11700-8c-16gb-512gb-ssd-t400-4gb-500w-psu-w11pro\/","title":{"rendered":"LENOVO 30EQ0235TX WS P348 i7-11700 8C 16GB 512GB SSD T400 4GB 500W PSU W11PRO"},"content":{"rendered":"<h4>\u00dcr\u00fcn \u00d6zellikleri:<\/h4>\n<ul><\/ul>\n","protected":false},"excerpt":{"rendered":"<p>\u00dcr\u00fcn \u00d6zellikleri:<\/p>\n","protected":false},"featured_media":12033,"comment_status":"open","ping_status":"closed","template":"","meta":{"content-type":""},"product_brand":[],"product_cat":[725],"product_tag":[],"class_list":{"0":"post-12032","1":"product","2":"type-product","3":"status-publish","4":"has-post-thumbnail","6":"product_cat-is-istasyonu-masaustu","8":"first","9":"instock","10":"shipping-taxable","11":"purchasable","12":"product-type-simple"},"_links":{"self":[{"href":"https:\/\/xcore.com.tr\/urunler\/wp-json\/wp\/v2\/product\/12032","targetHints":{"allow":["GET"]}}],"collection":[{"href":"https:\/\/xcore.com.tr\/urunler\/wp-json\/wp\/v2\/product"}],"about":[{"href":"https:\/\/xcore.com.tr\/urunler\/wp-json\/wp\/v2\/types\/product"}],"replies":[{"embeddable":true,"href":"https:\/\/xcore.com.tr\/urunler\/wp-json\/wp\/v2\/comments?post=12032"}],"wp:featuredmedia":[{"embeddable":true,"href":"https:\/\/xcore.com.tr\/urunler\/wp-json\/wp\/v2\/media\/12033"}],"wp:attachment":[{"href":"https:\/\/xcore.com.tr\/urunler\/wp-json\/wp\/v2\/media?parent=12032"}],"wp:term":[{"taxonomy":"product_brand","embeddable":true,"href":"https:\/\/xcore.com.tr\/urunler\/wp-json\/wp\/v2\/product_brand?post=12032"},{"taxonomy":"product_cat","embeddable":true,"href":"https:\/\/xcore.com.tr\/urunler\/wp-json\/wp\/v2\/product_cat?post=12032"},{"taxonomy":"product_tag","embeddable":true,"href":"https:\/\/xcore.com.tr\/urunler\/wp-json\/wp\/v2\/product_tag?post=12032"}],"curies":[{"name":"wp","href":"https:\/\/api.w.org\/{rel}","templated":true}]}}