{"id":12034,"date":"2026-04-21T17:53:16","date_gmt":"2026-04-21T14:53:16","guid":{"rendered":"https:\/\/xcore.com.tr\/urunler\/product\/lenovo-30e3s0h800-ws-p350-i7-11700-8c-2-5ghz-1x16gb-256gb-ssd-1tb-hdd-nvidia-t600-4gb-750w-w11pro\/"},"modified":"2026-04-21T17:53:16","modified_gmt":"2026-04-21T14:53:16","slug":"lenovo-30e3s0h800-ws-p350-i7-11700-8c-2-5ghz-1x16gb-256gb-ssd-1tb-hdd-nvidia-t600-4gb-750w-w11pro","status":"publish","type":"product","link":"https:\/\/xcore.com.tr\/urunler\/product\/lenovo-30e3s0h800-ws-p350-i7-11700-8c-2-5ghz-1x16gb-256gb-ssd-1tb-hdd-nvidia-t600-4gb-750w-w11pro\/","title":{"rendered":"LENOVO 30E3S0H800 WS P350 i7-11700 8C 2.5GHz 1x16GB 256GB SSD 1TB HDD NVIDIA T600 4GB 750W W11PRO"},"content":{"rendered":"<h4>\u00dcr\u00fcn \u00d6zellikleri:<\/h4>\n<ul><\/ul>\n","protected":false},"excerpt":{"rendered":"<p>\u00dcr\u00fcn \u00d6zellikleri:<\/p>\n","protected":false},"featured_media":12035,"comment_status":"open","ping_status":"closed","template":"","meta":{"content-type":""},"product_brand":[],"product_cat":[725],"product_tag":[],"class_list":{"0":"post-12034","1":"product","2":"type-product","3":"status-publish","4":"has-post-thumbnail","6":"product_cat-is-istasyonu-masaustu","8":"first","9":"instock","10":"shipping-taxable","11":"purchasable","12":"product-type-simple"},"_links":{"self":[{"href":"https:\/\/xcore.com.tr\/urunler\/wp-json\/wp\/v2\/product\/12034","targetHints":{"allow":["GET"]}}],"collection":[{"href":"https:\/\/xcore.com.tr\/urunler\/wp-json\/wp\/v2\/product"}],"about":[{"href":"https:\/\/xcore.com.tr\/urunler\/wp-json\/wp\/v2\/types\/product"}],"replies":[{"embeddable":true,"href":"https:\/\/xcore.com.tr\/urunler\/wp-json\/wp\/v2\/comments?post=12034"}],"wp:featuredmedia":[{"embeddable":true,"href":"https:\/\/xcore.com.tr\/urunler\/wp-json\/wp\/v2\/media\/12035"}],"wp:attachment":[{"href":"https:\/\/xcore.com.tr\/urunler\/wp-json\/wp\/v2\/media?parent=12034"}],"wp:term":[{"taxonomy":"product_brand","embeddable":true,"href":"https:\/\/xcore.com.tr\/urunler\/wp-json\/wp\/v2\/product_brand?post=12034"},{"taxonomy":"product_cat","embeddable":true,"href":"https:\/\/xcore.com.tr\/urunler\/wp-json\/wp\/v2\/product_cat?post=12034"},{"taxonomy":"product_tag","embeddable":true,"href":"https:\/\/xcore.com.tr\/urunler\/wp-json\/wp\/v2\/product_tag?post=12034"}],"curies":[{"name":"wp","href":"https:\/\/api.w.org\/{rel}","templated":true}]}}