{"id":12136,"date":"2026-04-21T17:54:05","date_gmt":"2026-04-21T14:54:05","guid":{"rendered":"https:\/\/xcore.com.tr\/urunler\/product\/dell-ws-m7780-xctop7780emea_vp-2-i9-13950hx-2x16gb-512ssd-16gb-rtx-5000a-w11pro\/"},"modified":"2026-04-21T17:54:05","modified_gmt":"2026-04-21T14:54:05","slug":"dell-ws-m7780-xctop7780emea_vp-2-i9-13950hx-2x16gb-512ssd-16gb-rtx-5000a-w11pro","status":"publish","type":"product","link":"https:\/\/xcore.com.tr\/urunler\/product\/dell-ws-m7780-xctop7780emea_vp-2-i9-13950hx-2x16gb-512ssd-16gb-rtx-5000a-w11pro\/","title":{"rendered":"DELL WS M7780 XCTOP7780EMEA_VP-2 I9-13950HX 2X16GB 512SSD 16GB RTX 5000A W11PRO"},"content":{"rendered":"<h4>\u00dcr\u00fcn \u00d6zellikleri:<\/h4>\n<ul>\n<li><strong>Bellek Kapasitesi:<\/strong> 32 GB<\/li>\n<li><strong>\u0130\u015flemci \u00d6zelli\u011fi:<\/strong> Intel Core i9-13950HX, 36MB Cache, 32 Threads, 24 Cores (8P+16E) up to 5.5GHz, 55w, vPro&#xD;\n<\/li>\n<li><strong>Ekran Kart\u0131:<\/strong> NVIDIA RTX\u2122 5000 Ada 16GB GDDR6&#xD;\n<\/li>\n<li><strong>Optik S\u00fcr\u00fcc\u00fc:<\/strong> &#8211;<\/li>\n<li><strong>Sabit Disk:<\/strong> 512GB M.2 PCIe NVMe Gen 4 2280 SSD&#xD;\n<\/li>\n<li><strong>\u0130\u015fletim Sistemi:<\/strong> Yok<\/li>\n<li><strong>Ekran Kart\u0131 Kapasitesi:<\/strong> 16 GB<\/li>\n<li><strong>Garanti:<\/strong> 3 Y\u0131l Dell Garanti<\/li>\n<li><strong>\u0130\u015flemci Tipi:<\/strong> Intel I9<\/li>\n<li><strong>Bellek:<\/strong> 32GB, 2x16GB 5600MT\/s SODIMM, non-ECC&#xD;\n<\/li>\n<li><strong>Sabit Disk Kapasitesi:<\/strong> 512GB SSD<\/li>\n<\/ul>\n","protected":false},"excerpt":{"rendered":"<p>\u00dcr\u00fcn \u00d6zellikleri: Bellek Kapasitesi: 32 GB \u0130\u015flemci \u00d6zelli\u011fi: Intel Core i9-13950HX, 36MB Cache, 32 Threads, 24 Cores (8P+16E) up to 5.5GHz, 55w, vPro&#xD; Ekran Kart\u0131: NVIDIA RTX\u2122 5000 Ada 16GB GDDR6&#xD; Optik S\u00fcr\u00fcc\u00fc: &#8211; Sabit Disk: 512GB M.2 PCIe NVMe Gen 4 2280 SSD&#xD; \u0130\u015fletim Sistemi: Yok Ekran Kart\u0131 Kapasitesi: 16 GB Garanti: 3 Y\u0131l [&hellip;]<\/p>\n","protected":false},"featured_media":12137,"comment_status":"open","ping_status":"closed","template":"","meta":{"content-type":""},"product_brand":[],"product_cat":[727],"product_tag":[],"class_list":{"0":"post-12136","1":"product","2":"type-product","3":"status-publish","4":"has-post-thumbnail","6":"product_cat-is-istasyonu-dizustu","8":"first","9":"instock","10":"shipping-taxable","11":"purchasable","12":"product-type-simple"},"_links":{"self":[{"href":"https:\/\/xcore.com.tr\/urunler\/wp-json\/wp\/v2\/product\/12136","targetHints":{"allow":["GET"]}}],"collection":[{"href":"https:\/\/xcore.com.tr\/urunler\/wp-json\/wp\/v2\/product"}],"about":[{"href":"https:\/\/xcore.com.tr\/urunler\/wp-json\/wp\/v2\/types\/product"}],"replies":[{"embeddable":true,"href":"https:\/\/xcore.com.tr\/urunler\/wp-json\/wp\/v2\/comments?post=12136"}],"wp:featuredmedia":[{"embeddable":true,"href":"https:\/\/xcore.com.tr\/urunler\/wp-json\/wp\/v2\/media\/12137"}],"wp:attachment":[{"href":"https:\/\/xcore.com.tr\/urunler\/wp-json\/wp\/v2\/media?parent=12136"}],"wp:term":[{"taxonomy":"product_brand","embeddable":true,"href":"https:\/\/xcore.com.tr\/urunler\/wp-json\/wp\/v2\/product_brand?post=12136"},{"taxonomy":"product_cat","embeddable":true,"href":"https:\/\/xcore.com.tr\/urunler\/wp-json\/wp\/v2\/product_cat?post=12136"},{"taxonomy":"product_tag","embeddable":true,"href":"https:\/\/xcore.com.tr\/urunler\/wp-json\/wp\/v2\/product_tag?post=12136"}],"curies":[{"name":"wp","href":"https:\/\/api.w.org\/{rel}","templated":true}]}}