{"id":12138,"date":"2026-04-21T17:54:05","date_gmt":"2026-04-21T14:54:05","guid":{"rendered":"https:\/\/xcore.com.tr\/urunler\/product\/dell-nbw-m3591-xctop3591emea_vp-1-u7-155h-8gb-512ssd-4gb-rtxa500-15-6-w11pro-3-yil-yerinde-garanti\/"},"modified":"2026-04-21T17:54:05","modified_gmt":"2026-04-21T14:54:05","slug":"dell-nbw-m3591-xctop3591emea_vp-1-u7-155h-8gb-512ssd-4gb-rtxa500-15-6-w11pro-3-yil-yerinde-garanti","status":"publish","type":"product","link":"https:\/\/xcore.com.tr\/urunler\/product\/dell-nbw-m3591-xctop3591emea_vp-1-u7-155h-8gb-512ssd-4gb-rtxa500-15-6-w11pro-3-yil-yerinde-garanti\/","title":{"rendered":"DELL NBW M3591 XCTOP3591EMEA_VP-1 U7-155H 8GB 512SSD 4GB RTXA500 15.6 W11PRO 3 YIL YER\u0130NDE GARANT\u0130"},"content":{"rendered":"<h4>\u00dcr\u00fcn \u00d6zellikleri:<\/h4>\n<ul>\n<li><strong>Bellek:<\/strong> 1 x 8 GB, DDR5, 5600 MT\/s, non-ECC<\/li>\n<li><strong>Sabit Disk:<\/strong> 512GB, M.2 2230, Gen 4 PCIe NVMe SSD, Class 35<\/li>\n<li><strong>Ekran Boyutu:<\/strong> 15.6&quot;<\/li>\n<li><strong>A\u00e7\u0131klama:<\/strong> Ekran\t15.6&quot; FHD 1920 x 1080, 60 Hz, 250 nits, non-touch, RGB FHD Camera and Mic with WLAN&#xD;<br \/>\nMemory\t1 x 8 GB, DDR5, 5600 MT\/s, non-ECC&#xD;<br \/>\nDisk\t512GB, M.2 2230, Gen 4 PCIe NVMe SSD, Class 35&#xD;<br \/>\n\u0130\u015fletim Sistemi\tWindows 11 Pro, English, Arabic, French, Russian, Turkish&#xD;<br \/>\nPil\t4 Cell, 64WHr, Standard Battery&#xD;<br \/>\nWireless\tIntel AX211, 2&#215;2 MIMO, 2400 Mbps, 2.4\/5\/6 GHz, Wi-Fi 6\/6E (WiFi 802.11ax), Bluetooth&#xD;<br \/>\nV-Pro\tintel vPro Technology Enabled&#xD;<br \/>\nEkran Kart\u0131\tNVIDIA\u00ae RTX A500, 4GB GDDR6 Graphics Card&#xD;<br \/>\nWebcam\tVar&#xD;\n<\/li>\n<li><strong>Ekran Kart\u0131:<\/strong> NVIDIA\u00ae RTX A500, 4GB GDDR6 Graphics Card&#xD;\n<\/li>\n<li><strong>\u0130\u015fletim Sistemi:<\/strong> Windows 11 Pro<\/li>\n<li><strong>Bellek Kapasitesi:<\/strong> 8 GB<\/li>\n<li><strong>Ekran Kart\u0131 Kapasitesi:<\/strong> 4 GB<\/li>\n<li><strong>Garanti:<\/strong> 3 Y\u0131l Dell Garanti<\/li>\n<li><strong>\u0130\u015flemci \u00d6zelli\u011fi:<\/strong> Intel Core Ultra 7 155H vPro Essentials (24 MB cache, 16 cores, 22 threads, up to 4.8 GHz, 45W)<\/li>\n<li><strong>Optik S\u00fcr\u00fcc\u00fc:<\/strong> &#8211;<\/li>\n<li><strong>Sabit Disk Kapasitesi:<\/strong> 512GB SSD<\/li>\n<li><strong>\u0130\u015flemci Tipi:<\/strong> Intel Core Ultra 7 155H<\/li>\n<\/ul>\n","protected":false},"excerpt":{"rendered":"<p>\u00dcr\u00fcn \u00d6zellikleri: Bellek: 1 x 8 GB, DDR5, 5600 MT\/s, non-ECC Sabit Disk: 512GB, M.2 2230, Gen 4 PCIe NVMe SSD, Class 35 Ekran Boyutu: 15.6&quot; A\u00e7\u0131klama: Ekran 15.6&quot; FHD 1920 x 1080, 60 Hz, 250 nits, non-touch, RGB FHD Camera and Mic with WLAN&#xD; Memory 1 x 8 GB, DDR5, 5600 MT\/s, non-ECC&#xD; Disk [&hellip;]<\/p>\n","protected":false},"featured_media":12139,"comment_status":"open","ping_status":"closed","template":"","meta":{"content-type":""},"product_brand":[],"product_cat":[727],"product_tag":[],"class_list":{"0":"post-12138","1":"product","2":"type-product","3":"status-publish","4":"has-post-thumbnail","6":"product_cat-is-istasyonu-dizustu","8":"first","9":"outofstock","10":"shipping-taxable","11":"purchasable","12":"product-type-simple"},"_links":{"self":[{"href":"https:\/\/xcore.com.tr\/urunler\/wp-json\/wp\/v2\/product\/12138","targetHints":{"allow":["GET"]}}],"collection":[{"href":"https:\/\/xcore.com.tr\/urunler\/wp-json\/wp\/v2\/product"}],"about":[{"href":"https:\/\/xcore.com.tr\/urunler\/wp-json\/wp\/v2\/types\/product"}],"replies":[{"embeddable":true,"href":"https:\/\/xcore.com.tr\/urunler\/wp-json\/wp\/v2\/comments?post=12138"}],"wp:featuredmedia":[{"embeddable":true,"href":"https:\/\/xcore.com.tr\/urunler\/wp-json\/wp\/v2\/media\/12139"}],"wp:attachment":[{"href":"https:\/\/xcore.com.tr\/urunler\/wp-json\/wp\/v2\/media?parent=12138"}],"wp:term":[{"taxonomy":"product_brand","embeddable":true,"href":"https:\/\/xcore.com.tr\/urunler\/wp-json\/wp\/v2\/product_brand?post=12138"},{"taxonomy":"product_cat","embeddable":true,"href":"https:\/\/xcore.com.tr\/urunler\/wp-json\/wp\/v2\/product_cat?post=12138"},{"taxonomy":"product_tag","embeddable":true,"href":"https:\/\/xcore.com.tr\/urunler\/wp-json\/wp\/v2\/product_tag?post=12138"}],"curies":[{"name":"wp","href":"https:\/\/api.w.org\/{rel}","templated":true}]}}