{"id":12140,"date":"2026-04-21T17:54:06","date_gmt":"2026-04-21T14:54:06","guid":{"rendered":"https:\/\/xcore.com.tr\/urunler\/product\/dell-nbw-m3591-xctop3591emea_vp-2-u7-155h-16gb-512ssd-6gb-rtxa1000-15-6-w11pro-3-yil-yerinde-garanti\/"},"modified":"2026-04-21T17:54:06","modified_gmt":"2026-04-21T14:54:06","slug":"dell-nbw-m3591-xctop3591emea_vp-2-u7-155h-16gb-512ssd-6gb-rtxa1000-15-6-w11pro-3-yil-yerinde-garanti","status":"publish","type":"product","link":"https:\/\/xcore.com.tr\/urunler\/product\/dell-nbw-m3591-xctop3591emea_vp-2-u7-155h-16gb-512ssd-6gb-rtxa1000-15-6-w11pro-3-yil-yerinde-garanti\/","title":{"rendered":"DELL NBW M3591 XCTOP3591EMEA_VP-2 U7-155H 16GB 512SSD 6GB RTXA1000 15.6 W11PRO 3 YIL YER\u0130NDE GARANT\u0130"},"content":{"rendered":"<h4>\u00dcr\u00fcn \u00d6zellikleri:<\/h4>\n<ul>\n<li><strong>Sabit Disk:<\/strong> 512GB, M.2 2230, Gen 4 PCIe NVMe SSD, Class 35<\/li>\n<li><strong>Sabit Disk Kapasitesi:<\/strong> 512GB SSD<\/li>\n<li><strong>Ekran Boyutu:<\/strong> 15.6&quot;<\/li>\n<li><strong>Optik S\u00fcr\u00fcc\u00fc:<\/strong> &#8211;<\/li>\n<li><strong>Bellek Kapasitesi:<\/strong> 16 GB<\/li>\n<li><strong>\u0130\u015fletim Sistemi:<\/strong> Windows 11 Pro<\/li>\n<li><strong>Bellek:<\/strong> 16 GB: 1 x 16 GB, DDR5, 5600 MT\/s, non-ECC<\/li>\n<li><strong>\u0130\u015flemci Tipi:<\/strong> Intel Core Ultra 7 155H<\/li>\n<li><strong>Giri\u015f \u00c7\u0131k\u0131\u015flar:<\/strong> Wi-Fi\t&#xD;<br \/>\nBluetooth\t&#xD;<br \/>\nEthernet\t&#xD;<br \/>\nHdm\u0131\t&#xD;<br \/>\nVideo Portu&#xD;<br \/>\nTPM\t&#xD;<br \/>\nUsb 3.2\t&#xD;<br \/>\nUsb 4.0\t&#xD;<br \/>\nKart Okuyucu\t<\/li>\n<li><strong>\u0130\u015flemci \u00d6zelli\u011fi:<\/strong> Intel Core Ultra 7 155H vPro Essentials (24 MB cache, 16 cores, 22 threads, up to 4.8 GHz, 45W)<\/li>\n<li><strong>Ekran Kart\u0131:<\/strong> NVIDIA\u00ae RTX A1000 6GB, GDDR6 Graphics Card<\/li>\n<li><strong>Ekran Kart\u0131 Kapasitesi:<\/strong> 6 GB<\/li>\n<li><strong>Garanti:<\/strong> 3 Y\u0131l Dell Garanti<\/li>\n<\/ul>\n","protected":false},"excerpt":{"rendered":"<p>\u00dcr\u00fcn \u00d6zellikleri: Sabit Disk: 512GB, M.2 2230, Gen 4 PCIe NVMe SSD, Class 35 Sabit Disk Kapasitesi: 512GB SSD Ekran Boyutu: 15.6&quot; Optik S\u00fcr\u00fcc\u00fc: &#8211; Bellek Kapasitesi: 16 GB \u0130\u015fletim Sistemi: Windows 11 Pro Bellek: 16 GB: 1 x 16 GB, DDR5, 5600 MT\/s, non-ECC \u0130\u015flemci Tipi: Intel Core Ultra 7 155H Giri\u015f \u00c7\u0131k\u0131\u015flar: Wi-Fi [&hellip;]<\/p>\n","protected":false},"featured_media":12141,"comment_status":"open","ping_status":"closed","template":"","meta":{"content-type":""},"product_brand":[],"product_cat":[727],"product_tag":[],"class_list":{"0":"post-12140","1":"product","2":"type-product","3":"status-publish","4":"has-post-thumbnail","6":"product_cat-is-istasyonu-dizustu","8":"first","9":"outofstock","10":"shipping-taxable","11":"purchasable","12":"product-type-simple"},"_links":{"self":[{"href":"https:\/\/xcore.com.tr\/urunler\/wp-json\/wp\/v2\/product\/12140","targetHints":{"allow":["GET"]}}],"collection":[{"href":"https:\/\/xcore.com.tr\/urunler\/wp-json\/wp\/v2\/product"}],"about":[{"href":"https:\/\/xcore.com.tr\/urunler\/wp-json\/wp\/v2\/types\/product"}],"replies":[{"embeddable":true,"href":"https:\/\/xcore.com.tr\/urunler\/wp-json\/wp\/v2\/comments?post=12140"}],"wp:featuredmedia":[{"embeddable":true,"href":"https:\/\/xcore.com.tr\/urunler\/wp-json\/wp\/v2\/media\/12141"}],"wp:attachment":[{"href":"https:\/\/xcore.com.tr\/urunler\/wp-json\/wp\/v2\/media?parent=12140"}],"wp:term":[{"taxonomy":"product_brand","embeddable":true,"href":"https:\/\/xcore.com.tr\/urunler\/wp-json\/wp\/v2\/product_brand?post=12140"},{"taxonomy":"product_cat","embeddable":true,"href":"https:\/\/xcore.com.tr\/urunler\/wp-json\/wp\/v2\/product_cat?post=12140"},{"taxonomy":"product_tag","embeddable":true,"href":"https:\/\/xcore.com.tr\/urunler\/wp-json\/wp\/v2\/product_tag?post=12140"}],"curies":[{"name":"wp","href":"https:\/\/api.w.org\/{rel}","templated":true}]}}