{"id":12147,"date":"2026-04-21T17:54:10","date_gmt":"2026-04-21T14:54:10","guid":{"rendered":"https:\/\/xcore.com.tr\/urunler\/product\/dell-pro-max-16-plus-nbw-mb16250emea-ultra-9-285hx-32gb-1tb-nvidia-rtxpro4000-blackwell-16gb-w11pro\/"},"modified":"2026-04-21T17:54:10","modified_gmt":"2026-04-21T14:54:10","slug":"dell-pro-max-16-plus-nbw-mb16250emea-ultra-9-285hx-32gb-1tb-nvidia-rtxpro4000-blackwell-16gb-w11pro","status":"publish","type":"product","link":"https:\/\/xcore.com.tr\/urunler\/product\/dell-pro-max-16-plus-nbw-mb16250emea-ultra-9-285hx-32gb-1tb-nvidia-rtxpro4000-blackwell-16gb-w11pro\/","title":{"rendered":"DELL PRO MAX 16 PLUS NBW MB16250EMEA ULTRA 9 285HX 32GB 1TB NVIDIA RTXPRO4000 BLACKWELL 16GB W11PRO"},"content":{"rendered":"<h4>\u00dcr\u00fcn \u00d6zellikleri:<\/h4>\n<ul>\n<li><strong>Sabit Disk Kapasitesi:<\/strong> 1 TB<\/li>\n<li><strong>Ekran Kart\u0131 Kapasitesi:<\/strong> 16 GB<\/li>\n<li><strong>\u0130\u015flemci \u00d6zelli\u011fi:<\/strong> Intel Core Ultra 9 285HX <\/li>\n<li><strong>Ekran Boyutu:<\/strong> 16&quot;<\/li>\n<li><strong>\u0130\u015fletim Sistemi:<\/strong> Windows 11 Pro<\/li>\n<li><strong>Ekran Kart\u0131:<\/strong> NVIDIA RTX PRO 4000 Blackwell 16GB GDDR7<\/li>\n<li><strong>Bellek:<\/strong> 32GB: 2x16GB 6400 MTs DDR5 CSoDIMM, non-ECC<\/li>\n<li><strong>\u0130\u015flemci Tipi:<\/strong> Intel Core Ultra 9 285HX<\/li>\n<li><strong>Bellek Kapasitesi:<\/strong> 32 GB<\/li>\n<li><strong>Optik S\u00fcr\u00fcc\u00fc:<\/strong> &#8211;<\/li>\n<li><strong>Giri\u015f \u00c7\u0131k\u0131\u015flar:<\/strong> <\/li>\n<li><strong>A\u00e7\u0131klama:<\/strong> <\/li>\n<li><strong>Sabit Disk:<\/strong> 1TB M.2 PCIe NVMe Gen 4 2280 SSD<\/li>\n<li><strong>Garanti:<\/strong> 3 Y\u0131l Dell Garanti<\/li>\n<\/ul>\n","protected":false},"excerpt":{"rendered":"<p>\u00dcr\u00fcn \u00d6zellikleri: Sabit Disk Kapasitesi: 1 TB Ekran Kart\u0131 Kapasitesi: 16 GB \u0130\u015flemci \u00d6zelli\u011fi: Intel Core Ultra 9 285HX Ekran Boyutu: 16&quot; \u0130\u015fletim Sistemi: Windows 11 Pro Ekran Kart\u0131: NVIDIA RTX PRO 4000 Blackwell 16GB GDDR7 Bellek: 32GB: 2x16GB 6400 MTs DDR5 CSoDIMM, non-ECC \u0130\u015flemci Tipi: Intel Core Ultra 9 285HX Bellek Kapasitesi: 32 GB [&hellip;]<\/p>\n","protected":false},"featured_media":12148,"comment_status":"open","ping_status":"closed","template":"","meta":{"content-type":""},"product_brand":[],"product_cat":[727],"product_tag":[],"class_list":{"0":"post-12147","1":"product","2":"type-product","3":"status-publish","4":"has-post-thumbnail","6":"product_cat-is-istasyonu-dizustu","8":"first","9":"outofstock","10":"shipping-taxable","11":"purchasable","12":"product-type-simple"},"_links":{"self":[{"href":"https:\/\/xcore.com.tr\/urunler\/wp-json\/wp\/v2\/product\/12147","targetHints":{"allow":["GET"]}}],"collection":[{"href":"https:\/\/xcore.com.tr\/urunler\/wp-json\/wp\/v2\/product"}],"about":[{"href":"https:\/\/xcore.com.tr\/urunler\/wp-json\/wp\/v2\/types\/product"}],"replies":[{"embeddable":true,"href":"https:\/\/xcore.com.tr\/urunler\/wp-json\/wp\/v2\/comments?post=12147"}],"wp:featuredmedia":[{"embeddable":true,"href":"https:\/\/xcore.com.tr\/urunler\/wp-json\/wp\/v2\/media\/12148"}],"wp:attachment":[{"href":"https:\/\/xcore.com.tr\/urunler\/wp-json\/wp\/v2\/media?parent=12147"}],"wp:term":[{"taxonomy":"product_brand","embeddable":true,"href":"https:\/\/xcore.com.tr\/urunler\/wp-json\/wp\/v2\/product_brand?post=12147"},{"taxonomy":"product_cat","embeddable":true,"href":"https:\/\/xcore.com.tr\/urunler\/wp-json\/wp\/v2\/product_cat?post=12147"},{"taxonomy":"product_tag","embeddable":true,"href":"https:\/\/xcore.com.tr\/urunler\/wp-json\/wp\/v2\/product_tag?post=12147"}],"curies":[{"name":"wp","href":"https:\/\/api.w.org\/{rel}","templated":true}]}}