{"id":12151,"date":"2026-04-21T17:54:11","date_gmt":"2026-04-21T14:54:11","guid":{"rendered":"https:\/\/xcore.com.tr\/urunler\/product\/hp-nbw-a3zw3et-zbook-8-g1i-16-u7-255h-32gb-1x32gb-1tb-ssd-nvidia-rtx-500-ada-4gb-16-w11p-3-yil-yerinde-garanti\/"},"modified":"2026-04-21T17:54:11","modified_gmt":"2026-04-21T14:54:11","slug":"hp-nbw-a3zw3et-zbook-8-g1i-16-u7-255h-32gb-1x32gb-1tb-ssd-nvidia-rtx-500-ada-4gb-16-w11p-3-yil-yerinde-garanti","status":"publish","type":"product","link":"https:\/\/xcore.com.tr\/urunler\/product\/hp-nbw-a3zw3et-zbook-8-g1i-16-u7-255h-32gb-1x32gb-1tb-ssd-nvidia-rtx-500-ada-4gb-16-w11p-3-yil-yerinde-garanti\/","title":{"rendered":"HP NBW A3ZW3ET ZBOOK 8 G1\u0130 16 U7-255H 32GB (1X32GB) 1TB SSD NVIDIA RTX 500 ADA 4GB 16&#8243; W11P 3 YIL YER\u0130NDE GARANT\u0130"},"content":{"rendered":"<h4>\u00dcr\u00fcn \u00d6zellikleri:<\/h4>\n<ul>\n<li><strong>Ekran Boyutu:<\/strong> 16&quot;<\/li>\n<li><strong>Bellek:<\/strong> 32 GB DDR5 5600MHz<\/li>\n<li><strong>\u0130\u015flemci \u00d6zelli\u011fi:<\/strong> Intel\u00ae Core\u2122 Ultra 7 255H (up to 5.1 GHz with Intel\u00ae Turbo Boost Technology, 24 MB L3 cache, 16 cores, 16 threads)<\/li>\n<li><strong>Sabit Disk Kapasitesi:<\/strong> 1TB SSD<\/li>\n<li><strong>\u0130\u015fletim Sistemi:<\/strong> Windows 11 Pro<\/li>\n<li><strong>Optik S\u00fcr\u00fcc\u00fc:<\/strong> &#8211;<\/li>\n<li><strong>Bellek Kapasitesi:<\/strong> 32 GB<\/li>\n<li><strong>\u0130\u015flemci Tipi:<\/strong> Intel\u00ae Core Ultra 7 255H<\/li>\n<li><strong>Ekran Kart\u0131:<\/strong> NVIDIA\u00ae RTX\u2122 500 Ada<\/li>\n<li><strong>Garanti:<\/strong> 3 Y\u0131l Yerinde Garanti<\/li>\n<li><strong>Ekran Kart\u0131 Kapasitesi:<\/strong> 4 GB<\/li>\n<li><strong>Giri\u015f \u00c7\u0131k\u0131\u015flar:<\/strong> Left side 1 HDMI 2.1; 1 headphone\/microphone combo; 2 Thunderbolt\u2122 4 with USB Type-C\u00ae 40Gbps signaling rate (USB Power Delivery, DisplayPort\u2122 2.1) 8 9&#xD;<br \/>\nRight side 1 security lock slot; 1 RJ-45 Ethernet port; 1 USB Type-A 5Gbps signaling rate (powered); 1 USB Type-C\u00ae 20Gbps signaling rate (USB Power Delivery, DisplayPort\u2122 1.4)<\/li>\n<li><strong>Sabit Disk:<\/strong> 1 TB SSD<\/li>\n<li><strong>A\u00e7\u0131klama:<\/strong> <\/li>\n<\/ul>\n","protected":false},"excerpt":{"rendered":"<p>\u00dcr\u00fcn \u00d6zellikleri: Ekran Boyutu: 16&quot; Bellek: 32 GB DDR5 5600MHz \u0130\u015flemci \u00d6zelli\u011fi: Intel\u00ae Core\u2122 Ultra 7 255H (up to 5.1 GHz with Intel\u00ae Turbo Boost Technology, 24 MB L3 cache, 16 cores, 16 threads) Sabit Disk Kapasitesi: 1TB SSD \u0130\u015fletim Sistemi: Windows 11 Pro Optik S\u00fcr\u00fcc\u00fc: &#8211; Bellek Kapasitesi: 32 GB \u0130\u015flemci Tipi: Intel\u00ae Core [&hellip;]<\/p>\n","protected":false},"featured_media":12152,"comment_status":"open","ping_status":"closed","template":"","meta":{"content-type":""},"product_brand":[],"product_cat":[727],"product_tag":[],"class_list":{"0":"post-12151","1":"product","2":"type-product","3":"status-publish","4":"has-post-thumbnail","6":"product_cat-is-istasyonu-dizustu","8":"first","9":"instock","10":"shipping-taxable","11":"purchasable","12":"product-type-simple"},"_links":{"self":[{"href":"https:\/\/xcore.com.tr\/urunler\/wp-json\/wp\/v2\/product\/12151","targetHints":{"allow":["GET"]}}],"collection":[{"href":"https:\/\/xcore.com.tr\/urunler\/wp-json\/wp\/v2\/product"}],"about":[{"href":"https:\/\/xcore.com.tr\/urunler\/wp-json\/wp\/v2\/types\/product"}],"replies":[{"embeddable":true,"href":"https:\/\/xcore.com.tr\/urunler\/wp-json\/wp\/v2\/comments?post=12151"}],"wp:featuredmedia":[{"embeddable":true,"href":"https:\/\/xcore.com.tr\/urunler\/wp-json\/wp\/v2\/media\/12152"}],"wp:attachment":[{"href":"https:\/\/xcore.com.tr\/urunler\/wp-json\/wp\/v2\/media?parent=12151"}],"wp:term":[{"taxonomy":"product_brand","embeddable":true,"href":"https:\/\/xcore.com.tr\/urunler\/wp-json\/wp\/v2\/product_brand?post=12151"},{"taxonomy":"product_cat","embeddable":true,"href":"https:\/\/xcore.com.tr\/urunler\/wp-json\/wp\/v2\/product_cat?post=12151"},{"taxonomy":"product_tag","embeddable":true,"href":"https:\/\/xcore.com.tr\/urunler\/wp-json\/wp\/v2\/product_tag?post=12151"}],"curies":[{"name":"wp","href":"https:\/\/api.w.org\/{rel}","templated":true}]}}