{"id":12155,"date":"2026-04-21T17:54:13","date_gmt":"2026-04-21T14:54:13","guid":{"rendered":"https:\/\/xcore.com.tr\/urunler\/product\/hp-nbw-b30hnes-zbook-power-zx-16-g1i-u7-265h-1x32gb-1x1tb-ssd-16-wuxga-rtxpro2000-8gb-w11p-3yil-yerinde-garanti\/"},"modified":"2026-04-21T17:54:13","modified_gmt":"2026-04-21T14:54:13","slug":"hp-nbw-b30hnes-zbook-power-zx-16-g1i-u7-265h-1x32gb-1x1tb-ssd-16-wuxga-rtxpro2000-8gb-w11p-3yil-yerinde-garanti","status":"publish","type":"product","link":"https:\/\/xcore.com.tr\/urunler\/product\/hp-nbw-b30hnes-zbook-power-zx-16-g1i-u7-265h-1x32gb-1x1tb-ssd-16-wuxga-rtxpro2000-8gb-w11p-3yil-yerinde-garanti\/","title":{"rendered":"HP NBW B30HNES ZBOOK POWER ZX 16 G1\u0130 U7-265H 1X32GB 1X1TB SSD 16 WUXGA RTXPRO2000 8GB W11P 3YIL YER\u0130NDE GARANT\u0130"},"content":{"rendered":"<h4>\u00dcr\u00fcn \u00d6zellikleri:<\/h4>\n<ul>\n<li><strong>Garanti:<\/strong> 3 Y\u0131l Yerinde Garanti<\/li>\n<li><strong>\u0130\u015fletim Sistemi:<\/strong> Windows 11 Pro<\/li>\n<li><strong>Sabit Disk:<\/strong> 1TB PCIe-4\u00d74 2280 NVMe TLC<\/li>\n<li><strong>Optik S\u00fcr\u00fcc\u00fc:<\/strong> &#8211;<\/li>\n<li><strong>Sabit Disk Kapasitesi:<\/strong> 1TB SSD<\/li>\n<li><strong>Ekran Boyutu:<\/strong> 16&quot;<\/li>\n<li><strong>Ekran Kart\u0131 Kapasitesi:<\/strong> 8 GB<\/li>\n<li><strong>Ekran Kart\u0131:<\/strong> NVIDIA RTX\u2122 Pro 2000 Blackwell 8 GB <\/li>\n<li><strong>\u0130\u015flemci \u00d6zelli\u011fi:<\/strong> Intel\u00ae Core\u2122 Ultra 7 265H<\/li>\n<li><strong>Bellek:<\/strong> 32GB (1x32GB) DDR5 5600 SODIMM<\/li>\n<li><strong>\u0130\u015flemci Tipi:<\/strong> Intel\u00ae Core Ultra 7 265H<\/li>\n<li><strong>Bellek Kapasitesi:<\/strong> 32 GB<\/li>\n<\/ul>\n","protected":false},"excerpt":{"rendered":"<p>\u00dcr\u00fcn \u00d6zellikleri: Garanti: 3 Y\u0131l Yerinde Garanti \u0130\u015fletim Sistemi: Windows 11 Pro Sabit Disk: 1TB PCIe-4\u00d74 2280 NVMe TLC Optik S\u00fcr\u00fcc\u00fc: &#8211; Sabit Disk Kapasitesi: 1TB SSD Ekran Boyutu: 16&quot; Ekran Kart\u0131 Kapasitesi: 8 GB Ekran Kart\u0131: NVIDIA RTX\u2122 Pro 2000 Blackwell 8 GB \u0130\u015flemci \u00d6zelli\u011fi: Intel\u00ae Core\u2122 Ultra 7 265H Bellek: 32GB (1x32GB) DDR5 [&hellip;]<\/p>\n","protected":false},"featured_media":12156,"comment_status":"open","ping_status":"closed","template":"","meta":{"content-type":""},"product_brand":[],"product_cat":[727],"product_tag":[],"class_list":{"0":"post-12155","1":"product","2":"type-product","3":"status-publish","4":"has-post-thumbnail","6":"product_cat-is-istasyonu-dizustu","8":"first","9":"instock","10":"shipping-taxable","11":"purchasable","12":"product-type-simple"},"_links":{"self":[{"href":"https:\/\/xcore.com.tr\/urunler\/wp-json\/wp\/v2\/product\/12155","targetHints":{"allow":["GET"]}}],"collection":[{"href":"https:\/\/xcore.com.tr\/urunler\/wp-json\/wp\/v2\/product"}],"about":[{"href":"https:\/\/xcore.com.tr\/urunler\/wp-json\/wp\/v2\/types\/product"}],"replies":[{"embeddable":true,"href":"https:\/\/xcore.com.tr\/urunler\/wp-json\/wp\/v2\/comments?post=12155"}],"wp:featuredmedia":[{"embeddable":true,"href":"https:\/\/xcore.com.tr\/urunler\/wp-json\/wp\/v2\/media\/12156"}],"wp:attachment":[{"href":"https:\/\/xcore.com.tr\/urunler\/wp-json\/wp\/v2\/media?parent=12155"}],"wp:term":[{"taxonomy":"product_brand","embeddable":true,"href":"https:\/\/xcore.com.tr\/urunler\/wp-json\/wp\/v2\/product_brand?post=12155"},{"taxonomy":"product_cat","embeddable":true,"href":"https:\/\/xcore.com.tr\/urunler\/wp-json\/wp\/v2\/product_cat?post=12155"},{"taxonomy":"product_tag","embeddable":true,"href":"https:\/\/xcore.com.tr\/urunler\/wp-json\/wp\/v2\/product_tag?post=12155"}],"curies":[{"name":"wp","href":"https:\/\/api.w.org\/{rel}","templated":true}]}}