{"id":12157,"date":"2026-04-21T17:54:14","date_gmt":"2026-04-21T14:54:14","guid":{"rendered":"https:\/\/xcore.com.tr\/urunler\/product\/hp-nbw-b30hges-zbook-8-g1i-16-u7-255h-16gb-1x16gb-512gb-ssd-nvidia-rtx-500-ada-4gb-16-w11p-3-yil-yerinde-garanti\/"},"modified":"2026-04-21T17:54:14","modified_gmt":"2026-04-21T14:54:14","slug":"hp-nbw-b30hges-zbook-8-g1i-16-u7-255h-16gb-1x16gb-512gb-ssd-nvidia-rtx-500-ada-4gb-16-w11p-3-yil-yerinde-garanti","status":"publish","type":"product","link":"https:\/\/xcore.com.tr\/urunler\/product\/hp-nbw-b30hges-zbook-8-g1i-16-u7-255h-16gb-1x16gb-512gb-ssd-nvidia-rtx-500-ada-4gb-16-w11p-3-yil-yerinde-garanti\/","title":{"rendered":"HP NBW B30HGES ZBOOK 8 G1I 16 U7-255H 16GB (1X16GB) 512GB SSD NVIDIA RTX 500 ADA 4GB 16&#8243; W11P 3 YIL YER\u0130NDE GARANT\u0130"},"content":{"rendered":"<h4>\u00dcr\u00fcn \u00d6zellikleri:<\/h4>\n<ul>\n<li><strong>Ekran Kart\u0131:<\/strong> NVIDIA RTX\u2122 500 Ada Laptop GPU 4 GB<\/li>\n<li><strong>Bellek Kapasitesi:<\/strong> 16 GB<\/li>\n<li><strong>Bellek:<\/strong> 16GB (1x16GB) DDR5 5600 SODIMM<\/li>\n<li><strong>Optik S\u00fcr\u00fcc\u00fc:<\/strong> &#8211;<\/li>\n<li><strong>\u0130\u015flemci \u00d6zelli\u011fi:<\/strong> Intel\u00ae Core\u2122 Ultra 7 255H<\/li>\n<li><strong>Sabit Disk Kapasitesi:<\/strong> 512GB M.2 PCIe SSD<\/li>\n<li><strong>Garanti:<\/strong> 3 Y\u0131l Yerinde Garanti<\/li>\n<li><strong>\u0130\u015fletim Sistemi:<\/strong> Windows 11 Pro<\/li>\n<li><strong>\u0130\u015flemci Tipi:<\/strong> Intel\u00ae Core Ultra 7 255H<\/li>\n<li><strong>Ekran Boyutu:<\/strong> 16&quot;<\/li>\n<li><strong>Ekran Kart\u0131 Kapasitesi:<\/strong> 4 GB<\/li>\n<li><strong>Sabit Disk:<\/strong> 512GB PCIe NVMe Value SSD<\/li>\n<\/ul>\n","protected":false},"excerpt":{"rendered":"<p>\u00dcr\u00fcn \u00d6zellikleri: Ekran Kart\u0131: NVIDIA RTX\u2122 500 Ada Laptop GPU 4 GB Bellek Kapasitesi: 16 GB Bellek: 16GB (1x16GB) DDR5 5600 SODIMM Optik S\u00fcr\u00fcc\u00fc: &#8211; \u0130\u015flemci \u00d6zelli\u011fi: Intel\u00ae Core\u2122 Ultra 7 255H Sabit Disk Kapasitesi: 512GB M.2 PCIe SSD Garanti: 3 Y\u0131l Yerinde Garanti \u0130\u015fletim Sistemi: Windows 11 Pro \u0130\u015flemci Tipi: Intel\u00ae Core Ultra 7 [&hellip;]<\/p>\n","protected":false},"featured_media":12158,"comment_status":"open","ping_status":"closed","template":"","meta":{"content-type":""},"product_brand":[],"product_cat":[727],"product_tag":[],"class_list":{"0":"post-12157","1":"product","2":"type-product","3":"status-publish","4":"has-post-thumbnail","6":"product_cat-is-istasyonu-dizustu","8":"first","9":"instock","10":"shipping-taxable","11":"purchasable","12":"product-type-simple"},"_links":{"self":[{"href":"https:\/\/xcore.com.tr\/urunler\/wp-json\/wp\/v2\/product\/12157","targetHints":{"allow":["GET"]}}],"collection":[{"href":"https:\/\/xcore.com.tr\/urunler\/wp-json\/wp\/v2\/product"}],"about":[{"href":"https:\/\/xcore.com.tr\/urunler\/wp-json\/wp\/v2\/types\/product"}],"replies":[{"embeddable":true,"href":"https:\/\/xcore.com.tr\/urunler\/wp-json\/wp\/v2\/comments?post=12157"}],"wp:featuredmedia":[{"embeddable":true,"href":"https:\/\/xcore.com.tr\/urunler\/wp-json\/wp\/v2\/media\/12158"}],"wp:attachment":[{"href":"https:\/\/xcore.com.tr\/urunler\/wp-json\/wp\/v2\/media?parent=12157"}],"wp:term":[{"taxonomy":"product_brand","embeddable":true,"href":"https:\/\/xcore.com.tr\/urunler\/wp-json\/wp\/v2\/product_brand?post=12157"},{"taxonomy":"product_cat","embeddable":true,"href":"https:\/\/xcore.com.tr\/urunler\/wp-json\/wp\/v2\/product_cat?post=12157"},{"taxonomy":"product_tag","embeddable":true,"href":"https:\/\/xcore.com.tr\/urunler\/wp-json\/wp\/v2\/product_tag?post=12157"}],"curies":[{"name":"wp","href":"https:\/\/api.w.org\/{rel}","templated":true}]}}