{"id":12159,"date":"2026-04-21T17:54:15","date_gmt":"2026-04-21T14:54:15","guid":{"rendered":"https:\/\/xcore.com.tr\/urunler\/product\/hp-nbw-zbook-power-16-g11a-8t0k6ea-ryzen-9-pro-8945hs-32gb-ram-1tb-ssd-rtx2000-ada-w11pro-3-yil-yerinde-garanti\/"},"modified":"2026-04-21T17:54:15","modified_gmt":"2026-04-21T14:54:15","slug":"hp-nbw-zbook-power-16-g11a-8t0k6ea-ryzen-9-pro-8945hs-32gb-ram-1tb-ssd-rtx2000-ada-w11pro-3-yil-yerinde-garanti","status":"publish","type":"product","link":"https:\/\/xcore.com.tr\/urunler\/product\/hp-nbw-zbook-power-16-g11a-8t0k6ea-ryzen-9-pro-8945hs-32gb-ram-1tb-ssd-rtx2000-ada-w11pro-3-yil-yerinde-garanti\/","title":{"rendered":"HP NBW ZBOOK POWER 16 G11A 8T0K6EA RYZEN 9 PRO 8945HS 32GB RAM 1TB SSD RTX2000 ADA W11PRO 3 YIL YER\u0130NDE GARANT\u0130"},"content":{"rendered":"<h4>\u00dcr\u00fcn \u00d6zellikleri:<\/h4>\n<ul>\n<li><strong>\u0130\u015fletim Sistemi:<\/strong> Windows 11 Pro<\/li>\n<li><strong>Optik S\u00fcr\u00fcc\u00fc:<\/strong> &#8211;<\/li>\n<li><strong>Ekran Kart\u0131:<\/strong> NVIDIA RTX 2000 Ada 8GB<\/li>\n<li><strong>\u0130\u015flemci Tipi:<\/strong> AMD Ryzen 9 8945HS<\/li>\n<li><strong>Ekran Kart\u0131 Kapasitesi:<\/strong> 8 GB<\/li>\n<li><strong>Bellek Kapasitesi:<\/strong> 32 GB<\/li>\n<li><strong>\u0130\u015flemci \u00d6zelli\u011fi:<\/strong> AMD Ryzen 9 8945HS<\/li>\n<li><strong>Sabit Disk Kapasitesi:<\/strong> 1TB SSD<\/li>\n<li><strong>Garanti:<\/strong> 3 Y\u0131l Yerinde Garanti<\/li>\n<li><strong>Ekran Boyutu:<\/strong> 16&quot;<\/li>\n<li><strong>Bellek:<\/strong> 32GB (1x32GB) DDR5 5600 SODIMM<\/li>\n<li><strong>Sabit Disk:<\/strong> 1TB PCIe-4&#215;4 2280 NVMe TLC<\/li>\n<\/ul>\n","protected":false},"excerpt":{"rendered":"<p>\u00dcr\u00fcn \u00d6zellikleri: \u0130\u015fletim Sistemi: Windows 11 Pro Optik S\u00fcr\u00fcc\u00fc: &#8211; Ekran Kart\u0131: NVIDIA RTX 2000 Ada 8GB \u0130\u015flemci Tipi: AMD Ryzen 9 8945HS Ekran Kart\u0131 Kapasitesi: 8 GB Bellek Kapasitesi: 32 GB \u0130\u015flemci \u00d6zelli\u011fi: AMD Ryzen 9 8945HS Sabit Disk Kapasitesi: 1TB SSD Garanti: 3 Y\u0131l Yerinde Garanti Ekran Boyutu: 16&quot; Bellek: 32GB (1x32GB) DDR5 [&hellip;]<\/p>\n","protected":false},"featured_media":12160,"comment_status":"open","ping_status":"closed","template":"","meta":{"content-type":""},"product_brand":[],"product_cat":[727],"product_tag":[],"class_list":{"0":"post-12159","1":"product","2":"type-product","3":"status-publish","4":"has-post-thumbnail","6":"product_cat-is-istasyonu-dizustu","8":"first","9":"outofstock","10":"shipping-taxable","11":"purchasable","12":"product-type-simple"},"_links":{"self":[{"href":"https:\/\/xcore.com.tr\/urunler\/wp-json\/wp\/v2\/product\/12159","targetHints":{"allow":["GET"]}}],"collection":[{"href":"https:\/\/xcore.com.tr\/urunler\/wp-json\/wp\/v2\/product"}],"about":[{"href":"https:\/\/xcore.com.tr\/urunler\/wp-json\/wp\/v2\/types\/product"}],"replies":[{"embeddable":true,"href":"https:\/\/xcore.com.tr\/urunler\/wp-json\/wp\/v2\/comments?post=12159"}],"wp:featuredmedia":[{"embeddable":true,"href":"https:\/\/xcore.com.tr\/urunler\/wp-json\/wp\/v2\/media\/12160"}],"wp:attachment":[{"href":"https:\/\/xcore.com.tr\/urunler\/wp-json\/wp\/v2\/media?parent=12159"}],"wp:term":[{"taxonomy":"product_brand","embeddable":true,"href":"https:\/\/xcore.com.tr\/urunler\/wp-json\/wp\/v2\/product_brand?post=12159"},{"taxonomy":"product_cat","embeddable":true,"href":"https:\/\/xcore.com.tr\/urunler\/wp-json\/wp\/v2\/product_cat?post=12159"},{"taxonomy":"product_tag","embeddable":true,"href":"https:\/\/xcore.com.tr\/urunler\/wp-json\/wp\/v2\/product_tag?post=12159"}],"curies":[{"name":"wp","href":"https:\/\/api.w.org\/{rel}","templated":true}]}}