{"id":12161,"date":"2026-04-21T17:54:16","date_gmt":"2026-04-21T14:54:16","guid":{"rendered":"https:\/\/xcore.com.tr\/urunler\/product\/hp-nbw-5f9d3es-zbook-fury-16-g11-i9-14900hx-32gb-1tb-ssd-12gb-rtx-4000-ada-16-fhd-w11pro-3-yil-yerinde-garanti\/"},"modified":"2026-04-21T17:54:16","modified_gmt":"2026-04-21T14:54:16","slug":"hp-nbw-5f9d3es-zbook-fury-16-g11-i9-14900hx-32gb-1tb-ssd-12gb-rtx-4000-ada-16-fhd-w11pro-3-yil-yerinde-garanti","status":"publish","type":"product","link":"https:\/\/xcore.com.tr\/urunler\/product\/hp-nbw-5f9d3es-zbook-fury-16-g11-i9-14900hx-32gb-1tb-ssd-12gb-rtx-4000-ada-16-fhd-w11pro-3-yil-yerinde-garanti\/","title":{"rendered":"HP NBW 5F9D3ES ZBOOK FURY 16 G11 I9-14900HX 32GB 1TB SSD 12GB RTX 4000 ADA 16&#8243; FHD W11PRO 3 YIL YER\u0130NDE GARANT\u0130"},"content":{"rendered":"<h4>\u00dcr\u00fcn \u00d6zellikleri:<\/h4>\n<ul>\n<li><strong>Bellek:<\/strong> 32GB<\/li>\n<li><strong>Sabit Disk:<\/strong> 1TB Nvme<\/li>\n<li><strong>\u0130\u015flemci Tipi:<\/strong> i9 14900HX<\/li>\n<li><strong>\u0130\u015flemci \u00d6zelli\u011fi:<\/strong> <\/li>\n<li><strong>Sabit Disk Kapasitesi:<\/strong> 1 TB<\/li>\n<li><strong>Optik S\u00fcr\u00fcc\u00fc:<\/strong> &#8211;<\/li>\n<li><strong>Ekran Kart\u0131 Kapasitesi:<\/strong> 12 GB<\/li>\n<li><strong>Garanti:<\/strong> 3 Y\u0131l Yerinde Garanti<\/li>\n<li><strong>Ekran Kart\u0131:<\/strong> RTX 4000 ADA<\/li>\n<li><strong>Ekran Boyutu:<\/strong> 16&quot;<\/li>\n<li><strong>Bellek Kapasitesi:<\/strong> 32 GB<\/li>\n<li><strong>\u0130\u015fletim Sistemi:<\/strong> Windows 11 Pro<\/li>\n<\/ul>\n","protected":false},"excerpt":{"rendered":"<p>\u00dcr\u00fcn \u00d6zellikleri: Bellek: 32GB Sabit Disk: 1TB Nvme \u0130\u015flemci Tipi: i9 14900HX \u0130\u015flemci \u00d6zelli\u011fi: Sabit Disk Kapasitesi: 1 TB Optik S\u00fcr\u00fcc\u00fc: &#8211; Ekran Kart\u0131 Kapasitesi: 12 GB Garanti: 3 Y\u0131l Yerinde Garanti Ekran Kart\u0131: RTX 4000 ADA Ekran Boyutu: 16&quot; Bellek Kapasitesi: 32 GB \u0130\u015fletim Sistemi: Windows 11 Pro<\/p>\n","protected":false},"featured_media":12162,"comment_status":"open","ping_status":"closed","template":"","meta":{"content-type":""},"product_brand":[],"product_cat":[727],"product_tag":[],"class_list":{"0":"post-12161","1":"product","2":"type-product","3":"status-publish","4":"has-post-thumbnail","6":"product_cat-is-istasyonu-dizustu","8":"first","9":"instock","10":"shipping-taxable","11":"purchasable","12":"product-type-simple"},"_links":{"self":[{"href":"https:\/\/xcore.com.tr\/urunler\/wp-json\/wp\/v2\/product\/12161","targetHints":{"allow":["GET"]}}],"collection":[{"href":"https:\/\/xcore.com.tr\/urunler\/wp-json\/wp\/v2\/product"}],"about":[{"href":"https:\/\/xcore.com.tr\/urunler\/wp-json\/wp\/v2\/types\/product"}],"replies":[{"embeddable":true,"href":"https:\/\/xcore.com.tr\/urunler\/wp-json\/wp\/v2\/comments?post=12161"}],"wp:featuredmedia":[{"embeddable":true,"href":"https:\/\/xcore.com.tr\/urunler\/wp-json\/wp\/v2\/media\/12162"}],"wp:attachment":[{"href":"https:\/\/xcore.com.tr\/urunler\/wp-json\/wp\/v2\/media?parent=12161"}],"wp:term":[{"taxonomy":"product_brand","embeddable":true,"href":"https:\/\/xcore.com.tr\/urunler\/wp-json\/wp\/v2\/product_brand?post=12161"},{"taxonomy":"product_cat","embeddable":true,"href":"https:\/\/xcore.com.tr\/urunler\/wp-json\/wp\/v2\/product_cat?post=12161"},{"taxonomy":"product_tag","embeddable":true,"href":"https:\/\/xcore.com.tr\/urunler\/wp-json\/wp\/v2\/product_tag?post=12161"}],"curies":[{"name":"wp","href":"https:\/\/api.w.org\/{rel}","templated":true}]}}