{"id":12163,"date":"2026-04-21T17:54:17","date_gmt":"2026-04-21T14:54:17","guid":{"rendered":"https:\/\/xcore.com.tr\/urunler\/product\/hp-nbw-a3zw7et-zbook-8-g1i-14-u7-255h-32gb-1x32gb-1tb-ssd-nvidia-rtx-500-ada-4gb-14-w11p-3-yil-yerinde-garanti\/"},"modified":"2026-04-21T17:54:17","modified_gmt":"2026-04-21T14:54:17","slug":"hp-nbw-a3zw7et-zbook-8-g1i-14-u7-255h-32gb-1x32gb-1tb-ssd-nvidia-rtx-500-ada-4gb-14-w11p-3-yil-yerinde-garanti","status":"publish","type":"product","link":"https:\/\/xcore.com.tr\/urunler\/product\/hp-nbw-a3zw7et-zbook-8-g1i-14-u7-255h-32gb-1x32gb-1tb-ssd-nvidia-rtx-500-ada-4gb-14-w11p-3-yil-yerinde-garanti\/","title":{"rendered":"HP NBW A3ZW7ET ZBOOK 8 G1I 14 U7-255H 32GB (1X32GB) 1TB SSD NVIDIA RTX 500 ADA 4GB 14&#8243; W11P 3 YIL YER\u0130NDE GARANT\u0130"},"content":{"rendered":"<h4>\u00dcr\u00fcn \u00d6zellikleri:<\/h4>\n<ul>\n<li><strong>Ekran Kart\u0131:<\/strong> HP IDS DSC RTX 500 Ada 4GB&#xD;\n<\/li>\n<li><strong>\u0130\u015flemci \u00d6zelli\u011fi:<\/strong>  U7 255H 5.1GHz 16C 28W&#xD;\n<\/li>\n<li><strong>Bellek:<\/strong> 32GB (1x32GB) DDR5 5600 SODIMM Memory&#xD;\n<\/li>\n<li><strong>Sabit Disk Kapasitesi:<\/strong> 1TB SSD<\/li>\n<li><strong>Garanti:<\/strong> 3 Y\u0131l Yerinde Garanti<\/li>\n<li><strong>Ekran Boyutu:<\/strong> 14&quot;<\/li>\n<li><strong>Giri\u015f \u00c7\u0131k\u0131\u015flar:<\/strong> <\/li>\n<li><strong>Bellek Kapasitesi:<\/strong> 32 GB<\/li>\n<li><strong>\u0130\u015flemci Tipi:<\/strong> Intel\u00ae Core Ultra 7 255H<\/li>\n<li><strong>\u0130\u015fletim Sistemi:<\/strong> Windows 11 Pro<\/li>\n<li><strong>Optik S\u00fcr\u00fcc\u00fc:<\/strong> &#8211;<\/li>\n<li><strong>Sabit Disk:<\/strong> 1TB PCIe NVMe Value Solid State Drive&#xD;\n<\/li>\n<li><strong>Ekran Kart\u0131 Kapasitesi:<\/strong> 4 GB<\/li>\n<\/ul>\n","protected":false},"excerpt":{"rendered":"<p>\u00dcr\u00fcn \u00d6zellikleri: Ekran Kart\u0131: HP IDS DSC RTX 500 Ada 4GB&#xD; \u0130\u015flemci \u00d6zelli\u011fi: U7 255H 5.1GHz 16C 28W&#xD; Bellek: 32GB (1x32GB) DDR5 5600 SODIMM Memory&#xD; Sabit Disk Kapasitesi: 1TB SSD Garanti: 3 Y\u0131l Yerinde Garanti Ekran Boyutu: 14&quot; Giri\u015f \u00c7\u0131k\u0131\u015flar: Bellek Kapasitesi: 32 GB \u0130\u015flemci Tipi: Intel\u00ae Core Ultra 7 255H \u0130\u015fletim Sistemi: Windows 11 [&hellip;]<\/p>\n","protected":false},"featured_media":12164,"comment_status":"open","ping_status":"closed","template":"","meta":{"content-type":""},"product_brand":[],"product_cat":[727],"product_tag":[],"class_list":{"0":"post-12163","1":"product","2":"type-product","3":"status-publish","4":"has-post-thumbnail","6":"product_cat-is-istasyonu-dizustu","8":"first","9":"instock","10":"shipping-taxable","11":"purchasable","12":"product-type-simple"},"_links":{"self":[{"href":"https:\/\/xcore.com.tr\/urunler\/wp-json\/wp\/v2\/product\/12163","targetHints":{"allow":["GET"]}}],"collection":[{"href":"https:\/\/xcore.com.tr\/urunler\/wp-json\/wp\/v2\/product"}],"about":[{"href":"https:\/\/xcore.com.tr\/urunler\/wp-json\/wp\/v2\/types\/product"}],"replies":[{"embeddable":true,"href":"https:\/\/xcore.com.tr\/urunler\/wp-json\/wp\/v2\/comments?post=12163"}],"wp:featuredmedia":[{"embeddable":true,"href":"https:\/\/xcore.com.tr\/urunler\/wp-json\/wp\/v2\/media\/12164"}],"wp:attachment":[{"href":"https:\/\/xcore.com.tr\/urunler\/wp-json\/wp\/v2\/media?parent=12163"}],"wp:term":[{"taxonomy":"product_brand","embeddable":true,"href":"https:\/\/xcore.com.tr\/urunler\/wp-json\/wp\/v2\/product_brand?post=12163"},{"taxonomy":"product_cat","embeddable":true,"href":"https:\/\/xcore.com.tr\/urunler\/wp-json\/wp\/v2\/product_cat?post=12163"},{"taxonomy":"product_tag","embeddable":true,"href":"https:\/\/xcore.com.tr\/urunler\/wp-json\/wp\/v2\/product_tag?post=12163"}],"curies":[{"name":"wp","href":"https:\/\/api.w.org\/{rel}","templated":true}]}}