{"id":12165,"date":"2026-04-21T17:54:18","date_gmt":"2026-04-21T14:54:18","guid":{"rendered":"https:\/\/xcore.com.tr\/urunler\/product\/hp-nbw-b30hmes-zbook-x-16-g1i-u7-255h-1x32gb-1x1tb-ssd-16-wuxga-rtxpro500-6gb-w11p-3yil-yerinde-garanti\/"},"modified":"2026-04-21T17:54:18","modified_gmt":"2026-04-21T14:54:18","slug":"hp-nbw-b30hmes-zbook-x-16-g1i-u7-255h-1x32gb-1x1tb-ssd-16-wuxga-rtxpro500-6gb-w11p-3yil-yerinde-garanti","status":"publish","type":"product","link":"https:\/\/xcore.com.tr\/urunler\/product\/hp-nbw-b30hmes-zbook-x-16-g1i-u7-255h-1x32gb-1x1tb-ssd-16-wuxga-rtxpro500-6gb-w11p-3yil-yerinde-garanti\/","title":{"rendered":"HP NBW B30HMES ZBOOK X 16 G1\u0130 U7-255H 1X32GB 1X1TB SSD 16 WUXGA RTXPRO500 6GB W11P 3YIL YER\u0130NDE GARANT\u0130"},"content":{"rendered":"<h4>\u00dcr\u00fcn \u00d6zellikleri:<\/h4>\n<ul>\n<li><strong>\u0130\u015fletim Sistemi:<\/strong> Windows 11 Pro<\/li>\n<li><strong>Sabit Disk:<\/strong> 1TB PCIe-4&#215;4 2280 NVMe TLC&#xD;\n<\/li>\n<li><strong>Bellek Kapasitesi:<\/strong> 32 GB<\/li>\n<li><strong>Sabit Disk Kapasitesi:<\/strong> 1TB SSD<\/li>\n<li><strong>Ekran Kart\u0131 Kapasitesi:<\/strong> 6 GB<\/li>\n<li><strong>Optik S\u00fcr\u00fcc\u00fc:<\/strong> &#8211;<\/li>\n<li><strong>Garanti:<\/strong> 3 Y\u0131l Yerinde Garanti<\/li>\n<li><strong>\u0130\u015flemci \u00d6zelli\u011fi:<\/strong>  U7 255H 5.1GHz 16C 28W&#xD;\n<\/li>\n<li><strong>Bellek:<\/strong> 32GB (1x32GB) DDR5 5600 SODIMM Memory&#xD;\n<\/li>\n<li><strong>Giri\u015f \u00c7\u0131k\u0131\u015flar:<\/strong> <\/li>\n<li><strong>Ekran Boyutu:<\/strong> 16&quot;<\/li>\n<li><strong>Ekran Kart\u0131:<\/strong> RTX PRO 500 6GB&#xD;\n<\/li>\n<li><strong>\u0130\u015flemci Tipi:<\/strong> Intel\u00ae Core Ultra 7 255H<\/li>\n<\/ul>\n","protected":false},"excerpt":{"rendered":"<p>\u00dcr\u00fcn \u00d6zellikleri: \u0130\u015fletim Sistemi: Windows 11 Pro Sabit Disk: 1TB PCIe-4&#215;4 2280 NVMe TLC&#xD; Bellek Kapasitesi: 32 GB Sabit Disk Kapasitesi: 1TB SSD Ekran Kart\u0131 Kapasitesi: 6 GB Optik S\u00fcr\u00fcc\u00fc: &#8211; Garanti: 3 Y\u0131l Yerinde Garanti \u0130\u015flemci \u00d6zelli\u011fi: U7 255H 5.1GHz 16C 28W&#xD; Bellek: 32GB (1x32GB) DDR5 5600 SODIMM Memory&#xD; Giri\u015f \u00c7\u0131k\u0131\u015flar: Ekran Boyutu: 16&quot; [&hellip;]<\/p>\n","protected":false},"featured_media":12166,"comment_status":"open","ping_status":"closed","template":"","meta":{"content-type":""},"product_brand":[],"product_cat":[727],"product_tag":[],"class_list":{"0":"post-12165","1":"product","2":"type-product","3":"status-publish","4":"has-post-thumbnail","6":"product_cat-is-istasyonu-dizustu","8":"first","9":"instock","10":"shipping-taxable","11":"purchasable","12":"product-type-simple"},"_links":{"self":[{"href":"https:\/\/xcore.com.tr\/urunler\/wp-json\/wp\/v2\/product\/12165","targetHints":{"allow":["GET"]}}],"collection":[{"href":"https:\/\/xcore.com.tr\/urunler\/wp-json\/wp\/v2\/product"}],"about":[{"href":"https:\/\/xcore.com.tr\/urunler\/wp-json\/wp\/v2\/types\/product"}],"replies":[{"embeddable":true,"href":"https:\/\/xcore.com.tr\/urunler\/wp-json\/wp\/v2\/comments?post=12165"}],"wp:featuredmedia":[{"embeddable":true,"href":"https:\/\/xcore.com.tr\/urunler\/wp-json\/wp\/v2\/media\/12166"}],"wp:attachment":[{"href":"https:\/\/xcore.com.tr\/urunler\/wp-json\/wp\/v2\/media?parent=12165"}],"wp:term":[{"taxonomy":"product_brand","embeddable":true,"href":"https:\/\/xcore.com.tr\/urunler\/wp-json\/wp\/v2\/product_brand?post=12165"},{"taxonomy":"product_cat","embeddable":true,"href":"https:\/\/xcore.com.tr\/urunler\/wp-json\/wp\/v2\/product_cat?post=12165"},{"taxonomy":"product_tag","embeddable":true,"href":"https:\/\/xcore.com.tr\/urunler\/wp-json\/wp\/v2\/product_tag?post=12165"}],"curies":[{"name":"wp","href":"https:\/\/api.w.org\/{rel}","templated":true}]}}