{"id":12167,"date":"2026-04-21T17:54:19","date_gmt":"2026-04-21T14:54:19","guid":{"rendered":"https:\/\/xcore.com.tr\/urunler\/product\/hp-nbw-c65g2es-zbook-fury-16-g1i-u7-265hx-1x32gb-1x1tb-ssd-16-wuxga-rtxpro3000-12gb-w11p-3-yil-yerinde-garanti\/"},"modified":"2026-04-21T17:54:19","modified_gmt":"2026-04-21T14:54:19","slug":"hp-nbw-c65g2es-zbook-fury-16-g1i-u7-265hx-1x32gb-1x1tb-ssd-16-wuxga-rtxpro3000-12gb-w11p-3-yil-yerinde-garanti","status":"publish","type":"product","link":"https:\/\/xcore.com.tr\/urunler\/product\/hp-nbw-c65g2es-zbook-fury-16-g1i-u7-265hx-1x32gb-1x1tb-ssd-16-wuxga-rtxpro3000-12gb-w11p-3-yil-yerinde-garanti\/","title":{"rendered":"HP NBW C65G2ES ZBOOK FURY 16 G1\u0130 U7-265HX 1X32GB 1X1TB SSD 16 WUXGA RTXPRO3000 12GB W11P 3 YIL YER\u0130NDE GARANT\u0130"},"content":{"rendered":"<h4>\u00dcr\u00fcn \u00d6zellikleri:<\/h4>\n<ul>\n<li><strong>Ekran Kart\u0131:<\/strong> GFX NVIDIA RTX PRO3000Blackwell105W+12GB&#xD;\n<\/li>\n<li><strong>\u0130\u015flemci Tipi:<\/strong> Intel Core\u2122 Ultra 7 255HX<\/li>\n<li><strong>Optik S\u00fcr\u00fcc\u00fc:<\/strong> &#8211;<\/li>\n<li><strong>Sabit Disk Kapasitesi:<\/strong> 1TB SSD<\/li>\n<li><strong>Bellek:<\/strong> RAM 32GB (1x32GB) DDR5 5600&#xD;\n<\/li>\n<li><strong>Bellek Kapasitesi:<\/strong> 32 GB<\/li>\n<li><strong>Sabit Disk:<\/strong> SSD 1TB 2280 PCIe-4&#215;4 NVMe TLC&#xD;\n<\/li>\n<li><strong>\u0130\u015fletim Sistemi:<\/strong> Windows 11 Pro<\/li>\n<li><strong>Ekran Boyutu:<\/strong> 16&quot;<\/li>\n<li><strong>Giri\u015f \u00c7\u0131k\u0131\u015flar:<\/strong> <\/li>\n<li><strong>Ekran Kart\u0131 Kapasitesi:<\/strong> 12 GB<\/li>\n<li><strong>\u0130\u015flemci \u00d6zelli\u011fi:<\/strong> U7 255HX 5.3GHz 20C 55W&#xD;\n<\/li>\n<li><strong>Garanti:<\/strong> 3 Y\u0131l Yerinde Garanti<\/li>\n<\/ul>\n","protected":false},"excerpt":{"rendered":"<p>\u00dcr\u00fcn \u00d6zellikleri: Ekran Kart\u0131: GFX NVIDIA RTX PRO3000Blackwell105W+12GB&#xD; \u0130\u015flemci Tipi: Intel Core\u2122 Ultra 7 255HX Optik S\u00fcr\u00fcc\u00fc: &#8211; Sabit Disk Kapasitesi: 1TB SSD Bellek: RAM 32GB (1x32GB) DDR5 5600&#xD; Bellek Kapasitesi: 32 GB Sabit Disk: SSD 1TB 2280 PCIe-4&#215;4 NVMe TLC&#xD; \u0130\u015fletim Sistemi: Windows 11 Pro Ekran Boyutu: 16&quot; Giri\u015f \u00c7\u0131k\u0131\u015flar: Ekran Kart\u0131 Kapasitesi: 12 [&hellip;]<\/p>\n","protected":false},"featured_media":0,"comment_status":"open","ping_status":"closed","template":"","meta":{"content-type":""},"product_brand":[],"product_cat":[727],"product_tag":[],"class_list":{"0":"post-12167","1":"product","2":"type-product","3":"status-publish","5":"product_cat-is-istasyonu-dizustu","7":"first","8":"instock","9":"shipping-taxable","10":"purchasable","11":"product-type-simple"},"_links":{"self":[{"href":"https:\/\/xcore.com.tr\/urunler\/wp-json\/wp\/v2\/product\/12167","targetHints":{"allow":["GET"]}}],"collection":[{"href":"https:\/\/xcore.com.tr\/urunler\/wp-json\/wp\/v2\/product"}],"about":[{"href":"https:\/\/xcore.com.tr\/urunler\/wp-json\/wp\/v2\/types\/product"}],"replies":[{"embeddable":true,"href":"https:\/\/xcore.com.tr\/urunler\/wp-json\/wp\/v2\/comments?post=12167"}],"wp:attachment":[{"href":"https:\/\/xcore.com.tr\/urunler\/wp-json\/wp\/v2\/media?parent=12167"}],"wp:term":[{"taxonomy":"product_brand","embeddable":true,"href":"https:\/\/xcore.com.tr\/urunler\/wp-json\/wp\/v2\/product_brand?post=12167"},{"taxonomy":"product_cat","embeddable":true,"href":"https:\/\/xcore.com.tr\/urunler\/wp-json\/wp\/v2\/product_cat?post=12167"},{"taxonomy":"product_tag","embeddable":true,"href":"https:\/\/xcore.com.tr\/urunler\/wp-json\/wp\/v2\/product_tag?post=12167"}],"curies":[{"name":"wp","href":"https:\/\/api.w.org\/{rel}","templated":true}]}}