{"id":12168,"date":"2026-04-21T17:54:19","date_gmt":"2026-04-21T14:54:19","guid":{"rendered":"https:\/\/xcore.com.tr\/urunler\/product\/hp-nbw-b30hjes-zbook-8-g1i-14-u9-285h-32gb-1x32gb-1tb-ssd-nvidia-rtx-500-ada-4gb-16-w11p-3-yil-yerinde-garanti\/"},"modified":"2026-04-21T17:54:19","modified_gmt":"2026-04-21T14:54:19","slug":"hp-nbw-b30hjes-zbook-8-g1i-14-u9-285h-32gb-1x32gb-1tb-ssd-nvidia-rtx-500-ada-4gb-16-w11p-3-yil-yerinde-garanti","status":"publish","type":"product","link":"https:\/\/xcore.com.tr\/urunler\/product\/hp-nbw-b30hjes-zbook-8-g1i-14-u9-285h-32gb-1x32gb-1tb-ssd-nvidia-rtx-500-ada-4gb-16-w11p-3-yil-yerinde-garanti\/","title":{"rendered":"HP NBW B30HJES ZBOOK 8 G1I 14 U9-285H 32GB (1X32GB) 1TB SSD NVIDIA RTX 500 ADA 4GB 16&#8243; W11P 3 YIL YER\u0130NDE GARANT\u0130"},"content":{"rendered":"<h4>\u00dcr\u00fcn \u00d6zellikleri:<\/h4>\n<ul><\/ul>\n","protected":false},"excerpt":{"rendered":"<p>\u00dcr\u00fcn \u00d6zellikleri:<\/p>\n","protected":false},"featured_media":12169,"comment_status":"open","ping_status":"closed","template":"","meta":{"content-type":""},"product_brand":[],"product_cat":[727],"product_tag":[],"class_list":{"0":"post-12168","1":"product","2":"type-product","3":"status-publish","4":"has-post-thumbnail","6":"product_cat-is-istasyonu-dizustu","8":"first","9":"instock","10":"shipping-taxable","11":"purchasable","12":"product-type-simple"},"_links":{"self":[{"href":"https:\/\/xcore.com.tr\/urunler\/wp-json\/wp\/v2\/product\/12168","targetHints":{"allow":["GET"]}}],"collection":[{"href":"https:\/\/xcore.com.tr\/urunler\/wp-json\/wp\/v2\/product"}],"about":[{"href":"https:\/\/xcore.com.tr\/urunler\/wp-json\/wp\/v2\/types\/product"}],"replies":[{"embeddable":true,"href":"https:\/\/xcore.com.tr\/urunler\/wp-json\/wp\/v2\/comments?post=12168"}],"wp:featuredmedia":[{"embeddable":true,"href":"https:\/\/xcore.com.tr\/urunler\/wp-json\/wp\/v2\/media\/12169"}],"wp:attachment":[{"href":"https:\/\/xcore.com.tr\/urunler\/wp-json\/wp\/v2\/media?parent=12168"}],"wp:term":[{"taxonomy":"product_brand","embeddable":true,"href":"https:\/\/xcore.com.tr\/urunler\/wp-json\/wp\/v2\/product_brand?post=12168"},{"taxonomy":"product_cat","embeddable":true,"href":"https:\/\/xcore.com.tr\/urunler\/wp-json\/wp\/v2\/product_cat?post=12168"},{"taxonomy":"product_tag","embeddable":true,"href":"https:\/\/xcore.com.tr\/urunler\/wp-json\/wp\/v2\/product_tag?post=12168"}],"curies":[{"name":"wp","href":"https:\/\/api.w.org\/{rel}","templated":true}]}}