{"id":12170,"date":"2026-04-21T17:54:20","date_gmt":"2026-04-21T14:54:20","guid":{"rendered":"https:\/\/xcore.com.tr\/urunler\/product\/lenovo-thinkpad-nbw-21fa0003tx-p16-i9-13980hx-2x8gb-512gb-ssd-8gb-nvidia-rtxa2000-16-win11pro-3-yil-yerinde-garanti\/"},"modified":"2026-04-21T17:54:20","modified_gmt":"2026-04-21T14:54:20","slug":"lenovo-thinkpad-nbw-21fa0003tx-p16-i9-13980hx-2x8gb-512gb-ssd-8gb-nvidia-rtxa2000-16-win11pro-3-yil-yerinde-garanti","status":"publish","type":"product","link":"https:\/\/xcore.com.tr\/urunler\/product\/lenovo-thinkpad-nbw-21fa0003tx-p16-i9-13980hx-2x8gb-512gb-ssd-8gb-nvidia-rtxa2000-16-win11pro-3-yil-yerinde-garanti\/","title":{"rendered":"LENOVO THINKPAD NBW 21FA0003TX P16 I9-13980HX 2X8GB 512GB SSD 8GB NVIDIA RTXA2000 16&#8243; WIN11PRO 3 YIL YER\u0130NDE GARANT\u0130"},"content":{"rendered":"<h4>\u00dcr\u00fcn \u00d6zellikleri:<\/h4>\n<ul>\n<li><strong>Sabit Disk:<\/strong> 512 GB SSD M.2 2280 PCIe\u00ae 4.0&#215;4 Performans\u0131 NVMe\u00ae Opal 2.0<\/li>\n<li><strong>\u0130\u015flemci Tipi:<\/strong> Intel I9<\/li>\n<li><strong>Giri\u015f \u00c7\u0131k\u0131\u015flar:<\/strong> 1x USB-A (USB 5Gbps \/ USB 3.2 Gen 1)&#xD;<br \/>\n1x USB-A (USB 5Gbps \/ USB 3.2 Gen 1), Her Zaman A\u00e7\u0131k&#xD;<br \/>\n1x USB-C\u00ae (USB 10Gbps \/ USB 3.2 Gen 2), USB PD 3.0 ile&#xD;<br \/>\n2x Thunderbolt\u2122 4 \/ USB4\u00ae 40 Gbps (veri aktar\u0131m\u0131n\u0131 destekler, Power Delivery 3.0 ve DisplayPort\u2122 1.4)&#xD;<br \/>\nNVIDIA\u00ae grafik kart\u0131na sahip modeller: 1x HDMI\u00ae 2.1, 8K\/60Hz`e kadar&#xD;<br \/>\n1x Kulakl\u0131k \/ mikrofon birle\u015fik giri\u015fi (3,5 mm)&#xD;<br \/>\n1x SD Express 7.0 kart okuyucu&#xD;<br \/>\n1x Ak\u0131ll\u0131 Kart Okuyucu&#xD;<br \/>\n1x Nano-SIM Kart Yuvas\u0131<\/li>\n<li><strong>Ekran Boyutu:<\/strong> 16&quot;<\/li>\n<li><strong>Garanti:<\/strong> 3 Y\u0131l<\/li>\n<li><strong>Model Link:<\/strong> https:\/\/psref.lenovo.com\/Detail\/ThinkPad_P16_Gen_2?M=21FA0003TX<\/li>\n<li><strong>Sabit Disk Kapasitesi:<\/strong> 512GB SSD<\/li>\n<li><strong>\u0130\u015flemci \u00d6zelli\u011fi:<\/strong> Intel\u00ae Core\u2122 i9-13980HX, 24C (8P + 16E) \/ 32T, P-\u00e7ekirdek 2,2 \/ 5,6GHz, E-\u00e7ekirdek 1,6 \/ 4,0GHz, 36MB<\/li>\n<li><strong>\u0130\u015fletim Sistemi:<\/strong> W11<\/li>\n<li><strong>Optik S\u00fcr\u00fcc\u00fc:<\/strong> Yok<\/li>\n<li><strong>Ekran Kart\u0131 Kapasitesi:<\/strong> 8 GB<\/li>\n<li><strong>Bellek:<\/strong> 2x 8 GB SO-DIMM DDR5-5600 ECC Olmayan<\/li>\n<li><strong>Bellek Kapasitesi:<\/strong> 16 GB<\/li>\n<li><strong>Ekran Kart\u0131:<\/strong> NVIDIA\u00ae RTX 2000 Ada Nesil 8GB GDDR6<\/li>\n<\/ul>\n","protected":false},"excerpt":{"rendered":"<p>\u00dcr\u00fcn \u00d6zellikleri: Sabit Disk: 512 GB SSD M.2 2280 PCIe\u00ae 4.0&#215;4 Performans\u0131 NVMe\u00ae Opal 2.0 \u0130\u015flemci Tipi: Intel I9 Giri\u015f \u00c7\u0131k\u0131\u015flar: 1x USB-A (USB 5Gbps \/ USB 3.2 Gen 1)&#xD; 1x USB-A (USB 5Gbps \/ USB 3.2 Gen 1), Her Zaman A\u00e7\u0131k&#xD; 1x USB-C\u00ae (USB 10Gbps \/ USB 3.2 Gen 2), USB PD 3.0 ile&#xD; [&hellip;]<\/p>\n","protected":false},"featured_media":12171,"comment_status":"open","ping_status":"closed","template":"","meta":{"content-type":""},"product_brand":[],"product_cat":[727],"product_tag":[],"class_list":{"0":"post-12170","1":"product","2":"type-product","3":"status-publish","4":"has-post-thumbnail","6":"product_cat-is-istasyonu-dizustu","8":"first","9":"outofstock","10":"shipping-taxable","11":"purchasable","12":"product-type-simple"},"_links":{"self":[{"href":"https:\/\/xcore.com.tr\/urunler\/wp-json\/wp\/v2\/product\/12170","targetHints":{"allow":["GET"]}}],"collection":[{"href":"https:\/\/xcore.com.tr\/urunler\/wp-json\/wp\/v2\/product"}],"about":[{"href":"https:\/\/xcore.com.tr\/urunler\/wp-json\/wp\/v2\/types\/product"}],"replies":[{"embeddable":true,"href":"https:\/\/xcore.com.tr\/urunler\/wp-json\/wp\/v2\/comments?post=12170"}],"wp:featuredmedia":[{"embeddable":true,"href":"https:\/\/xcore.com.tr\/urunler\/wp-json\/wp\/v2\/media\/12171"}],"wp:attachment":[{"href":"https:\/\/xcore.com.tr\/urunler\/wp-json\/wp\/v2\/media?parent=12170"}],"wp:term":[{"taxonomy":"product_brand","embeddable":true,"href":"https:\/\/xcore.com.tr\/urunler\/wp-json\/wp\/v2\/product_brand?post=12170"},{"taxonomy":"product_cat","embeddable":true,"href":"https:\/\/xcore.com.tr\/urunler\/wp-json\/wp\/v2\/product_cat?post=12170"},{"taxonomy":"product_tag","embeddable":true,"href":"https:\/\/xcore.com.tr\/urunler\/wp-json\/wp\/v2\/product_tag?post=12170"}],"curies":[{"name":"wp","href":"https:\/\/api.w.org\/{rel}","templated":true}]}}