{"id":12176,"date":"2026-04-21T17:54:22","date_gmt":"2026-04-21T14:54:22","guid":{"rendered":"https:\/\/xcore.com.tr\/urunler\/product\/lenovo-thinkpad-nbw-21kx001stx-mws-p16-v2-ultra-9-185h-2x16gb-1x1tb-ssd-nvidia-rtx3000ada-8gb-w11p-3-yil-yerinde-garanti\/"},"modified":"2026-04-21T17:54:22","modified_gmt":"2026-04-21T14:54:22","slug":"lenovo-thinkpad-nbw-21kx001stx-mws-p16-v2-ultra-9-185h-2x16gb-1x1tb-ssd-nvidia-rtx3000ada-8gb-w11p-3-yil-yerinde-garanti","status":"publish","type":"product","link":"https:\/\/xcore.com.tr\/urunler\/product\/lenovo-thinkpad-nbw-21kx001stx-mws-p16-v2-ultra-9-185h-2x16gb-1x1tb-ssd-nvidia-rtx3000ada-8gb-w11p-3-yil-yerinde-garanti\/","title":{"rendered":"LENOVO THINKPAD NBW 21KX001STX MWS P16 V2 ULTRA-9 185H 2X16GB 1X1TB SSD NVIDIA RTX3000ADA 8GB W11P 3 YIL YER\u0130NDE GARANT\u0130"},"content":{"rendered":"<h4>\u00dcr\u00fcn \u00d6zellikleri:<\/h4>\n<ul>\n<li><strong>Bellek:<\/strong> 2x 16GB SO-DIMM DDR5-5600 ECC<\/li>\n<li><strong>Garanti:<\/strong> 3 Y\u0131l Yerinde Garanti<\/li>\n<li><strong>Ekran Boyutu:<\/strong> 16&quot;<\/li>\n<li><strong>Bellek Kapasitesi:<\/strong> 32 GB<\/li>\n<li><strong>\u0130\u015flemci \u00d6zelli\u011fi:<\/strong> Intel\u00ae Core\u2122 Ultra 9 185H, 16C (6P + 8E + 2LPE) \/ 22T, Maksimum Turbo 5,1 GHz`e kadar, 24 MB<\/li>\n<li><strong>Model Link:<\/strong> https:\/\/psref.lenovo.com\/Detail\/ThinkPad_P16v_Gen_2_Intel?M=21KX001STX<\/li>\n<li><strong>Ekran Kart\u0131 Kapasitesi:<\/strong> 8 GB<\/li>\n<li><strong>Optik S\u00fcr\u00fcc\u00fc:<\/strong> Yok<\/li>\n<li><strong>Ekran Kart\u0131:<\/strong> NVIDIA\u00ae RTX 3000 Ada Generation 8GB GDDR6<\/li>\n<li><strong>\u0130\u015flemci Tipi:<\/strong> Intel\u00ae Core\u2122 Ultra 9 185H<\/li>\n<li><strong>Sabit Disk:<\/strong> 1TB SSD M.2 2280 PCIe\u00ae 4.0&#215;4 Performans NVMe\u00ae Opal 2.0<\/li>\n<li><strong>Giri\u015f \u00c7\u0131k\u0131\u015flar:<\/strong> 1x USB-A (USB 5Gbps \/ USB 3.2 Gen 1), Her Zaman A\u00e7\u0131k&#xD;<br \/>\n2x USB-C\u00ae (Thunderbolt\u2122 4 \/ USB4\u00ae 40 Gbps), USB PD 3.0 ve DisplayPort\u2122 2.1 ile&#xD;<br \/>\n1x HDMI\u00ae 2.1, 8K\/60Hz`e kadar&#xD;<br \/>\n1x Kulakl\u0131k \/ mikrofon kombo jak\u0131 (3,5 mm)&#xD;<br \/>\n1x Ethernet (RJ-45)&#xD;<br \/>\n1x SD Express 7.0 kart okuyucu&#xD;<br \/>\n1x G\u00fcvenlik anahtar deli\u011fi<\/li>\n<li><strong>\u0130\u015fletim Sistemi:<\/strong> Windows 11 Pro<\/li>\n<li><strong>Sabit Disk Kapasitesi:<\/strong> 1 TB<\/li>\n<\/ul>\n","protected":false},"excerpt":{"rendered":"<p>\u00dcr\u00fcn \u00d6zellikleri: Bellek: 2x 16GB SO-DIMM DDR5-5600 ECC Garanti: 3 Y\u0131l Yerinde Garanti Ekran Boyutu: 16&quot; Bellek Kapasitesi: 32 GB \u0130\u015flemci \u00d6zelli\u011fi: Intel\u00ae Core\u2122 Ultra 9 185H, 16C (6P + 8E + 2LPE) \/ 22T, Maksimum Turbo 5,1 GHz`e kadar, 24 MB Model Link: https:\/\/psref.lenovo.com\/Detail\/ThinkPad_P16v_Gen_2_Intel?M=21KX001STX Ekran Kart\u0131 Kapasitesi: 8 GB Optik S\u00fcr\u00fcc\u00fc: Yok Ekran Kart\u0131: [&hellip;]<\/p>\n","protected":false},"featured_media":12177,"comment_status":"open","ping_status":"closed","template":"","meta":{"content-type":""},"product_brand":[],"product_cat":[727],"product_tag":[],"class_list":{"0":"post-12176","1":"product","2":"type-product","3":"status-publish","4":"has-post-thumbnail","6":"product_cat-is-istasyonu-dizustu","8":"first","9":"instock","10":"shipping-taxable","11":"purchasable","12":"product-type-simple"},"_links":{"self":[{"href":"https:\/\/xcore.com.tr\/urunler\/wp-json\/wp\/v2\/product\/12176","targetHints":{"allow":["GET"]}}],"collection":[{"href":"https:\/\/xcore.com.tr\/urunler\/wp-json\/wp\/v2\/product"}],"about":[{"href":"https:\/\/xcore.com.tr\/urunler\/wp-json\/wp\/v2\/types\/product"}],"replies":[{"embeddable":true,"href":"https:\/\/xcore.com.tr\/urunler\/wp-json\/wp\/v2\/comments?post=12176"}],"wp:featuredmedia":[{"embeddable":true,"href":"https:\/\/xcore.com.tr\/urunler\/wp-json\/wp\/v2\/media\/12177"}],"wp:attachment":[{"href":"https:\/\/xcore.com.tr\/urunler\/wp-json\/wp\/v2\/media?parent=12176"}],"wp:term":[{"taxonomy":"product_brand","embeddable":true,"href":"https:\/\/xcore.com.tr\/urunler\/wp-json\/wp\/v2\/product_brand?post=12176"},{"taxonomy":"product_cat","embeddable":true,"href":"https:\/\/xcore.com.tr\/urunler\/wp-json\/wp\/v2\/product_cat?post=12176"},{"taxonomy":"product_tag","embeddable":true,"href":"https:\/\/xcore.com.tr\/urunler\/wp-json\/wp\/v2\/product_tag?post=12176"}],"curies":[{"name":"wp","href":"https:\/\/api.w.org\/{rel}","templated":true}]}}