{"id":12178,"date":"2026-04-21T17:54:23","date_gmt":"2026-04-21T14:54:23","guid":{"rendered":"https:\/\/xcore.com.tr\/urunler\/product\/lenovo-thinkpad-nbw-21kx001mtx-p16v-v2-ultra-7-165h-2x16gb-1tb-ssd-nvidia-rtx2000ada-8gb-16-w11p-3-yil-yerinde-garanti\/"},"modified":"2026-04-21T17:54:23","modified_gmt":"2026-04-21T14:54:23","slug":"lenovo-thinkpad-nbw-21kx001mtx-p16v-v2-ultra-7-165h-2x16gb-1tb-ssd-nvidia-rtx2000ada-8gb-16-w11p-3-yil-yerinde-garanti","status":"publish","type":"product","link":"https:\/\/xcore.com.tr\/urunler\/product\/lenovo-thinkpad-nbw-21kx001mtx-p16v-v2-ultra-7-165h-2x16gb-1tb-ssd-nvidia-rtx2000ada-8gb-16-w11p-3-yil-yerinde-garanti\/","title":{"rendered":"LENOVO THINKPAD NBW 21KX001MTX P16V V2 ULTRA-7 165H 2X16GB 1TB SSD NVIDIA RTX2000ADA 8GB 16&#8243; W11P 3 YIL YER\u0130NDE GARANT\u0130"},"content":{"rendered":"<h4>\u00dcr\u00fcn \u00d6zellikleri:<\/h4>\n<ul>\n<li><strong>Sabit Disk Kapasitesi:<\/strong> 1TB SSD<\/li>\n<li><strong>\u0130\u015flemci \u00d6zelli\u011fi:<\/strong> Intel\u00ae Core\u2122 Ultra 7 165H, 16C (6P + 8E + 2LPE) \/ 22T, Max Turbo up to 5.0GHz, 24MB&#xD;\n<\/li>\n<li><strong>\u0130\u015fletim Sistemi:<\/strong> Windows 11 Pro<\/li>\n<li><strong>\u0130\u015flemci Tipi:<\/strong> Intel Core Ultra7 165H<\/li>\n<li><strong>Sabit Disk:<\/strong> 1TB SSD M.2 2280 PCIe\u00ae 4.0&#215;4 Performance NVMe\u00ae Opal 2.0 \/ Up to 2x M.2 SSD Max 4TB&#xD;\n<\/li>\n<li><strong>Garanti:<\/strong> 3 Y\u0131l Yerinde Garanti<\/li>\n<li><strong>A\u00e7\u0131klama:<\/strong> <\/li>\n<li><strong>Ekran Kart\u0131:<\/strong> NVIDIA\u00ae RTX 2000 Ada Generation 8GB GDDR6&#xD;\n<\/li>\n<li><strong>Ekran Kart\u0131 Kapasitesi:<\/strong> 8 GB<\/li>\n<li><strong>Optik S\u00fcr\u00fcc\u00fc:<\/strong> &#8211;<\/li>\n<li><strong>Ekran Boyutu:<\/strong> 16&quot;<\/li>\n<li><strong>Bellek:<\/strong> 32GB 2x 16GB SO-DIMM DDR5-5600 Non-ECC \/ Two DDR5 SO-DIMM slots,&#xD;\n<\/li>\n<li><strong>Bellek Kapasitesi:<\/strong> 32 GB<\/li>\n<\/ul>\n","protected":false},"excerpt":{"rendered":"<p>\u00dcr\u00fcn \u00d6zellikleri: Sabit Disk Kapasitesi: 1TB SSD \u0130\u015flemci \u00d6zelli\u011fi: Intel\u00ae Core\u2122 Ultra 7 165H, 16C (6P + 8E + 2LPE) \/ 22T, Max Turbo up to 5.0GHz, 24MB&#xD; \u0130\u015fletim Sistemi: Windows 11 Pro \u0130\u015flemci Tipi: Intel Core Ultra7 165H Sabit Disk: 1TB SSD M.2 2280 PCIe\u00ae 4.0&#215;4 Performance NVMe\u00ae Opal 2.0 \/ Up to 2x [&hellip;]<\/p>\n","protected":false},"featured_media":12179,"comment_status":"open","ping_status":"closed","template":"","meta":{"content-type":""},"product_brand":[],"product_cat":[727],"product_tag":[],"class_list":{"0":"post-12178","1":"product","2":"type-product","3":"status-publish","4":"has-post-thumbnail","6":"product_cat-is-istasyonu-dizustu","8":"first","9":"instock","10":"shipping-taxable","11":"purchasable","12":"product-type-simple"},"_links":{"self":[{"href":"https:\/\/xcore.com.tr\/urunler\/wp-json\/wp\/v2\/product\/12178","targetHints":{"allow":["GET"]}}],"collection":[{"href":"https:\/\/xcore.com.tr\/urunler\/wp-json\/wp\/v2\/product"}],"about":[{"href":"https:\/\/xcore.com.tr\/urunler\/wp-json\/wp\/v2\/types\/product"}],"replies":[{"embeddable":true,"href":"https:\/\/xcore.com.tr\/urunler\/wp-json\/wp\/v2\/comments?post=12178"}],"wp:featuredmedia":[{"embeddable":true,"href":"https:\/\/xcore.com.tr\/urunler\/wp-json\/wp\/v2\/media\/12179"}],"wp:attachment":[{"href":"https:\/\/xcore.com.tr\/urunler\/wp-json\/wp\/v2\/media?parent=12178"}],"wp:term":[{"taxonomy":"product_brand","embeddable":true,"href":"https:\/\/xcore.com.tr\/urunler\/wp-json\/wp\/v2\/product_brand?post=12178"},{"taxonomy":"product_cat","embeddable":true,"href":"https:\/\/xcore.com.tr\/urunler\/wp-json\/wp\/v2\/product_cat?post=12178"},{"taxonomy":"product_tag","embeddable":true,"href":"https:\/\/xcore.com.tr\/urunler\/wp-json\/wp\/v2\/product_tag?post=12178"}],"curies":[{"name":"wp","href":"https:\/\/api.w.org\/{rel}","templated":true}]}}