{"id":12180,"date":"2026-04-21T17:54:24","date_gmt":"2026-04-21T14:54:24","guid":{"rendered":"https:\/\/xcore.com.tr\/urunler\/product\/lenovo-thinkpad-nbw-21fa0005tx-p16-v2-i9-13980hx-24c-2-2ghz-2x16gb-1tb-ssd-nvidia-rtx4000ada-w11p-3-yil-yerinde\/"},"modified":"2026-04-21T17:54:24","modified_gmt":"2026-04-21T14:54:24","slug":"lenovo-thinkpad-nbw-21fa0005tx-p16-v2-i9-13980hx-24c-2-2ghz-2x16gb-1tb-ssd-nvidia-rtx4000ada-w11p-3-yil-yerinde","status":"publish","type":"product","link":"https:\/\/xcore.com.tr\/urunler\/product\/lenovo-thinkpad-nbw-21fa0005tx-p16-v2-i9-13980hx-24c-2-2ghz-2x16gb-1tb-ssd-nvidia-rtx4000ada-w11p-3-yil-yerinde\/","title":{"rendered":"LENOVO THINKPAD NBW 21FA0005TX P16 V2 I9-13980HX 24C 2.2GHZ 2X16GB 1TB SSD NVIDIA RTX4000ADA W11P 3 YIL YER\u0130NDE"},"content":{"rendered":"<h4>\u00dcr\u00fcn \u00d6zellikleri:<\/h4>\n<ul>\n<li><strong>\u0130\u015flemci \u00d6zelli\u011fi:<\/strong> Intel\u00ae Core i9-13980HX, 24C (8P + 16E) \/ 32T, P-core 2.2 \/ 5.6GHz, E-core 1.6 \/ 4.0GHz, 36MB Intel Smart Cache<\/li>\n<li><strong>Bellek Kapasitesi:<\/strong> 32 GB<\/li>\n<li><strong>Bellek:<\/strong> 2x 16GB SODIMM DDR5-5600 Non-ECC<\/li>\n<li><strong>\u0130\u015fletim Sistemi:<\/strong> Windows 11 Pro<\/li>\n<li><strong>Ekran Kart\u0131:<\/strong> NVIDIA\u00ae RTX 4000 Ada Generation 12GB GDDR6 ECC<\/li>\n<li><strong>Sabit Disk Kapasitesi:<\/strong> 1TB SSD<\/li>\n<li><strong>Ekran Kart\u0131 Kapasitesi:<\/strong> 12 GB<\/li>\n<li><strong>Optik S\u00fcr\u00fcc\u00fc:<\/strong> &#8211;<\/li>\n<li><strong>Garanti:<\/strong> 3 Y\u0131l Yerinde Garanti<\/li>\n<li><strong>Sabit Disk:<\/strong> 1TB SSD M.2 2280 PCIe\u00ae 4.0&#215;4 Performance NVMe\u00ae Opal 2.0<\/li>\n<li><strong>\u0130\u015flemci Tipi:<\/strong> Intel\u00ae Core i9-13980HX, 24C (8P + 16E) \/ 32T, P-core 2.2 \/ 5.6GHz, E-core 1.6 \/ 4.0GHz, 36MB Intel Smart Cache<\/li>\n<li><strong>Ekran Boyutu:<\/strong> 16&quot;<\/li>\n<li><strong>Giri\u015f \u00c7\u0131k\u0131\u015flar:<\/strong> 1x USB-A (USB 5Gbps \/ USB 3.2 Gen 1)&#xD;<br \/>\n1x USB-A (USB 5Gbps \/ USB 3.2 Gen 1), Always On&#xD;<br \/>\n1x USB-C\u00ae (USB 10Gbps \/ USB 3.2 Gen 2), with USB PD 3.0&#xD;<br \/>\n2x Thunderbolt\u2122 4 \/ USB4\u00ae 40Gbps (support data transfer and DisplayPort\u2122 1.4)&#xD;<br \/>\n1x HDMI\u00ae 2.1, up to 8K\/60Hz or 4K\/240Hz (models with discrete graphics)&#xD;<br \/>\n1x Headphone \/ microphone combo jack (3.5mm)&#xD;<br \/>\n1x SD Express 7.0 card reader<\/li>\n<\/ul>\n","protected":false},"excerpt":{"rendered":"<p>\u00dcr\u00fcn \u00d6zellikleri: \u0130\u015flemci \u00d6zelli\u011fi: Intel\u00ae Core i9-13980HX, 24C (8P + 16E) \/ 32T, P-core 2.2 \/ 5.6GHz, E-core 1.6 \/ 4.0GHz, 36MB Intel Smart Cache Bellek Kapasitesi: 32 GB Bellek: 2x 16GB SODIMM DDR5-5600 Non-ECC \u0130\u015fletim Sistemi: Windows 11 Pro Ekran Kart\u0131: NVIDIA\u00ae RTX 4000 Ada Generation 12GB GDDR6 ECC Sabit Disk Kapasitesi: 1TB SSD [&hellip;]<\/p>\n","protected":false},"featured_media":12181,"comment_status":"open","ping_status":"closed","template":"","meta":{"content-type":""},"product_brand":[],"product_cat":[727],"product_tag":[],"class_list":{"0":"post-12180","1":"product","2":"type-product","3":"status-publish","4":"has-post-thumbnail","6":"product_cat-is-istasyonu-dizustu","8":"first","9":"instock","10":"shipping-taxable","11":"purchasable","12":"product-type-simple"},"_links":{"self":[{"href":"https:\/\/xcore.com.tr\/urunler\/wp-json\/wp\/v2\/product\/12180","targetHints":{"allow":["GET"]}}],"collection":[{"href":"https:\/\/xcore.com.tr\/urunler\/wp-json\/wp\/v2\/product"}],"about":[{"href":"https:\/\/xcore.com.tr\/urunler\/wp-json\/wp\/v2\/types\/product"}],"replies":[{"embeddable":true,"href":"https:\/\/xcore.com.tr\/urunler\/wp-json\/wp\/v2\/comments?post=12180"}],"wp:featuredmedia":[{"embeddable":true,"href":"https:\/\/xcore.com.tr\/urunler\/wp-json\/wp\/v2\/media\/12181"}],"wp:attachment":[{"href":"https:\/\/xcore.com.tr\/urunler\/wp-json\/wp\/v2\/media?parent=12180"}],"wp:term":[{"taxonomy":"product_brand","embeddable":true,"href":"https:\/\/xcore.com.tr\/urunler\/wp-json\/wp\/v2\/product_brand?post=12180"},{"taxonomy":"product_cat","embeddable":true,"href":"https:\/\/xcore.com.tr\/urunler\/wp-json\/wp\/v2\/product_cat?post=12180"},{"taxonomy":"product_tag","embeddable":true,"href":"https:\/\/xcore.com.tr\/urunler\/wp-json\/wp\/v2\/product_tag?post=12180"}],"curies":[{"name":"wp","href":"https:\/\/api.w.org\/{rel}","templated":true}]}}