{"id":12184,"date":"2026-04-21T17:54:26","date_gmt":"2026-04-21T14:54:26","guid":{"rendered":"https:\/\/xcore.com.tr\/urunler\/product\/lenovo-thinkpad-nbw-21qv000ytx-p16s-g4-u7-255h-1x16gb-1x512gb-ssd-nvidia-rtxpro500-b-well-6gb-w11p-3-yil-yerinde-garanti\/"},"modified":"2026-04-21T17:54:26","modified_gmt":"2026-04-21T14:54:26","slug":"lenovo-thinkpad-nbw-21qv000ytx-p16s-g4-u7-255h-1x16gb-1x512gb-ssd-nvidia-rtxpro500-b-well-6gb-w11p-3-yil-yerinde-garanti","status":"publish","type":"product","link":"https:\/\/xcore.com.tr\/urunler\/product\/lenovo-thinkpad-nbw-21qv000ytx-p16s-g4-u7-255h-1x16gb-1x512gb-ssd-nvidia-rtxpro500-b-well-6gb-w11p-3-yil-yerinde-garanti\/","title":{"rendered":"LENOVO THINKPAD NBW 21QV000YTX P16S G4 U7 255H 1X16GB 1X512GB SSD NVIDIA RTXPRO500 B.WELL 6GB W11P 3 YIL YER\u0130NDE GARANT\u0130"},"content":{"rendered":"<h4>\u00dcr\u00fcn \u00d6zellikleri:<\/h4>\n<ul>\n<li><strong>\u0130\u015fletim Sistemi:<\/strong> Windows 11 Pro<\/li>\n<li><strong>Ekran Kart\u0131 Kapasitesi:<\/strong> 6 GB<\/li>\n<li><strong>Ekran Kart\u0131:<\/strong> NVIDIA\u00ae RTX PRO 500 Blackwell Generation 6GB GDDR7 Laptop GPU<\/li>\n<li><strong>A\u00e7\u0131klama:<\/strong> <\/li>\n<li><strong>Sabit Disk Kapasitesi:<\/strong> 512GB SSD<\/li>\n<li><strong>\u0130\u015flemci Tipi:<\/strong> Intel\u00ae Core Ultra 7 255H<\/li>\n<li><strong>Giri\u015f \u00c7\u0131k\u0131\u015flar:<\/strong> 1x USB-A (USB 5Gbps \/ USB 3.2 Gen 1)&#xD;<br \/>\n1x USB-A (USB 5Gbps \/ USB 3.2 Gen 1), Always On&#xD;<br \/>\n2x Thunderbolt\u2122 4, with USB PD 3.0&#xD;<br \/>\n1x HDMI\u00ae 2.1, up to 4K\/60Hz&#xD;<br \/>\n1x Headphone \/ microphone combo jack (3.5mm)&#xD;<br \/>\n1x Ethernet (GbE RJ-45)&#xD;<br \/>\n1x Security keyhole<\/li>\n<li><strong>Optik S\u00fcr\u00fcc\u00fc:<\/strong> &#8211;<\/li>\n<li><strong>Garanti:<\/strong> 3 Y\u0131l Yerinde Garanti<\/li>\n<li><strong>\u0130\u015flemci \u00d6zelli\u011fi:<\/strong> Intel\u00ae Core Ultra 7 255H, 16C (6P + 8E + 2LPE) \/ 16T, Max Turbo up to 5.1GHz, 24MB Intel Smart Cache<\/li>\n<li><strong>Model Link:<\/strong> <\/li>\n<li><strong>Bellek:<\/strong> 1x 16GB SODIMM DDR5-5600 Non-ECC<\/li>\n<li><strong>Ekran Boyutu:<\/strong> 16&quot;<\/li>\n<li><strong>Sabit Disk:<\/strong> 512GB SSD M.2 2280 PCIe\u00ae 5.0&#215;4 Performance NVMe\u00ae Opal 2.0<\/li>\n<li><strong>Bellek Kapasitesi:<\/strong> 16 GB<\/li>\n<\/ul>\n","protected":false},"excerpt":{"rendered":"<p>\u00dcr\u00fcn \u00d6zellikleri: \u0130\u015fletim Sistemi: Windows 11 Pro Ekran Kart\u0131 Kapasitesi: 6 GB Ekran Kart\u0131: NVIDIA\u00ae RTX PRO 500 Blackwell Generation 6GB GDDR7 Laptop GPU A\u00e7\u0131klama: Sabit Disk Kapasitesi: 512GB SSD \u0130\u015flemci Tipi: Intel\u00ae Core Ultra 7 255H Giri\u015f \u00c7\u0131k\u0131\u015flar: 1x USB-A (USB 5Gbps \/ USB 3.2 Gen 1)&#xD; 1x USB-A (USB 5Gbps \/ USB 3.2 [&hellip;]<\/p>\n","protected":false},"featured_media":12185,"comment_status":"open","ping_status":"closed","template":"","meta":{"content-type":""},"product_brand":[],"product_cat":[727],"product_tag":[],"class_list":{"0":"post-12184","1":"product","2":"type-product","3":"status-publish","4":"has-post-thumbnail","6":"product_cat-is-istasyonu-dizustu","8":"first","9":"instock","10":"shipping-taxable","11":"purchasable","12":"product-type-simple"},"_links":{"self":[{"href":"https:\/\/xcore.com.tr\/urunler\/wp-json\/wp\/v2\/product\/12184","targetHints":{"allow":["GET"]}}],"collection":[{"href":"https:\/\/xcore.com.tr\/urunler\/wp-json\/wp\/v2\/product"}],"about":[{"href":"https:\/\/xcore.com.tr\/urunler\/wp-json\/wp\/v2\/types\/product"}],"replies":[{"embeddable":true,"href":"https:\/\/xcore.com.tr\/urunler\/wp-json\/wp\/v2\/comments?post=12184"}],"wp:featuredmedia":[{"embeddable":true,"href":"https:\/\/xcore.com.tr\/urunler\/wp-json\/wp\/v2\/media\/12185"}],"wp:attachment":[{"href":"https:\/\/xcore.com.tr\/urunler\/wp-json\/wp\/v2\/media?parent=12184"}],"wp:term":[{"taxonomy":"product_brand","embeddable":true,"href":"https:\/\/xcore.com.tr\/urunler\/wp-json\/wp\/v2\/product_brand?post=12184"},{"taxonomy":"product_cat","embeddable":true,"href":"https:\/\/xcore.com.tr\/urunler\/wp-json\/wp\/v2\/product_cat?post=12184"},{"taxonomy":"product_tag","embeddable":true,"href":"https:\/\/xcore.com.tr\/urunler\/wp-json\/wp\/v2\/product_tag?post=12184"}],"curies":[{"name":"wp","href":"https:\/\/api.w.org\/{rel}","templated":true}]}}