{"id":12190,"date":"2026-04-21T17:54:29","date_gmt":"2026-04-21T14:54:29","guid":{"rendered":"https:\/\/xcore.com.tr\/urunler\/product\/lenovo-thinkpad-nbw-21qws1s900-p16s-ultra-7-265h-1x32gb-1x1tb-ssd-nvidia-rtxpro1000-b-well-8gb-fdos-3-yil-garanti\/"},"modified":"2026-04-21T17:54:29","modified_gmt":"2026-04-21T14:54:29","slug":"lenovo-thinkpad-nbw-21qws1s900-p16s-ultra-7-265h-1x32gb-1x1tb-ssd-nvidia-rtxpro1000-b-well-8gb-fdos-3-yil-garanti","status":"publish","type":"product","link":"https:\/\/xcore.com.tr\/urunler\/product\/lenovo-thinkpad-nbw-21qws1s900-p16s-ultra-7-265h-1x32gb-1x1tb-ssd-nvidia-rtxpro1000-b-well-8gb-fdos-3-yil-garanti\/","title":{"rendered":"LENOVO THINKPAD NBW 21QWS1S900 P16S ULTRA 7 265H 1X32GB 1X1TB SSD NVIDIA RTXPRO1000 B.WELL 8GB FDOS 3 YIL GARANT\u0130"},"content":{"rendered":"<h4>\u00dcr\u00fcn \u00d6zellikleri:<\/h4>\n<ul><\/ul>\n","protected":false},"excerpt":{"rendered":"<p>\u00dcr\u00fcn \u00d6zellikleri:<\/p>\n","protected":false},"featured_media":12191,"comment_status":"open","ping_status":"closed","template":"","meta":{"content-type":""},"product_brand":[],"product_cat":[727],"product_tag":[],"class_list":{"0":"post-12190","1":"product","2":"type-product","3":"status-publish","4":"has-post-thumbnail","6":"product_cat-is-istasyonu-dizustu","8":"first","9":"outofstock","10":"shipping-taxable","11":"purchasable","12":"product-type-simple"},"_links":{"self":[{"href":"https:\/\/xcore.com.tr\/urunler\/wp-json\/wp\/v2\/product\/12190","targetHints":{"allow":["GET"]}}],"collection":[{"href":"https:\/\/xcore.com.tr\/urunler\/wp-json\/wp\/v2\/product"}],"about":[{"href":"https:\/\/xcore.com.tr\/urunler\/wp-json\/wp\/v2\/types\/product"}],"replies":[{"embeddable":true,"href":"https:\/\/xcore.com.tr\/urunler\/wp-json\/wp\/v2\/comments?post=12190"}],"wp:featuredmedia":[{"embeddable":true,"href":"https:\/\/xcore.com.tr\/urunler\/wp-json\/wp\/v2\/media\/12191"}],"wp:attachment":[{"href":"https:\/\/xcore.com.tr\/urunler\/wp-json\/wp\/v2\/media?parent=12190"}],"wp:term":[{"taxonomy":"product_brand","embeddable":true,"href":"https:\/\/xcore.com.tr\/urunler\/wp-json\/wp\/v2\/product_brand?post=12190"},{"taxonomy":"product_cat","embeddable":true,"href":"https:\/\/xcore.com.tr\/urunler\/wp-json\/wp\/v2\/product_cat?post=12190"},{"taxonomy":"product_tag","embeddable":true,"href":"https:\/\/xcore.com.tr\/urunler\/wp-json\/wp\/v2\/product_tag?post=12190"}],"curies":[{"name":"wp","href":"https:\/\/api.w.org\/{rel}","templated":true}]}}