{"id":12192,"date":"2026-04-21T17:54:30","date_gmt":"2026-04-21T14:54:30","guid":{"rendered":"https:\/\/xcore.com.tr\/urunler\/product\/lenovo-thinkpad-nbw-21rrs0lc00-ultra-9-285hx-2x16gb-1x1tb-nvidia-rtxpro4000-b-well-16gb-w11p-3-yil-garanti\/"},"modified":"2026-04-21T17:54:30","modified_gmt":"2026-04-21T14:54:30","slug":"lenovo-thinkpad-nbw-21rrs0lc00-ultra-9-285hx-2x16gb-1x1tb-nvidia-rtxpro4000-b-well-16gb-w11p-3-yil-garanti","status":"publish","type":"product","link":"https:\/\/xcore.com.tr\/urunler\/product\/lenovo-thinkpad-nbw-21rrs0lc00-ultra-9-285hx-2x16gb-1x1tb-nvidia-rtxpro4000-b-well-16gb-w11p-3-yil-garanti\/","title":{"rendered":"LENOVO THINKPAD NBW 21RRS0LC00 ULTRA 9 285HX 2X16GB 1X1TB NVIDIA RTXPRO4000 B.WELL 16GB W11P 3 YIL GARANT\u0130"},"content":{"rendered":"<h4>\u00dcr\u00fcn \u00d6zellikleri:<\/h4>\n<ul>\n<li><strong>Bellek:<\/strong> 32 GB DDR5-5600MT\/s (SODIMM) &#8211; (2 x 16 GB)  Four DDR5 SO-DIMM slots<\/li>\n<li><strong>Optik S\u00fcr\u00fcc\u00fc:<\/strong> &#8211;<\/li>\n<li><strong>Ekran Boyutu:<\/strong> 16&quot;<\/li>\n<li><strong>\u0130\u015fletim Sistemi:<\/strong> Windows 11 Pro<\/li>\n<li><strong>Bellek Kapasitesi:<\/strong> 32 GB<\/li>\n<li><strong>Ekran Kart\u0131:<\/strong> NVIDIA RTX PRO\u2122 4000 Blackwell Laptop GPU 16GB GDDR7 <\/li>\n<li><strong>Sabit Disk:<\/strong> 1 TB SSD M.2 2280 PCIe Gen5 Performance TLC Opal<\/li>\n<li><strong>Garanti:<\/strong> 3 Y\u0131l Yerinde Garanti<\/li>\n<li><strong>Ekran Kart\u0131 Kapasitesi:<\/strong> 16 GB<\/li>\n<li><strong>\u0130\u015flemci \u00d6zelli\u011fi:<\/strong> Intel\u00ae Core\u2122 Ultra 9 285HX vPro\u00ae Processor (E-cores up to 4.60 GHz P-cores up to 5.50 GHz)<\/li>\n<li><strong>Giri\u015f \u00c7\u0131k\u0131\u015flar:<\/strong> <\/li>\n<li><strong>Sabit Disk Kapasitesi:<\/strong> 1TB SSD<\/li>\n<li><strong>\u0130\u015flemci Tipi:<\/strong> Intel Core Ultra 9 285HX<\/li>\n<\/ul>\n","protected":false},"excerpt":{"rendered":"<p>\u00dcr\u00fcn \u00d6zellikleri: Bellek: 32 GB DDR5-5600MT\/s (SODIMM) &#8211; (2 x 16 GB) Four DDR5 SO-DIMM slots Optik S\u00fcr\u00fcc\u00fc: &#8211; Ekran Boyutu: 16&quot; \u0130\u015fletim Sistemi: Windows 11 Pro Bellek Kapasitesi: 32 GB Ekran Kart\u0131: NVIDIA RTX PRO\u2122 4000 Blackwell Laptop GPU 16GB GDDR7 Sabit Disk: 1 TB SSD M.2 2280 PCIe Gen5 Performance TLC Opal Garanti: [&hellip;]<\/p>\n","protected":false},"featured_media":12193,"comment_status":"open","ping_status":"closed","template":"","meta":{"content-type":""},"product_brand":[],"product_cat":[727],"product_tag":[],"class_list":{"0":"post-12192","1":"product","2":"type-product","3":"status-publish","4":"has-post-thumbnail","6":"product_cat-is-istasyonu-dizustu","8":"first","9":"instock","10":"shipping-taxable","11":"purchasable","12":"product-type-simple"},"_links":{"self":[{"href":"https:\/\/xcore.com.tr\/urunler\/wp-json\/wp\/v2\/product\/12192","targetHints":{"allow":["GET"]}}],"collection":[{"href":"https:\/\/xcore.com.tr\/urunler\/wp-json\/wp\/v2\/product"}],"about":[{"href":"https:\/\/xcore.com.tr\/urunler\/wp-json\/wp\/v2\/types\/product"}],"replies":[{"embeddable":true,"href":"https:\/\/xcore.com.tr\/urunler\/wp-json\/wp\/v2\/comments?post=12192"}],"wp:featuredmedia":[{"embeddable":true,"href":"https:\/\/xcore.com.tr\/urunler\/wp-json\/wp\/v2\/media\/12193"}],"wp:attachment":[{"href":"https:\/\/xcore.com.tr\/urunler\/wp-json\/wp\/v2\/media?parent=12192"}],"wp:term":[{"taxonomy":"product_brand","embeddable":true,"href":"https:\/\/xcore.com.tr\/urunler\/wp-json\/wp\/v2\/product_brand?post=12192"},{"taxonomy":"product_cat","embeddable":true,"href":"https:\/\/xcore.com.tr\/urunler\/wp-json\/wp\/v2\/product_cat?post=12192"},{"taxonomy":"product_tag","embeddable":true,"href":"https:\/\/xcore.com.tr\/urunler\/wp-json\/wp\/v2\/product_tag?post=12192"}],"curies":[{"name":"wp","href":"https:\/\/api.w.org\/{rel}","templated":true}]}}