{"id":12200,"date":"2026-04-21T17:54:33","date_gmt":"2026-04-21T14:54:33","guid":{"rendered":"https:\/\/xcore.com.tr\/urunler\/product\/lenovo-nbw-21rq0007tx-p16-g3-ultra-7-255hx-64g2x32gb-1x1tb-nvidia-rtxpro3000-b-well-12gb-w11p\/"},"modified":"2026-04-21T17:54:33","modified_gmt":"2026-04-21T14:54:33","slug":"lenovo-nbw-21rq0007tx-p16-g3-ultra-7-255hx-64g2x32gb-1x1tb-nvidia-rtxpro3000-b-well-12gb-w11p","status":"publish","type":"product","link":"https:\/\/xcore.com.tr\/urunler\/product\/lenovo-nbw-21rq0007tx-p16-g3-ultra-7-255hx-64g2x32gb-1x1tb-nvidia-rtxpro3000-b-well-12gb-w11p\/","title":{"rendered":"LENOVO NBW 21RQ0007TX P16 G3 ULTRA 7 255HX 64G(2X32GB) 1X1TB NVIDIA RTXPRO3000 B.WELL 12GB W11P"},"content":{"rendered":"<h4>\u00dcr\u00fcn \u00d6zellikleri:<\/h4>\n<ul>\n<li><strong>\u0130\u015flemci \u00d6zelli\u011fi:<\/strong> Intel Core\u2122 Ultra 7 255HX, 20C (8P + 12E) \/ 20T, Max Turbo up to 5.2GHz, 30MB Intel\u00ae Smart Cache<\/li>\n<li><strong>Bellek:<\/strong> 2x 32GB SODIMM DDR5-5600 Non-ECC<\/li>\n<li><strong>Sabit Disk Kapasitesi:<\/strong> 1TB SSD<\/li>\n<li><strong>\u0130\u015fletim Sistemi:<\/strong> Windows 11 Pro<\/li>\n<li><strong>Ekran Kart\u0131 Kapasitesi:<\/strong> 12 GB<\/li>\n<li><strong>Giri\u015f \u00c7\u0131k\u0131\u015flar:<\/strong> 1x USB-A (USB 10Gbps \/ USB 3.2 Gen 2), Always On&#xD;<br \/>\n1x USB-A (USB 10Gbps \/ USB 3.2 Gen 2)&#xD;<br \/>\n2x Thunderbolt\u2122 5, with DisplayPort\u2122 2.1 and USB PD 3.1, 180W input \/ 15W output&#xD;<br \/>\n1x Thunderbolt\u2122 4, with DisplayPort\u2122 2.1 and USB PD 3.1, 180W input \/ 15W output&#xD;<br \/>\n1x HDMI\u00ae 2.1, up to 8K\/60Hz&#xD;<br \/>\n1x Headphone \/ microphone combo jack (3.5mm)&#xD;<br \/>\n1x Ethernet (2.5GbE RJ-45)&#xD;<br \/>\n1x SD Express 8.0 card reader<\/li>\n<li><strong>Ekran Kart\u0131:<\/strong> NVIDIA\u00ae RTX PRO 3000 Blackwell Generation 12GB GDDR7 Laptop GPU<\/li>\n<li><strong>Ekran Boyutu:<\/strong> 16&quot;<\/li>\n<li><strong>\u0130\u015flemci Tipi:<\/strong> Intel Core\u2122 Ultra 7 255HX<\/li>\n<li><strong>Bellek Kapasitesi:<\/strong> 64 GB<\/li>\n<li><strong>Garanti:<\/strong> 3 Y\u0131l Yerinde Garanti<\/li>\n<li><strong>Sabit Disk:<\/strong> 1TB SSD M.2 2280 PCIe\u00ae 5.0&#215;4 Performance NVMe\u00ae Opal 2.0<\/li>\n<li><strong>Optik S\u00fcr\u00fcc\u00fc:<\/strong> &#8211;<\/li>\n<\/ul>\n","protected":false},"excerpt":{"rendered":"<p>\u00dcr\u00fcn \u00d6zellikleri: \u0130\u015flemci \u00d6zelli\u011fi: Intel Core\u2122 Ultra 7 255HX, 20C (8P + 12E) \/ 20T, Max Turbo up to 5.2GHz, 30MB Intel\u00ae Smart Cache Bellek: 2x 32GB SODIMM DDR5-5600 Non-ECC Sabit Disk Kapasitesi: 1TB SSD \u0130\u015fletim Sistemi: Windows 11 Pro Ekran Kart\u0131 Kapasitesi: 12 GB Giri\u015f \u00c7\u0131k\u0131\u015flar: 1x USB-A (USB 10Gbps \/ USB 3.2 Gen [&hellip;]<\/p>\n","protected":false},"featured_media":12201,"comment_status":"open","ping_status":"closed","template":"","meta":{"content-type":""},"product_brand":[],"product_cat":[727],"product_tag":[],"class_list":{"0":"post-12200","1":"product","2":"type-product","3":"status-publish","4":"has-post-thumbnail","6":"product_cat-is-istasyonu-dizustu","8":"first","9":"instock","10":"shipping-taxable","11":"purchasable","12":"product-type-simple"},"_links":{"self":[{"href":"https:\/\/xcore.com.tr\/urunler\/wp-json\/wp\/v2\/product\/12200","targetHints":{"allow":["GET"]}}],"collection":[{"href":"https:\/\/xcore.com.tr\/urunler\/wp-json\/wp\/v2\/product"}],"about":[{"href":"https:\/\/xcore.com.tr\/urunler\/wp-json\/wp\/v2\/types\/product"}],"replies":[{"embeddable":true,"href":"https:\/\/xcore.com.tr\/urunler\/wp-json\/wp\/v2\/comments?post=12200"}],"wp:featuredmedia":[{"embeddable":true,"href":"https:\/\/xcore.com.tr\/urunler\/wp-json\/wp\/v2\/media\/12201"}],"wp:attachment":[{"href":"https:\/\/xcore.com.tr\/urunler\/wp-json\/wp\/v2\/media?parent=12200"}],"wp:term":[{"taxonomy":"product_brand","embeddable":true,"href":"https:\/\/xcore.com.tr\/urunler\/wp-json\/wp\/v2\/product_brand?post=12200"},{"taxonomy":"product_cat","embeddable":true,"href":"https:\/\/xcore.com.tr\/urunler\/wp-json\/wp\/v2\/product_cat?post=12200"},{"taxonomy":"product_tag","embeddable":true,"href":"https:\/\/xcore.com.tr\/urunler\/wp-json\/wp\/v2\/product_tag?post=12200"}],"curies":[{"name":"wp","href":"https:\/\/api.w.org\/{rel}","templated":true}]}}