{"id":12202,"date":"2026-04-21T17:54:34","date_gmt":"2026-04-21T14:54:34","guid":{"rendered":"https:\/\/xcore.com.tr\/urunler\/product\/lenovo-thinkcentre-neo-ultra-12w1001xtr-i9-14900-1x32gb-1x1tb-nvidia-geforce-rtx4060-8gb-win11pro-3-yil-yerinde-garanti\/"},"modified":"2026-04-21T17:54:34","modified_gmt":"2026-04-21T14:54:34","slug":"lenovo-thinkcentre-neo-ultra-12w1001xtr-i9-14900-1x32gb-1x1tb-nvidia-geforce-rtx4060-8gb-win11pro-3-yil-yerinde-garanti","status":"publish","type":"product","link":"https:\/\/xcore.com.tr\/urunler\/product\/lenovo-thinkcentre-neo-ultra-12w1001xtr-i9-14900-1x32gb-1x1tb-nvidia-geforce-rtx4060-8gb-win11pro-3-yil-yerinde-garanti\/","title":{"rendered":"LENOVO THINKCENTRE NEO ULTRA 12W1001XTR I9-14900 1X32GB 1X1TB NVIDIA GEFORCE RTX4060 8GB WIN11PRO 3 YIL YERINDE GARANT\u0130"},"content":{"rendered":"<h4>\u00dcr\u00fcn \u00d6zellikleri:<\/h4>\n<ul>\n<li><strong>Sabit Disk Kapasitesi:<\/strong> 1 TB<\/li>\n<li><strong>Giri\u015f \u00c7\u0131k\u0131\u015flar:<\/strong> 1x USB-C\u00ae (USB 20Gbps \/ USB 3.2 Gen 2&#215;2), data transfer only&#xD;<br \/>\n2x USB-A (USB 10Gbps \/ USB 3.2 Gen 2), one supports 5V@2.1A charging&#xD;<br \/>\n1x headphone \/ microphone combo jack (3.5mm)&#xD;<br \/>\n2x USB-A (USB 10Gbps \/ USB 3.2 Gen 2)&#xD;<br \/>\n2x USB-A (USB 5Gbps \/ USB 3.2 Gen 1)&#xD;<br \/>\n1x HDMI\u00ae 2.1 TMDS&#xD;<br \/>\n1x HDMI\u00ae 2.1a FRL&#xD;<br \/>\n4x DisplayPort\u2122 1.4a&#xD;<br \/>\n1x Ethernet (GbE RJ-45)<\/li>\n<li><strong>Garanti:<\/strong> 3 Y\u0131l Dell Garanti<\/li>\n<li><strong>Ekran Boyutu:<\/strong> &#8211;<\/li>\n<li><strong>Ekran Kart\u0131 Kapasitesi:<\/strong> 8 GB<\/li>\n<li><strong>Sabit Disk:<\/strong> 1TB SSD M.2 2280 PCIe\u00ae 4.0&#215;4 Performance NVMe\u00ae Opal 2.0<\/li>\n<li><strong>Ekran Kart\u0131:<\/strong> NVIDIA GeForce RTX\u2122 4060 8GB GDDR6<\/li>\n<li><strong>\u0130\u015flemci Tipi:<\/strong> Intel\u00ae Core\u2122 i9 14900<\/li>\n<li><strong>\u0130\u015flemci \u00d6zelli\u011fi:<\/strong> Intel Core\u2122 i9-14900, 24C (8P + 16E) \/ 32T, Max Turbo up to 5.8GHz, P-core 2.0 \/ 5.4GHz, E-core 1.5 \/ 4.3GHz, 36MB Intel\u00ae Smart Cache<\/li>\n<li><strong>\u0130\u015fletim Sistemi:<\/strong> Windows 11 Pro<\/li>\n<li><strong>Bellek Kapasitesi:<\/strong> 32 GB<\/li>\n<li><strong>Bellek:<\/strong> 1x 32GB SODIMM DDR5-5200<\/li>\n<li><strong>Optik S\u00fcr\u00fcc\u00fc:<\/strong> &#8211;<\/li>\n<\/ul>\n","protected":false},"excerpt":{"rendered":"<p>\u00dcr\u00fcn \u00d6zellikleri: Sabit Disk Kapasitesi: 1 TB Giri\u015f \u00c7\u0131k\u0131\u015flar: 1x USB-C\u00ae (USB 20Gbps \/ USB 3.2 Gen 2&#215;2), data transfer only&#xD; 2x USB-A (USB 10Gbps \/ USB 3.2 Gen 2), one supports 5V@2.1A charging&#xD; 1x headphone \/ microphone combo jack (3.5mm)&#xD; 2x USB-A (USB 10Gbps \/ USB 3.2 Gen 2)&#xD; 2x USB-A (USB 5Gbps \/ [&hellip;]<\/p>\n","protected":false},"featured_media":12203,"comment_status":"open","ping_status":"closed","template":"","meta":{"content-type":""},"product_brand":[],"product_cat":[725],"product_tag":[],"class_list":{"0":"post-12202","1":"product","2":"type-product","3":"status-publish","4":"has-post-thumbnail","6":"product_cat-is-istasyonu-masaustu","8":"first","9":"instock","10":"shipping-taxable","11":"purchasable","12":"product-type-simple"},"_links":{"self":[{"href":"https:\/\/xcore.com.tr\/urunler\/wp-json\/wp\/v2\/product\/12202","targetHints":{"allow":["GET"]}}],"collection":[{"href":"https:\/\/xcore.com.tr\/urunler\/wp-json\/wp\/v2\/product"}],"about":[{"href":"https:\/\/xcore.com.tr\/urunler\/wp-json\/wp\/v2\/types\/product"}],"replies":[{"embeddable":true,"href":"https:\/\/xcore.com.tr\/urunler\/wp-json\/wp\/v2\/comments?post=12202"}],"wp:featuredmedia":[{"embeddable":true,"href":"https:\/\/xcore.com.tr\/urunler\/wp-json\/wp\/v2\/media\/12203"}],"wp:attachment":[{"href":"https:\/\/xcore.com.tr\/urunler\/wp-json\/wp\/v2\/media?parent=12202"}],"wp:term":[{"taxonomy":"product_brand","embeddable":true,"href":"https:\/\/xcore.com.tr\/urunler\/wp-json\/wp\/v2\/product_brand?post=12202"},{"taxonomy":"product_cat","embeddable":true,"href":"https:\/\/xcore.com.tr\/urunler\/wp-json\/wp\/v2\/product_cat?post=12202"},{"taxonomy":"product_tag","embeddable":true,"href":"https:\/\/xcore.com.tr\/urunler\/wp-json\/wp\/v2\/product_tag?post=12202"}],"curies":[{"name":"wp","href":"https:\/\/api.w.org\/{rel}","templated":true}]}}