{"id":12310,"date":"2026-04-21T17:55:35","date_gmt":"2026-04-21T14:55:35","guid":{"rendered":"https:\/\/xcore.com.tr\/urunler\/product\/kamera-kutusu-trk-501-b-interaktif-akilli-tahta-standi\/"},"modified":"2026-04-21T17:55:35","modified_gmt":"2026-04-21T14:55:35","slug":"kamera-kutusu-trk-501-b-interaktif-akilli-tahta-standi","status":"publish","type":"product","link":"https:\/\/xcore.com.tr\/urunler\/product\/kamera-kutusu-trk-501-b-interaktif-akilli-tahta-standi\/","title":{"rendered":"KAMERA KUTUSU TRK-501-B INTERAKTIF AKILLI TAHTA STANDI"},"content":{"rendered":"<h4>\u00dcr\u00fcn \u00d6zellikleri:<\/h4>\n<ul>\n<li><strong>A\u00e7\u0131klama:<\/strong> \u00d6zel 38 in\u00e7 boru profilden \u00fcretilmi\u015f olup, frenli tekerleklerle donat\u0131lm\u0131\u015ft\u0131r. Mat siyah toz boya ile kaplanm\u0131\u015ft\u0131r.&#xD;<br \/>\nUyumluluk: 42 in\u00e7, 55 in\u00e7, 65 in\u00e7, 75 in\u00e7, 85 in\u00e7&#xD;<br \/>\nBoyut: 160x115x75 cm \/  \u00d8-38&#xD;<br \/>\nTa\u015f\u0131ma Kapasitesi: 80 kg<\/li>\n<\/ul>\n","protected":false},"excerpt":{"rendered":"<p>\u00dcr\u00fcn \u00d6zellikleri: A\u00e7\u0131klama: \u00d6zel 38 in\u00e7 boru profilden \u00fcretilmi\u015f olup, frenli tekerleklerle donat\u0131lm\u0131\u015ft\u0131r. Mat siyah toz boya ile kaplanm\u0131\u015ft\u0131r.&#xD; Uyumluluk: 42 in\u00e7, 55 in\u00e7, 65 in\u00e7, 75 in\u00e7, 85 in\u00e7&#xD; Boyut: 160x115x75 cm \/ \u00d8-38&#xD; Ta\u015f\u0131ma Kapasitesi: 80 kg<\/p>\n","protected":false},"featured_media":12311,"comment_status":"open","ping_status":"closed","template":"","meta":{"content-type":""},"product_brand":[],"product_cat":[731],"product_tag":[],"class_list":{"0":"post-12310","1":"product","2":"type-product","3":"status-publish","4":"has-post-thumbnail","6":"product_cat-tekerlekli-stand","8":"first","9":"outofstock","10":"shipping-taxable","11":"purchasable","12":"product-type-simple"},"_links":{"self":[{"href":"https:\/\/xcore.com.tr\/urunler\/wp-json\/wp\/v2\/product\/12310","targetHints":{"allow":["GET"]}}],"collection":[{"href":"https:\/\/xcore.com.tr\/urunler\/wp-json\/wp\/v2\/product"}],"about":[{"href":"https:\/\/xcore.com.tr\/urunler\/wp-json\/wp\/v2\/types\/product"}],"replies":[{"embeddable":true,"href":"https:\/\/xcore.com.tr\/urunler\/wp-json\/wp\/v2\/comments?post=12310"}],"wp:featuredmedia":[{"embeddable":true,"href":"https:\/\/xcore.com.tr\/urunler\/wp-json\/wp\/v2\/media\/12311"}],"wp:attachment":[{"href":"https:\/\/xcore.com.tr\/urunler\/wp-json\/wp\/v2\/media?parent=12310"}],"wp:term":[{"taxonomy":"product_brand","embeddable":true,"href":"https:\/\/xcore.com.tr\/urunler\/wp-json\/wp\/v2\/product_brand?post=12310"},{"taxonomy":"product_cat","embeddable":true,"href":"https:\/\/xcore.com.tr\/urunler\/wp-json\/wp\/v2\/product_cat?post=12310"},{"taxonomy":"product_tag","embeddable":true,"href":"https:\/\/xcore.com.tr\/urunler\/wp-json\/wp\/v2\/product_tag?post=12310"}],"curies":[{"name":"wp","href":"https:\/\/api.w.org\/{rel}","templated":true}]}}