{"id":12312,"date":"2026-04-21T17:55:36","date_gmt":"2026-04-21T14:55:36","guid":{"rendered":"https:\/\/xcore.com.tr\/urunler\/product\/dell-poweredge-per760xs1spl-xenon-silver-1x4410y-1x16gb-1x480gb-ssd-2-5-2x700w-3-yil-yerinde-garanti\/"},"modified":"2026-04-21T17:55:36","modified_gmt":"2026-04-21T14:55:36","slug":"dell-poweredge-per760xs1spl-xenon-silver-1x4410y-1x16gb-1x480gb-ssd-2-5-2x700w-3-yil-yerinde-garanti","status":"publish","type":"product","link":"https:\/\/xcore.com.tr\/urunler\/product\/dell-poweredge-per760xs1spl-xenon-silver-1x4410y-1x16gb-1x480gb-ssd-2-5-2x700w-3-yil-yerinde-garanti\/","title":{"rendered":"DELL POWEREDGE PER760XS1SPL XENON SILVER 1X4410Y 1X16GB 1X480GB SSD 2.5 2X700W 3 YIL YER\u0130NDE GARANT\u0130"},"content":{"rendered":"<h4>\u00dcr\u00fcn \u00d6zellikleri:<\/h4>\n<ul>\n<li><strong>Usb Port:<\/strong> Var<\/li>\n<li><strong>G\u00fc\u00e7 Kayna\u011f\u0131:<\/strong> 2X700W<\/li>\n<li><strong>Sabit Disk T\u00fcr\u00fc:<\/strong> SATA SSD<\/li>\n<li><strong>Grafik:<\/strong> <\/li>\n<li><strong>Sabit Disk Kapasite:<\/strong> 1x480GB SSD SATA<\/li>\n<li><strong>Y\u00fckl\u00fc \u0130\u015flemci Say\u0131s\u0131:<\/strong> Standart x1 ; Maksimum x2<\/li>\n<li><strong>\u0130\u015fletim Sistemi:<\/strong> Yok<\/li>\n<li><strong>Chipset:<\/strong> &#8211;<\/li>\n<li><strong>Ram Slot Say\u0131s\u0131:<\/strong> 16<\/li>\n<li><strong>Kasa Tipi:<\/strong> Rack<\/li>\n<li><strong>Uyumlu Aksesuarlar:<\/strong> &#8211;<\/li>\n<li><strong>A\u00e7\u0131klama-2:<\/strong> <\/li>\n<li><strong>Boyutlar:<\/strong> <\/li>\n<li><strong>Maksimum Ram Kapasitesi:<\/strong> &#8211;<\/li>\n<li><strong>Maksimum Disk Say\u0131s\u0131:<\/strong> 8<\/li>\n<li><strong>Ram Tipi:<\/strong> RDIMM, 5600MT\/s, Single Rank<\/li>\n<li><strong>Model Link:<\/strong> <\/li>\n<li><strong>Disk Standard\u0131:<\/strong> Hot Plug<\/li>\n<li><strong>Ram:<\/strong> 16GB<\/li>\n<li><strong>Disk Ebad\u0131:<\/strong> 2.5<\/li>\n<li><strong>A\u00e7\u0131klama:<\/strong> <\/li>\n<li><strong>Ram Frekans\u0131:<\/strong> 5600 Mhz<\/li>\n<li><strong>Optik S\u00fcr\u00fcc\u00fc:<\/strong> &#8211;<\/li>\n<li><strong>Raid Deste\u011fi:<\/strong> PERC H755 SAS Front<\/li>\n<li><strong>Seri Port:<\/strong> Var<\/li>\n<li><strong>Lan:<\/strong> Broadcom 5720 Dual Port 1Gb On-Board LOM<\/li>\n<li><strong>\u0130\u015flemci:<\/strong> Intel Xeon SIlver 4410Y 2G, 12C\/24T, 16GT\/s, 30M Cache, Turbo, HT (150W) DDR5-4000<\/li>\n<li><strong>\u0130\u015flemci Ailesi:<\/strong> Intel Xeon SIlver 4410Y 2G, 12C\/24T, 16GT\/s, 30M Cache, Turbo, HT (150W) DDR5-4000<\/li>\n<\/ul>\n","protected":false},"excerpt":{"rendered":"<p>\u00dcr\u00fcn \u00d6zellikleri: Usb Port: Var G\u00fc\u00e7 Kayna\u011f\u0131: 2X700W Sabit Disk T\u00fcr\u00fc: SATA SSD Grafik: Sabit Disk Kapasite: 1x480GB SSD SATA Y\u00fckl\u00fc \u0130\u015flemci Say\u0131s\u0131: Standart x1 ; Maksimum x2 \u0130\u015fletim Sistemi: Yok Chipset: &#8211; Ram Slot Say\u0131s\u0131: 16 Kasa Tipi: Rack Uyumlu Aksesuarlar: &#8211; A\u00e7\u0131klama-2: Boyutlar: Maksimum Ram Kapasitesi: &#8211; Maksimum Disk Say\u0131s\u0131: 8 Ram Tipi: [&hellip;]<\/p>\n","protected":false},"featured_media":12313,"comment_status":"open","ping_status":"closed","template":"","meta":{"content-type":""},"product_brand":[],"product_cat":[733],"product_tag":[],"class_list":{"0":"post-12312","1":"product","2":"type-product","3":"status-publish","4":"has-post-thumbnail","6":"product_cat-rackmount","8":"first","9":"instock","10":"shipping-taxable","11":"purchasable","12":"product-type-simple"},"_links":{"self":[{"href":"https:\/\/xcore.com.tr\/urunler\/wp-json\/wp\/v2\/product\/12312","targetHints":{"allow":["GET"]}}],"collection":[{"href":"https:\/\/xcore.com.tr\/urunler\/wp-json\/wp\/v2\/product"}],"about":[{"href":"https:\/\/xcore.com.tr\/urunler\/wp-json\/wp\/v2\/types\/product"}],"replies":[{"embeddable":true,"href":"https:\/\/xcore.com.tr\/urunler\/wp-json\/wp\/v2\/comments?post=12312"}],"wp:featuredmedia":[{"embeddable":true,"href":"https:\/\/xcore.com.tr\/urunler\/wp-json\/wp\/v2\/media\/12313"}],"wp:attachment":[{"href":"https:\/\/xcore.com.tr\/urunler\/wp-json\/wp\/v2\/media?parent=12312"}],"wp:term":[{"taxonomy":"product_brand","embeddable":true,"href":"https:\/\/xcore.com.tr\/urunler\/wp-json\/wp\/v2\/product_brand?post=12312"},{"taxonomy":"product_cat","embeddable":true,"href":"https:\/\/xcore.com.tr\/urunler\/wp-json\/wp\/v2\/product_cat?post=12312"},{"taxonomy":"product_tag","embeddable":true,"href":"https:\/\/xcore.com.tr\/urunler\/wp-json\/wp\/v2\/product_tag?post=12312"}],"curies":[{"name":"wp","href":"https:\/\/api.w.org\/{rel}","templated":true}]}}