{"id":12316,"date":"2026-04-21T17:55:38","date_gmt":"2026-04-21T14:55:38","guid":{"rendered":"https:\/\/xcore.com.tr\/urunler\/product\/dell-poweredge-r760xs_1-2x4410y-2x32gb-2x480gb-2x1100w-3-yil-yerinde-garanti\/"},"modified":"2026-04-21T17:55:38","modified_gmt":"2026-04-21T14:55:38","slug":"dell-poweredge-r760xs_1-2x4410y-2x32gb-2x480gb-2x1100w-3-yil-yerinde-garanti","status":"publish","type":"product","link":"https:\/\/xcore.com.tr\/urunler\/product\/dell-poweredge-r760xs_1-2x4410y-2x32gb-2x480gb-2x1100w-3-yil-yerinde-garanti\/","title":{"rendered":"DELL POWEREDGE R760XS_1 2X4410Y 2X32GB 2X480GB 2X1100W 3 YIL YER\u0130NDE GARANT\u0130"},"content":{"rendered":"<h4>\u00dcr\u00fcn \u00d6zellikleri:<\/h4>\n<ul>\n<li><strong>Usb Port:<\/strong> &#8211;<\/li>\n<li><strong>G\u00fc\u00e7 Kayna\u011f\u0131:<\/strong> 2x1100W<\/li>\n<li><strong>Disk Standard\u0131:<\/strong> &#8211;<\/li>\n<li><strong>Sabit Disk T\u00fcr\u00fc:<\/strong> Hot Plug<\/li>\n<li><strong>Ram Frekans\u0131:<\/strong> 5600 Mhz<\/li>\n<li><strong>Lan:<\/strong> \tBroadcom 57414 Dual Port 10\/25GbE SFP28, OCP NIC 3.0<\/li>\n<li><strong>Maksimum Disk Say\u0131s\u0131:<\/strong> 16<\/li>\n<li><strong>Grafik:<\/strong> <\/li>\n<li><strong>Ram Slot Say\u0131s\u0131:<\/strong> 16<\/li>\n<li><strong>\u0130\u015flemci Ailesi:<\/strong> Intel Xeon SIlver 4410Y 2G, 12C\/24T, 16GT\/s, 30M Cache, Turbo, HT (150W)<\/li>\n<li><strong>Maksimum Ram Kapasitesi:<\/strong> &#8211;<\/li>\n<li><strong>Disk Ebad\u0131:<\/strong> 2.5<\/li>\n<li><strong>Sabit Disk Kapasite:<\/strong> 2x480GB SSD SATA<\/li>\n<li><strong>\u0130\u015flemci:<\/strong> Intel Xeon SIlver 4410Y 2G, 12C\/24T, 16GT\/s, 30M Cache, Turbo, HT (150W)<\/li>\n<li><strong>Uyumlu Aksesuarlar:<\/strong> &#8211;<\/li>\n<li><strong>Optik S\u00fcr\u00fcc\u00fc:<\/strong> &#8211;<\/li>\n<li><strong>Raid Deste\u011fi:<\/strong> Front PERC H755 Rear Load<\/li>\n<li><strong>Chipset:<\/strong> &#8211;<\/li>\n<li><strong>A\u00e7\u0131klama:<\/strong> <\/li>\n<li><strong>Boyutlar:<\/strong> <\/li>\n<li><strong>Y\u00fckl\u00fc \u0130\u015flemci Say\u0131s\u0131:<\/strong> Standart x2 ; Maksimum x2<\/li>\n<li><strong>A\u00e7\u0131klama-2:<\/strong> <\/li>\n<li><strong>Seri Port:<\/strong> &#8211;<\/li>\n<li><strong>Ram:<\/strong> 2x32GB 5600MT\/s RDIMMs<\/li>\n<li><strong>Kasa Tipi:<\/strong> Rack<\/li>\n<li><strong>Ram Tipi:<\/strong> DDR5 5600MHZ<\/li>\n<li><strong>\u0130\u015fletim Sistemi:<\/strong> Yok<\/li>\n<\/ul>\n","protected":false},"excerpt":{"rendered":"<p>\u00dcr\u00fcn \u00d6zellikleri: Usb Port: &#8211; G\u00fc\u00e7 Kayna\u011f\u0131: 2x1100W Disk Standard\u0131: &#8211; Sabit Disk T\u00fcr\u00fc: Hot Plug Ram Frekans\u0131: 5600 Mhz Lan: Broadcom 57414 Dual Port 10\/25GbE SFP28, OCP NIC 3.0 Maksimum Disk Say\u0131s\u0131: 16 Grafik: Ram Slot Say\u0131s\u0131: 16 \u0130\u015flemci Ailesi: Intel Xeon SIlver 4410Y 2G, 12C\/24T, 16GT\/s, 30M Cache, Turbo, HT (150W) Maksimum Ram [&hellip;]<\/p>\n","protected":false},"featured_media":12317,"comment_status":"open","ping_status":"closed","template":"","meta":{"content-type":""},"product_brand":[],"product_cat":[733],"product_tag":[],"class_list":{"0":"post-12316","1":"product","2":"type-product","3":"status-publish","4":"has-post-thumbnail","6":"product_cat-rackmount","8":"first","9":"outofstock","10":"shipping-taxable","11":"purchasable","12":"product-type-simple"},"_links":{"self":[{"href":"https:\/\/xcore.com.tr\/urunler\/wp-json\/wp\/v2\/product\/12316","targetHints":{"allow":["GET"]}}],"collection":[{"href":"https:\/\/xcore.com.tr\/urunler\/wp-json\/wp\/v2\/product"}],"about":[{"href":"https:\/\/xcore.com.tr\/urunler\/wp-json\/wp\/v2\/types\/product"}],"replies":[{"embeddable":true,"href":"https:\/\/xcore.com.tr\/urunler\/wp-json\/wp\/v2\/comments?post=12316"}],"wp:featuredmedia":[{"embeddable":true,"href":"https:\/\/xcore.com.tr\/urunler\/wp-json\/wp\/v2\/media\/12317"}],"wp:attachment":[{"href":"https:\/\/xcore.com.tr\/urunler\/wp-json\/wp\/v2\/media?parent=12316"}],"wp:term":[{"taxonomy":"product_brand","embeddable":true,"href":"https:\/\/xcore.com.tr\/urunler\/wp-json\/wp\/v2\/product_brand?post=12316"},{"taxonomy":"product_cat","embeddable":true,"href":"https:\/\/xcore.com.tr\/urunler\/wp-json\/wp\/v2\/product_cat?post=12316"},{"taxonomy":"product_tag","embeddable":true,"href":"https:\/\/xcore.com.tr\/urunler\/wp-json\/wp\/v2\/product_tag?post=12316"}],"curies":[{"name":"wp","href":"https:\/\/api.w.org\/{rel}","templated":true}]}}