{"id":12320,"date":"2026-04-21T17:55:39","date_gmt":"2026-04-21T14:55:39","guid":{"rendered":"https:\/\/xcore.com.tr\/urunler\/product\/dell-poweredge-r360_spl2-xeon-6315p-1x2tb-sata-1x16gb-1x700w-3-yil-yerinde-garanti\/"},"modified":"2026-04-21T17:55:39","modified_gmt":"2026-04-21T14:55:39","slug":"dell-poweredge-r360_spl2-xeon-6315p-1x2tb-sata-1x16gb-1x700w-3-yil-yerinde-garanti","status":"publish","type":"product","link":"https:\/\/xcore.com.tr\/urunler\/product\/dell-poweredge-r360_spl2-xeon-6315p-1x2tb-sata-1x16gb-1x700w-3-yil-yerinde-garanti\/","title":{"rendered":"DELL POWEREDGE R360_SPL2 XEON 6315P 1X2TB SATA 1X16GB 1X700W 3 YIL YER\u0130NDE GARANT\u0130"},"content":{"rendered":"<h4>\u00dcr\u00fcn \u00d6zellikleri:<\/h4>\n<ul>\n<li><strong>Maksimum Ram Kapasitesi:<\/strong> &#8211;<\/li>\n<li><strong>Raid Deste\u011fi:<\/strong> PERC H355 Controller Front<\/li>\n<li><strong>Optik S\u00fcr\u00fcc\u00fc:<\/strong> &#8211;<\/li>\n<li><strong>Ram:<\/strong> 16GB<\/li>\n<li><strong>Ram Slot Say\u0131s\u0131:<\/strong> 4<\/li>\n<li><strong>Chipset:<\/strong> &#8211;<\/li>\n<li><strong>G\u00fc\u00e7 Kayna\u011f\u0131:<\/strong> 1X700W<\/li>\n<li><strong>Lan:<\/strong> &quot;PowerEdge R360 Motherboard with with Broadcom 5720 Dual Port 1Gb On-Board LOM,<br \/>\nMLK&quot;<\/li>\n<li><strong>Sabit Disk Kapasite:<\/strong> 1x2TB<\/li>\n<li><strong>Disk Ebad\u0131:<\/strong> 3.5<\/li>\n<li><strong>\u0130\u015flemci:<\/strong> Intel Xeon 6 Performance 6315P 2.8G, 4C\/4T, 12M Cache, Turbo, (55W) DDR5-4800<\/li>\n<li><strong>Maksimum Disk Say\u0131s\u0131:<\/strong> 4<\/li>\n<li><strong>\u0130\u015flemci Ailesi:<\/strong> Intel Xenon 6 Performance 6315P<\/li>\n<li><strong>Boyutlar:<\/strong> <\/li>\n<li><strong>Kasa Tipi:<\/strong> Rack<\/li>\n<li><strong>Y\u00fckl\u00fc \u0130\u015flemci Say\u0131s\u0131:<\/strong> Standart x1 ; Maksimum x1<\/li>\n<li><strong>A\u00e7\u0131klama:<\/strong> <\/li>\n<li><strong>Ram Tipi:<\/strong> DDR5 5600MHZ<\/li>\n<li><strong>Disk Standard\u0131:<\/strong> &#8211;<\/li>\n<li><strong>\u0130\u015fletim Sistemi:<\/strong> Yok<\/li>\n<li><strong>Seri Port:<\/strong> &#8211;<\/li>\n<li><strong>Usb Port:<\/strong> &#8211;<\/li>\n<li><strong>Uyumlu Aksesuarlar:<\/strong> &#8211;<\/li>\n<li><strong>Sabit Disk T\u00fcr\u00fc:<\/strong> Hot Plug<\/li>\n<li><strong>Ram Frekans\u0131:<\/strong> 5600 Mhz<\/li>\n<li><strong>Grafik:<\/strong> <\/li>\n<\/ul>\n","protected":false},"excerpt":{"rendered":"<p>\u00dcr\u00fcn \u00d6zellikleri: Maksimum Ram Kapasitesi: &#8211; Raid Deste\u011fi: PERC H355 Controller Front Optik S\u00fcr\u00fcc\u00fc: &#8211; Ram: 16GB Ram Slot Say\u0131s\u0131: 4 Chipset: &#8211; G\u00fc\u00e7 Kayna\u011f\u0131: 1X700W Lan: &quot;PowerEdge R360 Motherboard with with Broadcom 5720 Dual Port 1Gb On-Board LOM, MLK&quot; Sabit Disk Kapasite: 1x2TB Disk Ebad\u0131: 3.5 \u0130\u015flemci: Intel Xeon 6 Performance 6315P 2.8G, 4C\/4T, [&hellip;]<\/p>\n","protected":false},"featured_media":12321,"comment_status":"open","ping_status":"closed","template":"","meta":{"content-type":""},"product_brand":[],"product_cat":[733],"product_tag":[],"class_list":{"0":"post-12320","1":"product","2":"type-product","3":"status-publish","4":"has-post-thumbnail","6":"product_cat-rackmount","8":"first","9":"outofstock","10":"shipping-taxable","11":"purchasable","12":"product-type-simple"},"_links":{"self":[{"href":"https:\/\/xcore.com.tr\/urunler\/wp-json\/wp\/v2\/product\/12320","targetHints":{"allow":["GET"]}}],"collection":[{"href":"https:\/\/xcore.com.tr\/urunler\/wp-json\/wp\/v2\/product"}],"about":[{"href":"https:\/\/xcore.com.tr\/urunler\/wp-json\/wp\/v2\/types\/product"}],"replies":[{"embeddable":true,"href":"https:\/\/xcore.com.tr\/urunler\/wp-json\/wp\/v2\/comments?post=12320"}],"wp:featuredmedia":[{"embeddable":true,"href":"https:\/\/xcore.com.tr\/urunler\/wp-json\/wp\/v2\/media\/12321"}],"wp:attachment":[{"href":"https:\/\/xcore.com.tr\/urunler\/wp-json\/wp\/v2\/media?parent=12320"}],"wp:term":[{"taxonomy":"product_brand","embeddable":true,"href":"https:\/\/xcore.com.tr\/urunler\/wp-json\/wp\/v2\/product_brand?post=12320"},{"taxonomy":"product_cat","embeddable":true,"href":"https:\/\/xcore.com.tr\/urunler\/wp-json\/wp\/v2\/product_cat?post=12320"},{"taxonomy":"product_tag","embeddable":true,"href":"https:\/\/xcore.com.tr\/urunler\/wp-json\/wp\/v2\/product_tag?post=12320"}],"curies":[{"name":"wp","href":"https:\/\/api.w.org\/{rel}","templated":true}]}}