{"id":12326,"date":"2026-04-21T17:55:42","date_gmt":"2026-04-21T14:55:42","guid":{"rendered":"https:\/\/xcore.com.tr\/urunler\/product\/dell-poweredge-emea_per760xs1flexi3-2x4510-2x64gb-2x480gb-2x1100w-16x2-5-3-yil-yerinde-garanti\/"},"modified":"2026-04-21T17:55:42","modified_gmt":"2026-04-21T14:55:42","slug":"dell-poweredge-emea_per760xs1flexi3-2x4510-2x64gb-2x480gb-2x1100w-16x2-5-3-yil-yerinde-garanti","status":"publish","type":"product","link":"https:\/\/xcore.com.tr\/urunler\/product\/dell-poweredge-emea_per760xs1flexi3-2x4510-2x64gb-2x480gb-2x1100w-16x2-5-3-yil-yerinde-garanti\/","title":{"rendered":"DELL POWEREDGE EMEA_PER760XS1FLEXI3 2X4510 2X64GB 2X480GB 2X1100W 16X2.5&#8243; 3 YIL YER\u0130NDE GARANT\u0130"},"content":{"rendered":"<h4>\u00dcr\u00fcn \u00d6zellikleri:<\/h4>\n<ul>\n<li><strong>Optik S\u00fcr\u00fcc\u00fc:<\/strong> &#8211;<\/li>\n<li><strong>Ram Slot Say\u0131s\u0131:<\/strong> 32<\/li>\n<li><strong>\u0130\u015fletim Sistemi:<\/strong> Yok<\/li>\n<li><strong>Disk Standard\u0131:<\/strong> &#8211;<\/li>\n<li><strong>\u0130\u015flemci Ailesi:<\/strong> Intel\u00ae Xeon\u00ae Silver 4510 (12 core, 2.40 GHz, 30 MB L3, 150W)<\/li>\n<li><strong>Raid Deste\u011fi:<\/strong> PERC H755 with front load<\/li>\n<li><strong>Ram:<\/strong> 2x64GB<\/li>\n<li><strong>Grafik:<\/strong> <\/li>\n<li><strong>Y\u00fckl\u00fc \u0130\u015flemci Say\u0131s\u0131:<\/strong> Standart x2 ; Maksimum x2<\/li>\n<li><strong>Kasa Tipi:<\/strong> Rack<\/li>\n<li><strong>Chipset:<\/strong> &#8211;<\/li>\n<li><strong>Disk Ebad\u0131:<\/strong> 2.5<\/li>\n<li><strong>Uyumlu Aksesuarlar:<\/strong> &#8211;<\/li>\n<li><strong>Sabit Disk T\u00fcr\u00fc:<\/strong> SATA SSD<\/li>\n<li><strong>Maksimum Ram Kapasitesi:<\/strong> &#8211;<\/li>\n<li><strong>Sabit Disk Kapasite:<\/strong> 2x480GB SSD SATA<\/li>\n<li><strong>Ram Tipi:<\/strong> DDR5 5600MHZ<\/li>\n<li><strong>G\u00fc\u00e7 Kayna\u011f\u0131:<\/strong> 2x1100W<\/li>\n<li><strong>Ram Frekans\u0131:<\/strong> 5600 Mhz<\/li>\n<li><strong>Usb Port:<\/strong> &#8211;<\/li>\n<li><strong>Seri Port:<\/strong> &#8211;<\/li>\n<li><strong>Model Link:<\/strong> <\/li>\n<li><strong>\u0130\u015flemci:<\/strong> Intel\u00ae Xeon\u00ae Silver 4510 (12 core, 2.40 GHz, 30 MB L3, 150W)<\/li>\n<li><strong>Lan:<\/strong> \tBroadcom 57414 Dual Port 10\/25GbE SFP28, OCP NIC 3.0<\/li>\n<li><strong>Maksimum Disk Say\u0131s\u0131:<\/strong> 16<\/li>\n<li><strong>Boyutlar:<\/strong> <\/li>\n<\/ul>\n","protected":false},"excerpt":{"rendered":"<p>\u00dcr\u00fcn \u00d6zellikleri: Optik S\u00fcr\u00fcc\u00fc: &#8211; Ram Slot Say\u0131s\u0131: 32 \u0130\u015fletim Sistemi: Yok Disk Standard\u0131: &#8211; \u0130\u015flemci Ailesi: Intel\u00ae Xeon\u00ae Silver 4510 (12 core, 2.40 GHz, 30 MB L3, 150W) Raid Deste\u011fi: PERC H755 with front load Ram: 2x64GB Grafik: Y\u00fckl\u00fc \u0130\u015flemci Say\u0131s\u0131: Standart x2 ; Maksimum x2 Kasa Tipi: Rack Chipset: &#8211; Disk Ebad\u0131: 2.5 [&hellip;]<\/p>\n","protected":false},"featured_media":12327,"comment_status":"open","ping_status":"closed","template":"","meta":{"content-type":""},"product_brand":[],"product_cat":[733],"product_tag":[],"class_list":{"0":"post-12326","1":"product","2":"type-product","3":"status-publish","4":"has-post-thumbnail","6":"product_cat-rackmount","8":"first","9":"instock","10":"shipping-taxable","11":"purchasable","12":"product-type-simple"},"_links":{"self":[{"href":"https:\/\/xcore.com.tr\/urunler\/wp-json\/wp\/v2\/product\/12326","targetHints":{"allow":["GET"]}}],"collection":[{"href":"https:\/\/xcore.com.tr\/urunler\/wp-json\/wp\/v2\/product"}],"about":[{"href":"https:\/\/xcore.com.tr\/urunler\/wp-json\/wp\/v2\/types\/product"}],"replies":[{"embeddable":true,"href":"https:\/\/xcore.com.tr\/urunler\/wp-json\/wp\/v2\/comments?post=12326"}],"wp:featuredmedia":[{"embeddable":true,"href":"https:\/\/xcore.com.tr\/urunler\/wp-json\/wp\/v2\/media\/12327"}],"wp:attachment":[{"href":"https:\/\/xcore.com.tr\/urunler\/wp-json\/wp\/v2\/media?parent=12326"}],"wp:term":[{"taxonomy":"product_brand","embeddable":true,"href":"https:\/\/xcore.com.tr\/urunler\/wp-json\/wp\/v2\/product_brand?post=12326"},{"taxonomy":"product_cat","embeddable":true,"href":"https:\/\/xcore.com.tr\/urunler\/wp-json\/wp\/v2\/product_cat?post=12326"},{"taxonomy":"product_tag","embeddable":true,"href":"https:\/\/xcore.com.tr\/urunler\/wp-json\/wp\/v2\/product_tag?post=12326"}],"curies":[{"name":"wp","href":"https:\/\/api.w.org\/{rel}","templated":true}]}}