{"id":12330,"date":"2026-04-21T17:55:44","date_gmt":"2026-04-21T14:55:44","guid":{"rendered":"https:\/\/xcore.com.tr\/urunler\/product\/lenovo-thinksystem-sr650-v3-silver-4510-1x32gb-2-5-1x1100w-7d76a065ea-3-yil-yerinde-garanti\/"},"modified":"2026-04-21T17:55:44","modified_gmt":"2026-04-21T14:55:44","slug":"lenovo-thinksystem-sr650-v3-silver-4510-1x32gb-2-5-1x1100w-7d76a065ea-3-yil-yerinde-garanti","status":"publish","type":"product","link":"https:\/\/xcore.com.tr\/urunler\/product\/lenovo-thinksystem-sr650-v3-silver-4510-1x32gb-2-5-1x1100w-7d76a065ea-3-yil-yerinde-garanti\/","title":{"rendered":"LENOVO THINKSYSTEM SR650 V3 SILVER 4510 1X32GB 2.5 1X1100W 7D76A065EA 3 YIL YER\u0130NDE GARANT\u0130"},"content":{"rendered":"<h4>\u00dcr\u00fcn \u00d6zellikleri:<\/h4>\n<ul>\n<li><strong>Ram Slot Say\u0131s\u0131:<\/strong> &#8211;<\/li>\n<li><strong>Lan:<\/strong> &#8211;<\/li>\n<li><strong>Kasa Tipi:<\/strong> Rack<\/li>\n<li><strong>Optik S\u00fcr\u00fcc\u00fc:<\/strong> &#8211;<\/li>\n<li><strong>Disk Ebad\u0131:<\/strong> 2.5<\/li>\n<li><strong>Sabit Disk T\u00fcr\u00fc:<\/strong> &#8211;<\/li>\n<li><strong>Seri Port:<\/strong> &#8211;<\/li>\n<li><strong>G\u00fc\u00e7 Kayna\u011f\u0131:<\/strong> 1100 Watt x1<\/li>\n<li><strong>Grafik:<\/strong> <\/li>\n<li><strong>\u0130\u015flemci:<\/strong> Intel\u00ae Xeon\u00ae Silver 4510 (12 core, 2.40 GHz, 30 MB L3, 150W)<\/li>\n<li><strong>Maksimum Disk Say\u0131s\u0131:<\/strong> &#8211;<\/li>\n<li><strong>Chipset:<\/strong> &#8211;<\/li>\n<li><strong>Ram Tipi:<\/strong> DDR5 4800MHz<\/li>\n<li><strong>Sabit Disk Kapasite:<\/strong> &#8211;<\/li>\n<li><strong>Y\u00fckl\u00fc \u0130\u015flemci Say\u0131s\u0131:<\/strong> Standart x1 ; Maksimum x2<\/li>\n<li><strong>Disk Standard\u0131:<\/strong> &#8211;<\/li>\n<li><strong>Raid Deste\u011fi:<\/strong> Var<\/li>\n<li><strong>Maksimum Ram Kapasitesi:<\/strong> &#8211;<\/li>\n<li><strong>Usb Port:<\/strong> &#8211;<\/li>\n<li><strong>\u0130\u015fletim Sistemi:<\/strong> Yok<\/li>\n<li><strong>Ram Frekans\u0131:<\/strong> 4800MHz<\/li>\n<li><strong>Boyutlar:<\/strong> <\/li>\n<li><strong>Uyumlu Aksesuarlar:<\/strong> &#8211;<\/li>\n<li><strong>Ram:<\/strong> 1x32GB<\/li>\n<li><strong>\u0130\u015flemci Ailesi:<\/strong> Intel\u00ae Xeon\u00ae Silver 4510 (12 core, 2.40 GHz, 30 MB L3, 150W)<\/li>\n<\/ul>\n","protected":false},"excerpt":{"rendered":"<p>\u00dcr\u00fcn \u00d6zellikleri: Ram Slot Say\u0131s\u0131: &#8211; Lan: &#8211; Kasa Tipi: Rack Optik S\u00fcr\u00fcc\u00fc: &#8211; Disk Ebad\u0131: 2.5 Sabit Disk T\u00fcr\u00fc: &#8211; Seri Port: &#8211; G\u00fc\u00e7 Kayna\u011f\u0131: 1100 Watt x1 Grafik: \u0130\u015flemci: Intel\u00ae Xeon\u00ae Silver 4510 (12 core, 2.40 GHz, 30 MB L3, 150W) Maksimum Disk Say\u0131s\u0131: &#8211; Chipset: &#8211; Ram Tipi: DDR5 4800MHz Sabit Disk [&hellip;]<\/p>\n","protected":false},"featured_media":12331,"comment_status":"open","ping_status":"closed","template":"","meta":{"content-type":""},"product_brand":[],"product_cat":[733],"product_tag":[],"class_list":{"0":"post-12330","1":"product","2":"type-product","3":"status-publish","4":"has-post-thumbnail","6":"product_cat-rackmount","8":"first","9":"instock","10":"shipping-taxable","11":"purchasable","12":"product-type-simple"},"_links":{"self":[{"href":"https:\/\/xcore.com.tr\/urunler\/wp-json\/wp\/v2\/product\/12330","targetHints":{"allow":["GET"]}}],"collection":[{"href":"https:\/\/xcore.com.tr\/urunler\/wp-json\/wp\/v2\/product"}],"about":[{"href":"https:\/\/xcore.com.tr\/urunler\/wp-json\/wp\/v2\/types\/product"}],"replies":[{"embeddable":true,"href":"https:\/\/xcore.com.tr\/urunler\/wp-json\/wp\/v2\/comments?post=12330"}],"wp:featuredmedia":[{"embeddable":true,"href":"https:\/\/xcore.com.tr\/urunler\/wp-json\/wp\/v2\/media\/12331"}],"wp:attachment":[{"href":"https:\/\/xcore.com.tr\/urunler\/wp-json\/wp\/v2\/media?parent=12330"}],"wp:term":[{"taxonomy":"product_brand","embeddable":true,"href":"https:\/\/xcore.com.tr\/urunler\/wp-json\/wp\/v2\/product_brand?post=12330"},{"taxonomy":"product_cat","embeddable":true,"href":"https:\/\/xcore.com.tr\/urunler\/wp-json\/wp\/v2\/product_cat?post=12330"},{"taxonomy":"product_tag","embeddable":true,"href":"https:\/\/xcore.com.tr\/urunler\/wp-json\/wp\/v2\/product_tag?post=12330"}],"curies":[{"name":"wp","href":"https:\/\/api.w.org\/{rel}","templated":true}]}}