{"id":12332,"date":"2026-04-21T17:55:45","date_gmt":"2026-04-21T14:55:45","guid":{"rendered":"https:\/\/xcore.com.tr\/urunler\/product\/lenovo-thinksystem-sr650-7d76100yea-v3-silver-4514y-16c-1x32gb-2-5-940-8i-4gb-1x1100w-3-yil-yerinde-garanti\/"},"modified":"2026-04-21T17:55:45","modified_gmt":"2026-04-21T14:55:45","slug":"lenovo-thinksystem-sr650-7d76100yea-v3-silver-4514y-16c-1x32gb-2-5-940-8i-4gb-1x1100w-3-yil-yerinde-garanti","status":"publish","type":"product","link":"https:\/\/xcore.com.tr\/urunler\/product\/lenovo-thinksystem-sr650-7d76100yea-v3-silver-4514y-16c-1x32gb-2-5-940-8i-4gb-1x1100w-3-yil-yerinde-garanti\/","title":{"rendered":"LENOVO THINKSYSTEM SR650 7D76100YEA V3 SILVER 4514Y 16C 1X32GB 2.5 940-8\u0130 4GB 1X1100W 3 YIL YER\u0130NDE GARANT\u0130"},"content":{"rendered":"<h4>\u00dcr\u00fcn \u00d6zellikleri:<\/h4>\n<ul>\n<li><strong>Optik S\u00fcr\u00fcc\u00fc:<\/strong> &#8211;<\/li>\n<li><strong>Disk Standard\u0131:<\/strong> &#8211;<\/li>\n<li><strong>Ram Tipi:<\/strong> DDR5 5600MHZ<\/li>\n<li><strong>\u0130\u015fletim Sistemi:<\/strong> Yok<\/li>\n<li><strong>\u0130\u015flemci Ailesi:<\/strong> Intel Xeon Silver 4514Y 2G,,30M Cache<\/li>\n<li><strong>Disk Ebad\u0131:<\/strong> 2.5<\/li>\n<li><strong>Ram:<\/strong> 1x32GB<\/li>\n<li><strong>Sabit Disk Kapasite:<\/strong> &#8211;<\/li>\n<li><strong>Y\u00fckl\u00fc \u0130\u015flemci Say\u0131s\u0131:<\/strong> Standart x1 ; Maksimum x2<\/li>\n<li><strong>G\u00fc\u00e7 Kayna\u011f\u0131:<\/strong> 1100 Watt x1<\/li>\n<li><strong>Seri Port:<\/strong> &#8211;<\/li>\n<li><strong>Uyumlu Aksesuarlar:<\/strong> &#8211;<\/li>\n<li><strong>Lan:<\/strong> &#8211;<\/li>\n<li><strong>Raid Deste\u011fi:<\/strong> RAID 0,1,5,10<\/li>\n<li><strong>\u0130\u015flemci:<\/strong> Intel Xeon Silver 4514Y 2G,,30M Cache<\/li>\n<li><strong>Sabit Disk T\u00fcr\u00fc:<\/strong> &#8211;<\/li>\n<li><strong>Ram Frekans\u0131:<\/strong> 5600 Mhz<\/li>\n<li><strong>A\u00e7\u0131klama:<\/strong> <\/li>\n<li><strong>Ram Slot Say\u0131s\u0131:<\/strong> 16<\/li>\n<li><strong>Kasa Tipi:<\/strong> Rack<\/li>\n<li><strong>Chipset:<\/strong> &#8211;<\/li>\n<li><strong>Maksimum Disk Say\u0131s\u0131:<\/strong> 8<\/li>\n<li><strong>Usb Port:<\/strong> &#8211;<\/li>\n<li><strong>Grafik:<\/strong> <\/li>\n<li><strong>Maksimum Ram Kapasitesi:<\/strong> 32 Gb<\/li>\n<li><strong>Boyutlar:<\/strong> <\/li>\n<\/ul>\n","protected":false},"excerpt":{"rendered":"<p>\u00dcr\u00fcn \u00d6zellikleri: Optik S\u00fcr\u00fcc\u00fc: &#8211; Disk Standard\u0131: &#8211; Ram Tipi: DDR5 5600MHZ \u0130\u015fletim Sistemi: Yok \u0130\u015flemci Ailesi: Intel Xeon Silver 4514Y 2G,,30M Cache Disk Ebad\u0131: 2.5 Ram: 1x32GB Sabit Disk Kapasite: &#8211; Y\u00fckl\u00fc \u0130\u015flemci Say\u0131s\u0131: Standart x1 ; Maksimum x2 G\u00fc\u00e7 Kayna\u011f\u0131: 1100 Watt x1 Seri Port: &#8211; Uyumlu Aksesuarlar: &#8211; Lan: &#8211; Raid Deste\u011fi: [&hellip;]<\/p>\n","protected":false},"featured_media":12333,"comment_status":"open","ping_status":"closed","template":"","meta":{"content-type":""},"product_brand":[],"product_cat":[733],"product_tag":[],"class_list":{"0":"post-12332","1":"product","2":"type-product","3":"status-publish","4":"has-post-thumbnail","6":"product_cat-rackmount","8":"first","9":"instock","10":"shipping-taxable","11":"purchasable","12":"product-type-simple"},"_links":{"self":[{"href":"https:\/\/xcore.com.tr\/urunler\/wp-json\/wp\/v2\/product\/12332","targetHints":{"allow":["GET"]}}],"collection":[{"href":"https:\/\/xcore.com.tr\/urunler\/wp-json\/wp\/v2\/product"}],"about":[{"href":"https:\/\/xcore.com.tr\/urunler\/wp-json\/wp\/v2\/types\/product"}],"replies":[{"embeddable":true,"href":"https:\/\/xcore.com.tr\/urunler\/wp-json\/wp\/v2\/comments?post=12332"}],"wp:featuredmedia":[{"embeddable":true,"href":"https:\/\/xcore.com.tr\/urunler\/wp-json\/wp\/v2\/media\/12333"}],"wp:attachment":[{"href":"https:\/\/xcore.com.tr\/urunler\/wp-json\/wp\/v2\/media?parent=12332"}],"wp:term":[{"taxonomy":"product_brand","embeddable":true,"href":"https:\/\/xcore.com.tr\/urunler\/wp-json\/wp\/v2\/product_brand?post=12332"},{"taxonomy":"product_cat","embeddable":true,"href":"https:\/\/xcore.com.tr\/urunler\/wp-json\/wp\/v2\/product_cat?post=12332"},{"taxonomy":"product_tag","embeddable":true,"href":"https:\/\/xcore.com.tr\/urunler\/wp-json\/wp\/v2\/product_tag?post=12332"}],"curies":[{"name":"wp","href":"https:\/\/api.w.org\/{rel}","templated":true}]}}