{"id":12334,"date":"2026-04-21T17:55:46","date_gmt":"2026-04-21T14:55:46","guid":{"rendered":"https:\/\/xcore.com.tr\/urunler\/product\/lenovo-thinksystem-sr250-7dcla00lea-v3-intel-xeon-e-2434-1x16gb-8x2-5-1x800w-3-yil-yerinde-garanti\/"},"modified":"2026-04-21T17:55:46","modified_gmt":"2026-04-21T14:55:46","slug":"lenovo-thinksystem-sr250-7dcla00lea-v3-intel-xeon-e-2434-1x16gb-8x2-5-1x800w-3-yil-yerinde-garanti","status":"publish","type":"product","link":"https:\/\/xcore.com.tr\/urunler\/product\/lenovo-thinksystem-sr250-7dcla00lea-v3-intel-xeon-e-2434-1x16gb-8x2-5-1x800w-3-yil-yerinde-garanti\/","title":{"rendered":"LENOVO THINKSYSTEM SR250 7DCLA00LEA V3 INTEL XEON E-2434 1X16GB 8X2.5 1X800W 3 YIL YER\u0130NDE GARANT\u0130"},"content":{"rendered":"<h4>\u00dcr\u00fcn \u00d6zellikleri:<\/h4>\n<ul>\n<li><strong>Kasa Tipi:<\/strong> Rack<\/li>\n<li><strong>Sabit Disk Kapasite:<\/strong> &#8211;<\/li>\n<li><strong>Uyumlu Aksesuarlar:<\/strong> &#8211;<\/li>\n<li><strong>Optik S\u00fcr\u00fcc\u00fc:<\/strong> &#8211;<\/li>\n<li><strong>A\u00e7\u0131klama-2:<\/strong> <\/li>\n<li><strong>\u0130\u015flemci Ailesi:<\/strong> Intel Xeon E-2434<\/li>\n<li><strong>G\u00fc\u00e7 Kayna\u011f\u0131:<\/strong> 800 Watt x 1<\/li>\n<li><strong>Ram Tipi:<\/strong> DDR5 4400MHZ UDIMM<\/li>\n<li><strong>Disk Standard\u0131:<\/strong> &#8211;<\/li>\n<li><strong>Ram Frekans\u0131:<\/strong> 4400 mhz<\/li>\n<li><strong>Lan:<\/strong> Broadcom 5720 Dual Port 1Gb On-Board LOM<\/li>\n<li><strong>Seri Port:<\/strong> &#8211;<\/li>\n<li><strong>Raid Deste\u011fi:<\/strong> Yaz\u0131l\u0131m RAIDi Intel\u00ae VROC 6.x<\/li>\n<li><strong>Y\u00fckl\u00fc \u0130\u015flemci Say\u0131s\u0131:<\/strong> Standart x1 ; Maksimum x1<\/li>\n<li><strong>\u0130\u015fletim Sistemi:<\/strong> Yok<\/li>\n<li><strong>Sabit Disk T\u00fcr\u00fc:<\/strong> &#8211;<\/li>\n<li><strong>Ram:<\/strong> 16GB<\/li>\n<li><strong>Disk Ebad\u0131:<\/strong> 2.5<\/li>\n<li><strong>Maksimum Ram Kapasitesi:<\/strong> 128GB<\/li>\n<li><strong>A\u00e7\u0131klama:<\/strong> <\/li>\n<li><strong>Usb Port:<\/strong> &#8211;<\/li>\n<li><strong>Chipset:<\/strong> &#8211;<\/li>\n<li><strong>Grafik:<\/strong> <\/li>\n<li><strong>Maksimum Disk Say\u0131s\u0131:<\/strong> 8<\/li>\n<li><strong>\u0130\u015flemci:<\/strong> Intel Xeon E-2434 3.4G, 4C\/8T, 8M Cache, Turbo, HT (55W) DDR5-4800<\/li>\n<li><strong>Ram Slot Say\u0131s\u0131:<\/strong> 4<\/li>\n<li><strong>Boyutlar:<\/strong> <\/li>\n<\/ul>\n","protected":false},"excerpt":{"rendered":"<p>\u00dcr\u00fcn \u00d6zellikleri: Kasa Tipi: Rack Sabit Disk Kapasite: &#8211; Uyumlu Aksesuarlar: &#8211; Optik S\u00fcr\u00fcc\u00fc: &#8211; A\u00e7\u0131klama-2: \u0130\u015flemci Ailesi: Intel Xeon E-2434 G\u00fc\u00e7 Kayna\u011f\u0131: 800 Watt x 1 Ram Tipi: DDR5 4400MHZ UDIMM Disk Standard\u0131: &#8211; Ram Frekans\u0131: 4400 mhz Lan: Broadcom 5720 Dual Port 1Gb On-Board LOM Seri Port: &#8211; Raid Deste\u011fi: Yaz\u0131l\u0131m RAIDi Intel\u00ae [&hellip;]<\/p>\n","protected":false},"featured_media":12335,"comment_status":"open","ping_status":"closed","template":"","meta":{"content-type":""},"product_brand":[],"product_cat":[733],"product_tag":[],"class_list":{"0":"post-12334","1":"product","2":"type-product","3":"status-publish","4":"has-post-thumbnail","6":"product_cat-rackmount","8":"first","9":"instock","10":"shipping-taxable","11":"purchasable","12":"product-type-simple"},"_links":{"self":[{"href":"https:\/\/xcore.com.tr\/urunler\/wp-json\/wp\/v2\/product\/12334","targetHints":{"allow":["GET"]}}],"collection":[{"href":"https:\/\/xcore.com.tr\/urunler\/wp-json\/wp\/v2\/product"}],"about":[{"href":"https:\/\/xcore.com.tr\/urunler\/wp-json\/wp\/v2\/types\/product"}],"replies":[{"embeddable":true,"href":"https:\/\/xcore.com.tr\/urunler\/wp-json\/wp\/v2\/comments?post=12334"}],"wp:featuredmedia":[{"embeddable":true,"href":"https:\/\/xcore.com.tr\/urunler\/wp-json\/wp\/v2\/media\/12335"}],"wp:attachment":[{"href":"https:\/\/xcore.com.tr\/urunler\/wp-json\/wp\/v2\/media?parent=12334"}],"wp:term":[{"taxonomy":"product_brand","embeddable":true,"href":"https:\/\/xcore.com.tr\/urunler\/wp-json\/wp\/v2\/product_brand?post=12334"},{"taxonomy":"product_cat","embeddable":true,"href":"https:\/\/xcore.com.tr\/urunler\/wp-json\/wp\/v2\/product_cat?post=12334"},{"taxonomy":"product_tag","embeddable":true,"href":"https:\/\/xcore.com.tr\/urunler\/wp-json\/wp\/v2\/product_tag?post=12334"}],"curies":[{"name":"wp","href":"https:\/\/api.w.org\/{rel}","templated":true}]}}