{"id":12336,"date":"2026-04-21T17:55:47","date_gmt":"2026-04-21T14:55:47","guid":{"rendered":"https:\/\/xcore.com.tr\/urunler\/product\/lenovo-thinksystem-sr650-7d761010ea-v3-1xintel-xeon-gold-6526y-16c-1x64gb-2-5-940-8i-4gb-1x1100w-3-yil-yerinde-garanti\/"},"modified":"2026-04-21T17:55:47","modified_gmt":"2026-04-21T14:55:47","slug":"lenovo-thinksystem-sr650-7d761010ea-v3-1xintel-xeon-gold-6526y-16c-1x64gb-2-5-940-8i-4gb-1x1100w-3-yil-yerinde-garanti","status":"publish","type":"product","link":"https:\/\/xcore.com.tr\/urunler\/product\/lenovo-thinksystem-sr650-7d761010ea-v3-1xintel-xeon-gold-6526y-16c-1x64gb-2-5-940-8i-4gb-1x1100w-3-yil-yerinde-garanti\/","title":{"rendered":"LENOVO THINKSYSTEM SR650 7D761010EA V3 1XINTEL XEON GOLD 6526Y 16C 1X64GB 2.5 940-8I 4GB 1X1100W 3 YIL YER\u0130NDE GARANT\u0130"},"content":{"rendered":"<h4>\u00dcr\u00fcn \u00d6zellikleri:<\/h4>\n<ul>\n<li><strong>Seri Port:<\/strong> &#8211;<\/li>\n<li><strong>Maksimum Disk Say\u0131s\u0131:<\/strong> 8<\/li>\n<li><strong>Ram Slot Say\u0131s\u0131:<\/strong> 16<\/li>\n<li><strong>Raid Deste\u011fi:<\/strong> 940-8i\u00a04GB<\/li>\n<li><strong>Grafik:<\/strong> <\/li>\n<li><strong>Usb Port:<\/strong> &#8211;<\/li>\n<li><strong>Uyumlu Aksesuarlar:<\/strong> &#8211;<\/li>\n<li><strong>Chipset:<\/strong> &#8211;<\/li>\n<li><strong>Sabit Disk Kapasite:<\/strong> &#8211;<\/li>\n<li><strong>Ram Tipi:<\/strong> DDR5 5600MHZ<\/li>\n<li><strong>Ram:<\/strong> 1x32GB<\/li>\n<li><strong>Lan:<\/strong> Yok<\/li>\n<li><strong>\u0130\u015fletim Sistemi:<\/strong> &#8211;<\/li>\n<li><strong>\u0130\u015flemci Ailesi:<\/strong> Intel Xeon Gold 6526Y<\/li>\n<li><strong>Boyutlar:<\/strong> <\/li>\n<li><strong>Disk Standard\u0131:<\/strong> &#8211;<\/li>\n<li><strong>Sabit Disk T\u00fcr\u00fc:<\/strong> &#8211;<\/li>\n<li><strong>Y\u00fckl\u00fc \u0130\u015flemci Say\u0131s\u0131:<\/strong> Standart x1 ; Maksimum x2<\/li>\n<li><strong>G\u00fc\u00e7 Kayna\u011f\u0131:<\/strong> 1100 Watt x1<\/li>\n<li><strong>Maksimum Ram Kapasitesi:<\/strong> &#8211;<\/li>\n<li><strong>Optik S\u00fcr\u00fcc\u00fc:<\/strong> &#8211;<\/li>\n<li><strong>Kasa Tipi:<\/strong> Rack<\/li>\n<li><strong>Ram Frekans\u0131:<\/strong> 5600 Mhz<\/li>\n<li><strong>Disk Ebad\u0131:<\/strong> 2.5<\/li>\n<\/ul>\n","protected":false},"excerpt":{"rendered":"<p>\u00dcr\u00fcn \u00d6zellikleri: Seri Port: &#8211; Maksimum Disk Say\u0131s\u0131: 8 Ram Slot Say\u0131s\u0131: 16 Raid Deste\u011fi: 940-8i\u00a04GB Grafik: Usb Port: &#8211; Uyumlu Aksesuarlar: &#8211; Chipset: &#8211; Sabit Disk Kapasite: &#8211; Ram Tipi: DDR5 5600MHZ Ram: 1x32GB Lan: Yok \u0130\u015fletim Sistemi: &#8211; \u0130\u015flemci Ailesi: Intel Xeon Gold 6526Y Boyutlar: Disk Standard\u0131: &#8211; Sabit Disk T\u00fcr\u00fc: &#8211; Y\u00fckl\u00fc [&hellip;]<\/p>\n","protected":false},"featured_media":12337,"comment_status":"open","ping_status":"closed","template":"","meta":{"content-type":""},"product_brand":[],"product_cat":[733],"product_tag":[],"class_list":{"0":"post-12336","1":"product","2":"type-product","3":"status-publish","4":"has-post-thumbnail","6":"product_cat-rackmount","8":"first","9":"instock","10":"shipping-taxable","11":"purchasable","12":"product-type-simple"},"_links":{"self":[{"href":"https:\/\/xcore.com.tr\/urunler\/wp-json\/wp\/v2\/product\/12336","targetHints":{"allow":["GET"]}}],"collection":[{"href":"https:\/\/xcore.com.tr\/urunler\/wp-json\/wp\/v2\/product"}],"about":[{"href":"https:\/\/xcore.com.tr\/urunler\/wp-json\/wp\/v2\/types\/product"}],"replies":[{"embeddable":true,"href":"https:\/\/xcore.com.tr\/urunler\/wp-json\/wp\/v2\/comments?post=12336"}],"wp:featuredmedia":[{"embeddable":true,"href":"https:\/\/xcore.com.tr\/urunler\/wp-json\/wp\/v2\/media\/12337"}],"wp:attachment":[{"href":"https:\/\/xcore.com.tr\/urunler\/wp-json\/wp\/v2\/media?parent=12336"}],"wp:term":[{"taxonomy":"product_brand","embeddable":true,"href":"https:\/\/xcore.com.tr\/urunler\/wp-json\/wp\/v2\/product_brand?post=12336"},{"taxonomy":"product_cat","embeddable":true,"href":"https:\/\/xcore.com.tr\/urunler\/wp-json\/wp\/v2\/product_cat?post=12336"},{"taxonomy":"product_tag","embeddable":true,"href":"https:\/\/xcore.com.tr\/urunler\/wp-json\/wp\/v2\/product_tag?post=12336"}],"curies":[{"name":"wp","href":"https:\/\/api.w.org\/{rel}","templated":true}]}}