{"id":12338,"date":"2026-04-21T17:55:48","date_gmt":"2026-04-21T14:55:48","guid":{"rendered":"https:\/\/xcore.com.tr\/urunler\/product\/dell-ws-precision-3680_i9-14900-8-32gb-1tb-ssd-20gb-rtx4000a-win11pro-outlet\/"},"modified":"2026-04-21T17:55:48","modified_gmt":"2026-04-21T14:55:48","slug":"dell-ws-precision-3680_i9-14900-8-32gb-1tb-ssd-20gb-rtx4000a-win11pro-outlet","status":"publish","type":"product","link":"https:\/\/xcore.com.tr\/urunler\/product\/dell-ws-precision-3680_i9-14900-8-32gb-1tb-ssd-20gb-rtx4000a-win11pro-outlet\/","title":{"rendered":"DELL WS PRECISION 3680_I9-14900-8 32GB 1TB SSD 20GB RTX4000A WIN11PRO (OUTLET)"},"content":{"rendered":"<h4>\u00dcr\u00fcn \u00d6zellikleri:<\/h4>\n<ul>\n<li><strong>Garanti:<\/strong> 3 Y\u0131l Dell Garanti<\/li>\n<li><strong>\u0130\u015flemci Tipi:<\/strong> Intel\u00ae Core\u2122 i9 14900<\/li>\n<li><strong>Bellek Kapasitesi:<\/strong> 32 GB<\/li>\n<li><strong>Giri\u015f \u00c7\u0131k\u0131\u015flar:<\/strong> 2 x DisplayPort 1.4&#xD;<br \/>\n4 x USB Type-C&#xD;<br \/>\n4 x USB 3.2&#xD;<br \/>\n2 x USB 2.0&#xD;<br \/>\n1 x RJ-45&#xD;<br \/>\n1 x Combo Audio Jack&#xD;<br \/>\n1 x Audio Jack&#xD;<br \/>\nGeni\u015fleme Yuvalar\u0131\t1 x PCI-e x16&#xD;<br \/>\n2 x PCI-e x4<\/li>\n<li><strong>\u0130\u015fletim Sistemi:<\/strong> Windows 11 Pro<\/li>\n<li><strong>Optik S\u00fcr\u00fcc\u00fc:<\/strong> 8x DVD+\/-RW 9.5mm<\/li>\n<li><strong>Sabit Disk:<\/strong> \t1TB SSD<\/li>\n<li><strong>Bellek:<\/strong> Bellek\t32GB&#xD;<br \/>\nBellek T\u00fcr\u00fc\tDDR5 \/non-ECC&#xD;<br \/>\nBellek H\u0131z\u0131\t4400 MHz&#xD;<br \/>\nBellek Yuva Bilgisi\t4 x Adet UDIMM (2 x 16GB)<\/li>\n<li><strong>Ekran Kart\u0131 Kapasitesi:<\/strong> 20 GB<\/li>\n<li><strong>\u0130\u015flemci \u00d6zelli\u011fi:<\/strong> Intel\u00ae Core\u2122 i9-14900 processor 2.00 GHz (36M Cache, up to 5.80 GHz 24 \u00c7ekirdekli)<\/li>\n<li><strong>Ekran Kart\u0131:<\/strong> \tNVIDIA\u00ae RTX 4000 Ada<\/li>\n<li><strong>Ekran Boyutu:<\/strong> &#8211;<\/li>\n<li><strong>Sabit Disk Kapasitesi:<\/strong> 1 TB<\/li>\n<\/ul>\n","protected":false},"excerpt":{"rendered":"<p>\u00dcr\u00fcn \u00d6zellikleri: Garanti: 3 Y\u0131l Dell Garanti \u0130\u015flemci Tipi: Intel\u00ae Core\u2122 i9 14900 Bellek Kapasitesi: 32 GB Giri\u015f \u00c7\u0131k\u0131\u015flar: 2 x DisplayPort 1.4&#xD; 4 x USB Type-C&#xD; 4 x USB 3.2&#xD; 2 x USB 2.0&#xD; 1 x RJ-45&#xD; 1 x Combo Audio Jack&#xD; 1 x Audio Jack&#xD; Geni\u015fleme Yuvalar\u0131 1 x PCI-e x16&#xD; 2 x [&hellip;]<\/p>\n","protected":false},"featured_media":12339,"comment_status":"open","ping_status":"closed","template":"","meta":{"content-type":""},"product_brand":[],"product_cat":[725],"product_tag":[],"class_list":{"0":"post-12338","1":"product","2":"type-product","3":"status-publish","4":"has-post-thumbnail","6":"product_cat-is-istasyonu-masaustu","8":"first","9":"outofstock","10":"shipping-taxable","11":"purchasable","12":"product-type-simple"},"_links":{"self":[{"href":"https:\/\/xcore.com.tr\/urunler\/wp-json\/wp\/v2\/product\/12338","targetHints":{"allow":["GET"]}}],"collection":[{"href":"https:\/\/xcore.com.tr\/urunler\/wp-json\/wp\/v2\/product"}],"about":[{"href":"https:\/\/xcore.com.tr\/urunler\/wp-json\/wp\/v2\/types\/product"}],"replies":[{"embeddable":true,"href":"https:\/\/xcore.com.tr\/urunler\/wp-json\/wp\/v2\/comments?post=12338"}],"wp:featuredmedia":[{"embeddable":true,"href":"https:\/\/xcore.com.tr\/urunler\/wp-json\/wp\/v2\/media\/12339"}],"wp:attachment":[{"href":"https:\/\/xcore.com.tr\/urunler\/wp-json\/wp\/v2\/media?parent=12338"}],"wp:term":[{"taxonomy":"product_brand","embeddable":true,"href":"https:\/\/xcore.com.tr\/urunler\/wp-json\/wp\/v2\/product_brand?post=12338"},{"taxonomy":"product_cat","embeddable":true,"href":"https:\/\/xcore.com.tr\/urunler\/wp-json\/wp\/v2\/product_cat?post=12338"},{"taxonomy":"product_tag","embeddable":true,"href":"https:\/\/xcore.com.tr\/urunler\/wp-json\/wp\/v2\/product_tag?post=12338"}],"curies":[{"name":"wp","href":"https:\/\/api.w.org\/{rel}","templated":true}]}}