{"id":12342,"date":"2026-04-21T17:55:50","date_gmt":"2026-04-21T14:55:50","guid":{"rendered":"https:\/\/xcore.com.tr\/urunler\/product\/hpe-dl380-gen11-4510-2x32gb-8sff-2x960gb-ssd-2-5-2x1000w-p71674-425-3yil-yerinde-garanti\/"},"modified":"2026-04-21T17:55:50","modified_gmt":"2026-04-21T14:55:50","slug":"hpe-dl380-gen11-4510-2x32gb-8sff-2x960gb-ssd-2-5-2x1000w-p71674-425-3yil-yerinde-garanti","status":"publish","type":"product","link":"https:\/\/xcore.com.tr\/urunler\/product\/hpe-dl380-gen11-4510-2x32gb-8sff-2x960gb-ssd-2-5-2x1000w-p71674-425-3yil-yerinde-garanti\/","title":{"rendered":"HPE DL380 GEN11 4510 2X32GB 8SFF 2X960GB SSD 2.5 2X1000W P71674-425 3YIL YER\u0130NDE GARANT\u0130"},"content":{"rendered":"<h4>\u00dcr\u00fcn \u00d6zellikleri:<\/h4>\n<ul>\n<li><strong>Chipset:<\/strong> &#8211;<\/li>\n<li><strong>Model Dosya:<\/strong> <\/li>\n<li><strong>Maksimum Disk Say\u0131s\u0131:<\/strong> 8<\/li>\n<li><strong>Disk Ebad\u0131:<\/strong> 2.5<\/li>\n<li><strong>Y\u00fckl\u00fc \u0130\u015flemci Say\u0131s\u0131:<\/strong> Standart x1 ; Maksimum x2<\/li>\n<li><strong>Kasa Tipi:<\/strong> Rack<\/li>\n<li><strong>Sabit Disk Kapasite:<\/strong> 2x960GB SSD<\/li>\n<li><strong>Uyumlu Aksesuarlar:<\/strong> &#8211;<\/li>\n<li><strong>Raid Deste\u011fi:<\/strong> RAID 0\/1\/10\/5\/50\/60<\/li>\n<li><strong>Ram Tipi:<\/strong> DIMM, DDR5 5600MHZ<\/li>\n<li><strong>Sabit Disk T\u00fcr\u00fc:<\/strong> SATA<\/li>\n<li><strong>Maksimum Ram Kapasitesi:<\/strong> 8TB<\/li>\n<li><strong>Model Link:<\/strong> <\/li>\n<li><strong>G\u00fc\u00e7 Kayna\u011f\u0131:<\/strong> 2&#215;1000 Watt<\/li>\n<li><strong>\u0130\u015flemci:<\/strong> Intel\u00ae Xeon\u00ae Silver 4510 (12 core, 2.40 GHz, 30 MB L3, 150W)<\/li>\n<li><strong>Ram Slot Say\u0131s\u0131:<\/strong> 16<\/li>\n<li><strong>Tag:<\/strong> <\/li>\n<li><strong>Lan:<\/strong> &#8211;<\/li>\n<li><strong>\u0130\u015flemci Ailesi:<\/strong> Intel\u00ae Xeon\u00ae Silver 4510 (12 core, 2.40 GHz, 30 MB L3, 150W)<\/li>\n<li><strong>\u0130\u015fletim Sistemi:<\/strong> Yok<\/li>\n<li><strong>Disk Standard\u0131:<\/strong> &#8211;<\/li>\n<li><strong>Seri Port:<\/strong> &#8211;<\/li>\n<li><strong>Ram:<\/strong> 64GB (2x32GB)<\/li>\n<li><strong>Usb Port:<\/strong> 3<\/li>\n<li><strong>Boyutlar:<\/strong> Y\u00fckseklik: 88 mm x Geni\u015flik: 448 mm x Derinlik: 727 mm<\/li>\n<li><strong>Ram Frekans\u0131:<\/strong> 5600 Mhz<\/li>\n<li><strong>Optik S\u00fcr\u00fcc\u00fc:<\/strong> Yok<\/li>\n<\/ul>\n","protected":false},"excerpt":{"rendered":"<p>\u00dcr\u00fcn \u00d6zellikleri: Chipset: &#8211; Model Dosya: Maksimum Disk Say\u0131s\u0131: 8 Disk Ebad\u0131: 2.5 Y\u00fckl\u00fc \u0130\u015flemci Say\u0131s\u0131: Standart x1 ; Maksimum x2 Kasa Tipi: Rack Sabit Disk Kapasite: 2x960GB SSD Uyumlu Aksesuarlar: &#8211; Raid Deste\u011fi: RAID 0\/1\/10\/5\/50\/60 Ram Tipi: DIMM, DDR5 5600MHZ Sabit Disk T\u00fcr\u00fc: SATA Maksimum Ram Kapasitesi: 8TB Model Link: G\u00fc\u00e7 Kayna\u011f\u0131: 2&#215;1000 Watt [&hellip;]<\/p>\n","protected":false},"featured_media":12343,"comment_status":"open","ping_status":"closed","template":"","meta":{"content-type":""},"product_brand":[],"product_cat":[733],"product_tag":[],"class_list":{"0":"post-12342","1":"product","2":"type-product","3":"status-publish","4":"has-post-thumbnail","6":"product_cat-rackmount","8":"first","9":"instock","10":"shipping-taxable","11":"purchasable","12":"product-type-simple"},"_links":{"self":[{"href":"https:\/\/xcore.com.tr\/urunler\/wp-json\/wp\/v2\/product\/12342","targetHints":{"allow":["GET"]}}],"collection":[{"href":"https:\/\/xcore.com.tr\/urunler\/wp-json\/wp\/v2\/product"}],"about":[{"href":"https:\/\/xcore.com.tr\/urunler\/wp-json\/wp\/v2\/types\/product"}],"replies":[{"embeddable":true,"href":"https:\/\/xcore.com.tr\/urunler\/wp-json\/wp\/v2\/comments?post=12342"}],"wp:featuredmedia":[{"embeddable":true,"href":"https:\/\/xcore.com.tr\/urunler\/wp-json\/wp\/v2\/media\/12343"}],"wp:attachment":[{"href":"https:\/\/xcore.com.tr\/urunler\/wp-json\/wp\/v2\/media?parent=12342"}],"wp:term":[{"taxonomy":"product_brand","embeddable":true,"href":"https:\/\/xcore.com.tr\/urunler\/wp-json\/wp\/v2\/product_brand?post=12342"},{"taxonomy":"product_cat","embeddable":true,"href":"https:\/\/xcore.com.tr\/urunler\/wp-json\/wp\/v2\/product_cat?post=12342"},{"taxonomy":"product_tag","embeddable":true,"href":"https:\/\/xcore.com.tr\/urunler\/wp-json\/wp\/v2\/product_tag?post=12342"}],"curies":[{"name":"wp","href":"https:\/\/api.w.org\/{rel}","templated":true}]}}