{"id":12344,"date":"2026-04-21T17:55:51","date_gmt":"2026-04-21T14:55:51","guid":{"rendered":"https:\/\/xcore.com.tr\/urunler\/product\/hpe-proliant-ml110-gen11-3508u-1x32gb-2x480gb-ssd-2-5-2x1000w-p81774-425-3-yil-yerinde-garanti\/"},"modified":"2026-04-21T17:55:51","modified_gmt":"2026-04-21T14:55:51","slug":"hpe-proliant-ml110-gen11-3508u-1x32gb-2x480gb-ssd-2-5-2x1000w-p81774-425-3-yil-yerinde-garanti","status":"publish","type":"product","link":"https:\/\/xcore.com.tr\/urunler\/product\/hpe-proliant-ml110-gen11-3508u-1x32gb-2x480gb-ssd-2-5-2x1000w-p81774-425-3-yil-yerinde-garanti\/","title":{"rendered":"HPE PROLIANT ML110 GEN11 3508U 1X32GB 2X480GB SSD 2.5 2X1000W P81774-425 3 YIL YER\u0130NDE GARANT\u0130"},"content":{"rendered":"<h4>\u00dcr\u00fcn \u00d6zellikleri:<\/h4>\n<ul>\n<li><strong>Ram Slot Say\u0131s\u0131:<\/strong> 16<\/li>\n<li><strong>Maksimum Ram Kapasitesi:<\/strong> &#8211;<\/li>\n<li><strong>Kasa Tipi:<\/strong> Tower<\/li>\n<li><strong>Ram Frekans\u0131:<\/strong> 5600 Mhz<\/li>\n<li><strong>G\u00fc\u00e7 Kayna\u011f\u0131:<\/strong> 2&#215;1000 Watt<\/li>\n<li><strong>Lan:<\/strong> Broadcom 5720 Dual Port 1Gb On-Board LOM<\/li>\n<li><strong>Chipset:<\/strong> &#8211;<\/li>\n<li><strong>Optik S\u00fcr\u00fcc\u00fc:<\/strong> &#8211;<\/li>\n<li><strong>Sabit Disk T\u00fcr\u00fc:<\/strong> SATA SSD<\/li>\n<li><strong>Usb Port:<\/strong> &#8211;<\/li>\n<li><strong>\u0130\u015flemci:<\/strong> Intel Xeon-B 3508U CPU for HPE<\/li>\n<li><strong>Disk Standard\u0131:<\/strong> &#8211;<\/li>\n<li><strong>Ram Tipi:<\/strong> DDR5 5600MHZ<\/li>\n<li><strong>Raid Deste\u011fi:<\/strong> Yaz\u0131l\u0131m RAIDi Intel\u00ae VROC 6.x<\/li>\n<li><strong>Disk Ebad\u0131:<\/strong> 2.5<\/li>\n<li><strong>Y\u00fckl\u00fc \u0130\u015flemci Say\u0131s\u0131:<\/strong> Standart x1 ; Maksimum x1<\/li>\n<li><strong>Uyumlu Aksesuarlar:<\/strong> &#8211;<\/li>\n<li><strong>\u0130\u015fletim Sistemi:<\/strong> Yok<\/li>\n<li><strong>Sabit Disk Kapasite:<\/strong> 2x480GB SSD SATA<\/li>\n<li><strong>Maksimum Disk Say\u0131s\u0131:<\/strong> 8<\/li>\n<li><strong>\u0130\u015flemci Ailesi:<\/strong> Intel Xeon-B 3508U CPU for HPE<\/li>\n<li><strong>Ram:<\/strong> 1x32GB<\/li>\n<li><strong>Seri Port:<\/strong> &#8211;<\/li>\n<\/ul>\n","protected":false},"excerpt":{"rendered":"<p>\u00dcr\u00fcn \u00d6zellikleri: Ram Slot Say\u0131s\u0131: 16 Maksimum Ram Kapasitesi: &#8211; Kasa Tipi: Tower Ram Frekans\u0131: 5600 Mhz G\u00fc\u00e7 Kayna\u011f\u0131: 2&#215;1000 Watt Lan: Broadcom 5720 Dual Port 1Gb On-Board LOM Chipset: &#8211; Optik S\u00fcr\u00fcc\u00fc: &#8211; Sabit Disk T\u00fcr\u00fc: SATA SSD Usb Port: &#8211; \u0130\u015flemci: Intel Xeon-B 3508U CPU for HPE Disk Standard\u0131: &#8211; Ram Tipi: DDR5 [&hellip;]<\/p>\n","protected":false},"featured_media":12345,"comment_status":"open","ping_status":"closed","template":"","meta":{"content-type":""},"product_brand":[],"product_cat":[734],"product_tag":[],"class_list":{"0":"post-12344","1":"product","2":"type-product","3":"status-publish","4":"has-post-thumbnail","6":"product_cat-tower","8":"first","9":"instock","10":"shipping-taxable","11":"purchasable","12":"product-type-simple"},"_links":{"self":[{"href":"https:\/\/xcore.com.tr\/urunler\/wp-json\/wp\/v2\/product\/12344","targetHints":{"allow":["GET"]}}],"collection":[{"href":"https:\/\/xcore.com.tr\/urunler\/wp-json\/wp\/v2\/product"}],"about":[{"href":"https:\/\/xcore.com.tr\/urunler\/wp-json\/wp\/v2\/types\/product"}],"replies":[{"embeddable":true,"href":"https:\/\/xcore.com.tr\/urunler\/wp-json\/wp\/v2\/comments?post=12344"}],"wp:featuredmedia":[{"embeddable":true,"href":"https:\/\/xcore.com.tr\/urunler\/wp-json\/wp\/v2\/media\/12345"}],"wp:attachment":[{"href":"https:\/\/xcore.com.tr\/urunler\/wp-json\/wp\/v2\/media?parent=12344"}],"wp:term":[{"taxonomy":"product_brand","embeddable":true,"href":"https:\/\/xcore.com.tr\/urunler\/wp-json\/wp\/v2\/product_brand?post=12344"},{"taxonomy":"product_cat","embeddable":true,"href":"https:\/\/xcore.com.tr\/urunler\/wp-json\/wp\/v2\/product_cat?post=12344"},{"taxonomy":"product_tag","embeddable":true,"href":"https:\/\/xcore.com.tr\/urunler\/wp-json\/wp\/v2\/product_tag?post=12344"}],"curies":[{"name":"wp","href":"https:\/\/api.w.org\/{rel}","templated":true}]}}