{"id":12346,"date":"2026-04-21T17:55:52","date_gmt":"2026-04-21T14:55:52","guid":{"rendered":"https:\/\/xcore.com.tr\/urunler\/product\/lenovo-thinkstation-p3-30gs003xtx-i7-13700-2x16gb-1x512gb-ssd-4x3-5-1x750w-12gb-rtxa2000-w11-3yil-yerinde-garanti\/"},"modified":"2026-04-21T17:55:52","modified_gmt":"2026-04-21T14:55:52","slug":"lenovo-thinkstation-p3-30gs003xtx-i7-13700-2x16gb-1x512gb-ssd-4x3-5-1x750w-12gb-rtxa2000-w11-3yil-yerinde-garanti","status":"publish","type":"product","link":"https:\/\/xcore.com.tr\/urunler\/product\/lenovo-thinkstation-p3-30gs003xtx-i7-13700-2x16gb-1x512gb-ssd-4x3-5-1x750w-12gb-rtxa2000-w11-3yil-yerinde-garanti\/","title":{"rendered":"LENOVO THINKSTATION P3 30GS003XTX I7 13700 2X16GB 1X512GB SSD 4X3.5 1X750W 12GB RTXA2000 W11 3YIL YER\u0130NDE GARANT\u0130"},"content":{"rendered":"<h4>\u00dcr\u00fcn \u00d6zellikleri:<\/h4>\n<ul>\n<li><strong>Sabit Disk T\u00fcr\u00fc:<\/strong> SATA<\/li>\n<li><strong>Raid Deste\u011fi:<\/strong> &#8211;<\/li>\n<li><strong>Ram Tipi:<\/strong> DDR5 4400MHZ UDIMM<\/li>\n<li><strong>\u0130\u015flemci Ailesi:<\/strong> Intel Core i7-13700<\/li>\n<li><strong>A\u00e7\u0131klama:<\/strong> \u00d6n Ba\u011flant\u0131 Noktalar\u0131&#xD;<br \/>\n&#xD;<br \/>\n1x USB-C\u00ae (USB 10Gbps \/ USB 3.2 Gen 2), yaln\u0131zca veri aktar\u0131m\u0131&#xD;<br \/>\n2x USB-A (USB 5Gbps \/ USB 3.2 Gen 1)&#xD;<br \/>\n2x USB-A (USB 10Gbps \/ USB 3.2 Gen 2)&#xD;<br \/>\n1x kulakl\u0131k \/ mikrofon birle\u015fik giri\u015fi (3,5 mm)&#xD;<br \/>\n1x mikrofon (3,5 mm)&#xD;<br \/>\n&#xD;<br \/>\nArka Ba\u011flant\u0131 Noktalar\u0131\t&#xD;<br \/>\n&#xD;<br \/>\n4x USB-A (USB 5Gbps \/ USB 3.2 Gen 1), biri Ak\u0131ll\u0131 G\u00fc\u00e7 A\u00e7may\u0131 destekler&#xD;<br \/>\n1x HDMI\u00ae 2.1 TMDS&#xD;<br \/>\n2x DisplayPort\u2122 1.4&#xD;<br \/>\n1x Ethernet (RJ-45)&#xD;<br \/>\n1x hat \u00e7\u0131k\u0131\u015f\u0131 (3,5 mm)<\/li>\n<li><strong>\u0130\u015flemci:<\/strong> INTEL CORE i7-13700 vPro<\/li>\n<li><strong>Chipset:<\/strong> &#8211;<\/li>\n<li><strong>Disk Ebad\u0131:<\/strong> 3.5<\/li>\n<li><strong>Ram:<\/strong> 16 gb<\/li>\n<li><strong>A\u00e7\u0131klama-2:<\/strong> Yerle\u015fik Ethernet&#xD;<br \/>\n&#xD;<br \/>\nIntel\u00ae I219-LM, 1x GbE RJ-45<\/li>\n<li><strong>Disk Standard\u0131:<\/strong> &#8211;<\/li>\n<li><strong>Grafik:<\/strong> 1x NVIDIA\u00ae RTX A2000 12GB<\/li>\n<li><strong>\u0130\u015fletim Sistemi:<\/strong> W11<\/li>\n<li><strong>Model Link:<\/strong> https:\/\/psref.lenovo.com\/Detail\/ThinkStation_P3_Tower?M=30GS003XTX<\/li>\n<li><strong>Maksimum Ram Kapasitesi:<\/strong> 128 Gb<\/li>\n<li><strong>Ram Frekans\u0131:<\/strong> 4400 mhz<\/li>\n<li><strong>Kasa Tipi:<\/strong> Tower<\/li>\n<li><strong>Optik S\u00fcr\u00fcc\u00fc:<\/strong> Yok<\/li>\n<li><strong>Ram Slot Say\u0131s\u0131:<\/strong> 2<\/li>\n<li><strong>G\u00fc\u00e7 Kayna\u011f\u0131:<\/strong> 750Watt x 1<\/li>\n<li><strong>Seri Port:<\/strong> &#8211;<\/li>\n<li><strong>Lan:<\/strong> &#8211;<\/li>\n<li><strong>Usb Port:<\/strong> 4<\/li>\n<li><strong>Maksimum Disk Say\u0131s\u0131:<\/strong> 4<\/li>\n<li><strong>Boyutlar:<\/strong> 180 x 370 x 415 mm (7,09 x 14,57 x 16,34 in\u00e7)<\/li>\n<li><strong>Y\u00fckl\u00fc \u0130\u015flemci Say\u0131s\u0131:<\/strong> &#8211;<\/li>\n<li><strong>Sabit Disk Kapasite:<\/strong> 1X500GB<\/li>\n<\/ul>\n","protected":false},"excerpt":{"rendered":"<p>\u00dcr\u00fcn \u00d6zellikleri: Sabit Disk T\u00fcr\u00fc: SATA Raid Deste\u011fi: &#8211; Ram Tipi: DDR5 4400MHZ UDIMM \u0130\u015flemci Ailesi: Intel Core i7-13700 A\u00e7\u0131klama: \u00d6n Ba\u011flant\u0131 Noktalar\u0131&#xD; &#xD; 1x USB-C\u00ae (USB 10Gbps \/ USB 3.2 Gen 2), yaln\u0131zca veri aktar\u0131m\u0131&#xD; 2x USB-A (USB 5Gbps \/ USB 3.2 Gen 1)&#xD; 2x USB-A (USB 10Gbps \/ USB 3.2 Gen 2)&#xD; 1x [&hellip;]<\/p>\n","protected":false},"featured_media":12347,"comment_status":"open","ping_status":"closed","template":"","meta":{"content-type":""},"product_brand":[],"product_cat":[725],"product_tag":[],"class_list":{"0":"post-12346","1":"product","2":"type-product","3":"status-publish","4":"has-post-thumbnail","6":"product_cat-is-istasyonu-masaustu","8":"first","9":"outofstock","10":"shipping-taxable","11":"purchasable","12":"product-type-simple"},"_links":{"self":[{"href":"https:\/\/xcore.com.tr\/urunler\/wp-json\/wp\/v2\/product\/12346","targetHints":{"allow":["GET"]}}],"collection":[{"href":"https:\/\/xcore.com.tr\/urunler\/wp-json\/wp\/v2\/product"}],"about":[{"href":"https:\/\/xcore.com.tr\/urunler\/wp-json\/wp\/v2\/types\/product"}],"replies":[{"embeddable":true,"href":"https:\/\/xcore.com.tr\/urunler\/wp-json\/wp\/v2\/comments?post=12346"}],"wp:featuredmedia":[{"embeddable":true,"href":"https:\/\/xcore.com.tr\/urunler\/wp-json\/wp\/v2\/media\/12347"}],"wp:attachment":[{"href":"https:\/\/xcore.com.tr\/urunler\/wp-json\/wp\/v2\/media?parent=12346"}],"wp:term":[{"taxonomy":"product_brand","embeddable":true,"href":"https:\/\/xcore.com.tr\/urunler\/wp-json\/wp\/v2\/product_brand?post=12346"},{"taxonomy":"product_cat","embeddable":true,"href":"https:\/\/xcore.com.tr\/urunler\/wp-json\/wp\/v2\/product_cat?post=12346"},{"taxonomy":"product_tag","embeddable":true,"href":"https:\/\/xcore.com.tr\/urunler\/wp-json\/wp\/v2\/product_tag?post=12346"}],"curies":[{"name":"wp","href":"https:\/\/api.w.org\/{rel}","templated":true}]}}