{"id":12348,"date":"2026-04-21T17:55:53","date_gmt":"2026-04-21T14:55:53","guid":{"rendered":"https:\/\/xcore.com.tr\/urunler\/product\/lenovo-thinksystem-st45-v3-7dh51005ea-1xamd-epyc-4124p-4c-1x16gb-3-5-sw-rd-1x500w-3-yil-garanti\/"},"modified":"2026-04-21T17:55:53","modified_gmt":"2026-04-21T14:55:53","slug":"lenovo-thinksystem-st45-v3-7dh51005ea-1xamd-epyc-4124p-4c-1x16gb-3-5-sw-rd-1x500w-3-yil-garanti","status":"publish","type":"product","link":"https:\/\/xcore.com.tr\/urunler\/product\/lenovo-thinksystem-st45-v3-7dh51005ea-1xamd-epyc-4124p-4c-1x16gb-3-5-sw-rd-1x500w-3-yil-garanti\/","title":{"rendered":"LENOVO THINKSYSTEM ST45 V3 7DH51005EA 1XAMD EPYC 4124P 4C 1X16GB 3.5 SW RD 1X500W 3 YIL GARANT\u0130"},"content":{"rendered":"<h4>\u00dcr\u00fcn \u00d6zellikleri:<\/h4>\n<ul>\n<li><strong>\u0130\u015flemci Ailesi:<\/strong> AMD EPYC 4124P 4C<\/li>\n<li><strong>Ram:<\/strong> 16GB<\/li>\n<li><strong>G\u00fc\u00e7 Kayna\u011f\u0131:<\/strong> 500 Watt x 1<\/li>\n<li><strong>Ram Tipi:<\/strong> DDR5 5600MHZ<\/li>\n<li><strong>Boyutlar:<\/strong> <\/li>\n<li><strong>\u0130\u015flemci:<\/strong> AMD EPYC 4124P 4C<\/li>\n<li><strong>Usb Port:<\/strong> &#8211;<\/li>\n<li><strong>Grafik:<\/strong> <\/li>\n<li><strong>\u0130\u015fletim Sistemi:<\/strong> Yok<\/li>\n<li><strong>Sabit Disk T\u00fcr\u00fc:<\/strong> &#8211;<\/li>\n<li><strong>Maksimum Disk Say\u0131s\u0131:<\/strong> 2<\/li>\n<li><strong>A\u00e7\u0131klama:<\/strong> <\/li>\n<li><strong>Lan:<\/strong> 1 x 1GbE<\/li>\n<li><strong>Disk Ebad\u0131:<\/strong> 3.5<\/li>\n<li><strong>Kasa Tipi:<\/strong> Tower<\/li>\n<li><strong>Y\u00fckl\u00fc \u0130\u015flemci Say\u0131s\u0131:<\/strong> Standart x1 ; Maksimum x1<\/li>\n<li><strong>Sabit Disk Kapasite:<\/strong> &#8211;<\/li>\n<li><strong>Maksimum Ram Kapasitesi:<\/strong> &#8211;<\/li>\n<li><strong>Ram Slot Say\u0131s\u0131:<\/strong> 2<\/li>\n<li><strong>Chipset:<\/strong> &#8211;<\/li>\n<li><strong>Seri Port:<\/strong> &#8211;<\/li>\n<li><strong>Ram Frekans\u0131:<\/strong> 5600 Mhz<\/li>\n<li><strong>Uyumlu Aksesuarlar:<\/strong> &#8211;<\/li>\n<li><strong>Raid Deste\u011fi:<\/strong> SW RAID<\/li>\n<li><strong>Optik S\u00fcr\u00fcc\u00fc:<\/strong> &#8211;<\/li>\n<li><strong>Disk Standard\u0131:<\/strong> &#8211;<\/li>\n<\/ul>\n","protected":false},"excerpt":{"rendered":"<p>\u00dcr\u00fcn \u00d6zellikleri: \u0130\u015flemci Ailesi: AMD EPYC 4124P 4C Ram: 16GB G\u00fc\u00e7 Kayna\u011f\u0131: 500 Watt x 1 Ram Tipi: DDR5 5600MHZ Boyutlar: \u0130\u015flemci: AMD EPYC 4124P 4C Usb Port: &#8211; Grafik: \u0130\u015fletim Sistemi: Yok Sabit Disk T\u00fcr\u00fc: &#8211; Maksimum Disk Say\u0131s\u0131: 2 A\u00e7\u0131klama: Lan: 1 x 1GbE Disk Ebad\u0131: 3.5 Kasa Tipi: Tower Y\u00fckl\u00fc \u0130\u015flemci Say\u0131s\u0131: [&hellip;]<\/p>\n","protected":false},"featured_media":12349,"comment_status":"open","ping_status":"closed","template":"","meta":{"content-type":""},"product_brand":[],"product_cat":[734],"product_tag":[],"class_list":{"0":"post-12348","1":"product","2":"type-product","3":"status-publish","4":"has-post-thumbnail","6":"product_cat-tower","8":"first","9":"instock","10":"shipping-taxable","11":"purchasable","12":"product-type-simple"},"_links":{"self":[{"href":"https:\/\/xcore.com.tr\/urunler\/wp-json\/wp\/v2\/product\/12348","targetHints":{"allow":["GET"]}}],"collection":[{"href":"https:\/\/xcore.com.tr\/urunler\/wp-json\/wp\/v2\/product"}],"about":[{"href":"https:\/\/xcore.com.tr\/urunler\/wp-json\/wp\/v2\/types\/product"}],"replies":[{"embeddable":true,"href":"https:\/\/xcore.com.tr\/urunler\/wp-json\/wp\/v2\/comments?post=12348"}],"wp:featuredmedia":[{"embeddable":true,"href":"https:\/\/xcore.com.tr\/urunler\/wp-json\/wp\/v2\/media\/12349"}],"wp:attachment":[{"href":"https:\/\/xcore.com.tr\/urunler\/wp-json\/wp\/v2\/media?parent=12348"}],"wp:term":[{"taxonomy":"product_brand","embeddable":true,"href":"https:\/\/xcore.com.tr\/urunler\/wp-json\/wp\/v2\/product_brand?post=12348"},{"taxonomy":"product_cat","embeddable":true,"href":"https:\/\/xcore.com.tr\/urunler\/wp-json\/wp\/v2\/product_cat?post=12348"},{"taxonomy":"product_tag","embeddable":true,"href":"https:\/\/xcore.com.tr\/urunler\/wp-json\/wp\/v2\/product_tag?post=12348"}],"curies":[{"name":"wp","href":"https:\/\/api.w.org\/{rel}","templated":true}]}}