{"id":12355,"date":"2026-04-21T17:55:55","date_gmt":"2026-04-21T14:55:55","guid":{"rendered":"https:\/\/xcore.com.tr\/urunler\/product\/dell-t160-3-5-disk-kizak-ot-rf1dv\/"},"modified":"2026-04-21T17:55:55","modified_gmt":"2026-04-21T14:55:55","slug":"dell-t160-3-5-disk-kizak-ot-rf1dv","status":"publish","type":"product","link":"https:\/\/xcore.com.tr\/urunler\/product\/dell-t160-3-5-disk-kizak-ot-rf1dv\/","title":{"rendered":"DELL T160 3.5&#8243; D\u0130SK KIZAK OT-RF1DV"},"content":{"rendered":"<h4>\u00dcr\u00fcn \u00d6zellikleri:<\/h4>\n<ul><\/ul>\n","protected":false},"excerpt":{"rendered":"<p>\u00dcr\u00fcn \u00d6zellikleri:<\/p>\n","protected":false},"featured_media":0,"comment_status":"open","ping_status":"closed","template":"","meta":{"content-type":""},"product_brand":[],"product_cat":[735],"product_tag":[],"class_list":{"0":"post-12355","1":"product","2":"type-product","3":"status-publish","5":"product_cat-diger-aksamlari","7":"first","8":"instock","9":"shipping-taxable","10":"purchasable","11":"product-type-simple"},"_links":{"self":[{"href":"https:\/\/xcore.com.tr\/urunler\/wp-json\/wp\/v2\/product\/12355","targetHints":{"allow":["GET"]}}],"collection":[{"href":"https:\/\/xcore.com.tr\/urunler\/wp-json\/wp\/v2\/product"}],"about":[{"href":"https:\/\/xcore.com.tr\/urunler\/wp-json\/wp\/v2\/types\/product"}],"replies":[{"embeddable":true,"href":"https:\/\/xcore.com.tr\/urunler\/wp-json\/wp\/v2\/comments?post=12355"}],"wp:attachment":[{"href":"https:\/\/xcore.com.tr\/urunler\/wp-json\/wp\/v2\/media?parent=12355"}],"wp:term":[{"taxonomy":"product_brand","embeddable":true,"href":"https:\/\/xcore.com.tr\/urunler\/wp-json\/wp\/v2\/product_brand?post=12355"},{"taxonomy":"product_cat","embeddable":true,"href":"https:\/\/xcore.com.tr\/urunler\/wp-json\/wp\/v2\/product_cat?post=12355"},{"taxonomy":"product_tag","embeddable":true,"href":"https:\/\/xcore.com.tr\/urunler\/wp-json\/wp\/v2\/product_tag?post=12355"}],"curies":[{"name":"wp","href":"https:\/\/api.w.org\/{rel}","templated":true}]}}